{"id":2178,"date":"2023-09-18T11:26:24","date_gmt":"2023-09-18T10:26:24","guid":{"rendered":"https:\/\/ride2discover.com\/?page_id=2178"},"modified":"2023-09-18T11:26:24","modified_gmt":"2023-09-18T10:26:24","slug":"motorreizen-india","status":"publish","type":"page","link":"https:\/\/ride2discover.com\/de\/motorreizen-india\/","title":{"rendered":"Motorradtouren Indien"},"content":{"rendered":"<div id=\"fws_69e782bc0dbf3\"  data-column-margin=\"default\" data-midnight=\"dark\"  class=\"wpb_row vc_row-fluid vc_row standard_section\"  style=\"padding-top: 0px; padding-bottom: 0px; \"><div class=\"row-bg-wrap\" data-bg-animation=\"none\" data-bg-overlay=\"false\"><div class=\"inner-wrap\"><div class=\"row-bg\"  style=\"\"><\/div><\/div><div class=\"row-bg-overlay\" ><\/div><\/div><div class=\"row_col_wrap_12 col span_12 dark left\">\n\t<div  class=\"vc_col-sm-12 wpb_column column_container vc_column_container col no-extra-padding inherit_tablet inherit_phone\"  data-t-w-inherits=\"default\" data-bg-cover=\"\" data-padding-pos=\"all\" data-has-bg-color=\"false\" data-bg-color=\"\" data-bg-opacity=\"1\" data-hover-bg=\"\" data-hover-bg-opacity=\"1\" data-animation=\"\" data-delay=\"0\" >\n\t\t<div class=\"vc_column-inner\" ><div class=\"column-bg-overlay-wrap\" data-bg-animation=\"none\"><div class=\"column-bg-overlay\"><\/div><\/div>\n\t\t\t<div class=\"wpb_wrapper\">\n\t\t\t\t<div class='nectar-post-grid-wrap' data-el-settings='{\"post_type\":\"post\",\"pagination\":\"none\",\"image_size\":\"large\",\"aspect_ratio_image_size\":\"\",\"display_categories\":\"0\",\"display_excerpt\":\"0\",\"display_date\":\"0\",\"color_overlay\":\"\",\"color_overlay_opacity\":\"0.3\",\"color_overlay_hover_opacity\":\"0.4\",\"card_bg_color\":\"\",\"grid_style\":\"content_overlaid\",\"post_title_overlay\":\"\",\"heading_tag\":\"default\"}' data-style='content_overlaid' data-query='{\"post_type\":\"post\",\"posts_per_page\":\"-1\",\"order\":\"DESC\",\"orderby\":\"date\",\"offset\":\"0\"}' data-load-more-color='black' data-load-more-text='Load More'><div class=\"nectar-post-grid-filters\" data-active-color=\"default\" data-animation=\"none\" data-sortable=\"\"><h4>Filter<\/h4><div><a href=\"#\" class=\"active all-filter\" data-total-count=\"0\" data-filter=\"-1\">Alle<\/a><\/div><\/div><div class=\"nectar-post-grid\" data-indicator=\"\" data-indicator-style=\"default\" data-indicator-color=\"#000\" data-indicator-text=\"View\" data-columns=\"4\" data-hover-effect=\"zoom\" data-text-style=\"default\" data-border-radius=\"none\" data-grid-item-height=\"30vh\" data-grid-spacing=\"none\" data-text-layout=\"all_top_left\" data-text-color=\"light\" data-text-hover-color=\"light\" data-shadow-hover=\"\" data-masonry=\"\" data-animation=\"none\" data-cat-click=\"default\"><\/div><\/div>\n\t\t\t<\/div> \n\t\t<\/div>\n\t<\/div> \n<\/div><\/div>\n\t\t<div id=\"fws_69e782bc0f78a\"  data-column-margin=\"default\" data-midnight=\"dark\"  class=\"wpb_row vc_row-fluid vc_row standard_section\"  style=\"padding-top: 0px; padding-bottom: 0px; \"><div class=\"row-bg-wrap\" data-bg-animation=\"none\" data-bg-overlay=\"false\"><div class=\"inner-wrap\"><div class=\"row-bg\"  style=\"\"><\/div><\/div><div class=\"row-bg-overlay\" ><\/div><\/div><div class=\"row_col_wrap_12 col span_12 dark left\">\n\t<div  class=\"vc_col-sm-12 wpb_column column_container vc_column_container col no-extra-padding inherit_tablet inherit_phone\"  data-t-w-inherits=\"default\" data-bg-cover=\"\" data-padding-pos=\"all\" data-has-bg-color=\"false\" data-bg-color=\"\" data-bg-opacity=\"1\" data-hover-bg=\"\" data-hover-bg-opacity=\"1\" data-animation=\"\" data-delay=\"0\" >\n\t\t<div class=\"vc_column-inner\" ><div class=\"column-bg-overlay-wrap\" data-bg-animation=\"none\"><div class=\"column-bg-overlay\"><\/div><\/div>\n\t\t\t<div class=\"wpb_wrapper\">\n\t\t\t\t\r\n<div class=\"wpb_text_column wpb_content_element\" >\r\n\t<div class=\"wpb_wrapper\">\r\n\t\t<h1 data-pm-slice=\"1 1 &#091;&#093;\">Unvergessliche Motorradtouren Indien!<\/h1>\n<p data-pm-slice=\"1 1 &#091;&#093;\"><img loading=\"lazy\" decoding=\"async\" class=\"alignright size-medium wp-image-768\" src=\"http:\/\/ride2discover.com\/wp-content\/uploads\/2020\/11\/20191114_121744-300x225.jpg\" alt=\"\" width=\"300\" height=\"225\" srcset=\"\/\/ride2discover.com\/wp-content\/uploads\/2020\/11\/20191114_121744-300x225.jpg 300w, \/\/ride2discover.com\/wp-content\/uploads\/2020\/11\/20191114_121744-1024x768.jpg 1024w, \/\/ride2discover.com\/wp-content\/uploads\/2020\/11\/20191114_121744-768x576.jpg 768w, \/\/ride2discover.com\/wp-content\/uploads\/2020\/11\/20191114_121744-1536x1152.jpg 1536w, \/\/ride2discover.com\/wp-content\/uploads\/2020\/11\/20191114_121744-2048x1536.jpg 2048w\" sizes=\"auto, (max-width: 300px) 100vw, 300px\" \/>Wir von Ride 2 Discover verf\u00fcgen \u00fcber einen gro\u00dfen Erfahrungsschatz auf dem Gebiet der <strong>Motorradtouren in Indien<\/strong>. Mit jahrelanger Erfahrung und Leidenschaft f\u00fcr Abenteuerreisen auf zwei R\u00e4dern sind wir die Autorit\u00e4t, wenn es darum geht, Indien mit dem Motorrad zu entdecken. Unsere engagierten Teammitglieder verf\u00fcgen \u00fcber ein umfangreiches Wissen \u00fcber die besten Routen, atemberaubende Reiseziele und die faszinierendsten kulturellen Sehensw\u00fcrdigkeiten, die Indien zu bieten hat. Wir haben unz\u00e4hligen Motorradfahrern geholfen, ihre Traumreise zu verwirklichen, und unsere zufriedenen Kunden sind der Beweis f\u00fcr unseren Erfolg. Kurzum, mit Ride 2 Discover genie\u00dfen Sie die perfekte Balance aus Abenteuer, Komfort und kultureller Bereicherung w\u00e4hrend der <em>Motorradtouren in Indien<\/em>. Lassen Sie sich von uns f\u00fchren, wenn Sie in die wundersch\u00f6nen Landschaften und die fesselnde Kultur dieses bezaubernden Landes eintauchen. Mit unserer jahrelangen Erfahrung und Leidenschaft f\u00fcr <em>Motorradtouren in Indien<\/em>versprechen wir Ihnen eine unvergessliche Reise, an die Sie sich immer erinnern werden.<\/p>\n<h3>Unsere Motorradtouren in Indien:<\/h3>\n\t<\/div>\r\n<\/div>\r\n\r\n\r\n\r\n\n\t\t\t<\/div> \n\t\t<\/div>\n\t<\/div> \n<\/div><\/div>\n\t\t<div id=\"fws_69e782bc0f98d\"  data-column-margin=\"default\" data-midnight=\"dark\"  class=\"wpb_row vc_row-fluid vc_row standard_section\"  style=\"padding-top: 0px; padding-bottom: 0px; \"><div class=\"row-bg-wrap\" data-bg-animation=\"none\" data-bg-overlay=\"false\"><div class=\"inner-wrap\"><div class=\"row-bg\"  style=\"\"><\/div><\/div><div class=\"row-bg-overlay\" ><\/div><\/div><div class=\"row_col_wrap_12 col span_12 dark left\">\n\t<div  class=\"vc_col-sm-12 wpb_column column_container vc_column_container col no-extra-padding inherit_tablet inherit_phone\"  data-t-w-inherits=\"default\" data-bg-cover=\"\" data-padding-pos=\"all\" data-has-bg-color=\"false\" data-bg-color=\"\" data-bg-opacity=\"1\" data-hover-bg=\"\" data-hover-bg-opacity=\"1\" data-animation=\"\" data-delay=\"0\" >\n\t\t<div class=\"vc_column-inner\" ><div class=\"column-bg-overlay-wrap\" data-bg-animation=\"none\"><div class=\"column-bg-overlay\"><\/div><\/div>\n\t\t\t<div class=\"wpb_wrapper\">\n\t\t\t\t\t\t\t\t\r\n\t\t\t\t\r\n\t\t\t\t\r\n\t\t\t\t<div class=\"portfolio-wrap\">\r\n\t\t\t\t\t\r\n\t\t\t\t\t\t\t\t\t\t\r\n\t\t\t\t\t<span class=\"portfolio-loading  spin\">   <\/span>\r\n\t\t\t\t\t\r\n\t\t\t\t\t\t\t\t\t\t\r\n\t\t\t\t\t<div class=\"row portfolio-items no-masonry\" data-rcp=\"false\" data-masonry-type=\"default\" data-ps=\"1\" data-starting-filter=\"\" data-gutter=\"default\" data-categories-to-show=\"india\" data-bypass-cropping=\"\" data-lightbox-only=\"0\" data-col-num=\"cols-3\">\r\n\t\t\t\t\t\t\t\t\t\t\t\t\r\n\t\t\t\t\t\t\t\t\t\t\t\t\r\n\t\t\t\t\t\t<div class=\"col span_4  element azie india\"  data-project-cat=\"azie india \" data-default-color=\"true\" data-title-color=\"\" data-subtitle-color=\"\">\r\n\t\t\t\t\t\t\t\r\n\t\t\t\t\t\t\t<div class=\"inner-wrap animated\" data-animation=\"none\">\r\n\t\t\t\t\t\t\t\t\r\n\t\t\t\t\t\t\t\t\t\t\t\t\t\t\t\t\t\r\n\t\t\t\t\t\t\t\t\t<div class=\"work-item style-1\" data-custom-content=\"off\">\r\n\t\t\t\t\t\t\t\t\t\t\r\n\t\t\t\t\t\t\t\t\t\t<img loading=\"lazy\" decoding=\"async\" class=\"size- skip-lazy\" src=\"https:\/\/ride2discover.com\/wp-content\/uploads\/2020\/11\/20201125_083804-600x403.jpg\" alt=\"\" height=\"403\" width=\"600\" srcset=\"https:\/\/ride2discover.com\/wp-content\/uploads\/2020\/11\/20201125_083804-900x604.jpg 900w, https:\/\/ride2discover.com\/wp-content\/uploads\/2020\/11\/20201125_083804-600x403.jpg 600w, https:\/\/ride2discover.com\/wp-content\/uploads\/2020\/11\/20201125_083804-400x269.jpg 400w\" sizes=\"auto, (min-width: 1000px) 33.3vw, (min-width: 690px) 50vw, 100vw\" \/>\t\t\t\t\t\t\t\t\t\t\r\n\t\t\t\t\t\t\t\t\t\t<div class=\"work-info-bg\"><\/div>\r\n\t\t\t\t\t\t\t\t\t\t<div class=\"work-info\"> \r\n\t\t\t\t\t\t\t\t\t\t\t\r\n\t\t\t\t\t\t\t\t\t\t\t\t\t\t\t\t\t\t\t\t\t\t\t\r\n\t\t\t\t\t\t\t\t\t\t\t\t<div class=\"vert-center\">\r\n\t\t\t\t\t\t\t\t\t\t\t\t\t<a href=\"https:\/\/ride2discover.com\/wp-content\/uploads\/2020\/11\/20201125_083804.jpg\" class=\"pretty_photo default-link\">Gr\u00f6\u00dfere Ansicht<\/a> <a class=\"default-link\" href=\"https:\/\/ride2discover.com\/de\/portfolio\/motorreis-india-nagaland-oude-stammen-16-dagen\/\">Mehr Details<\/a>\t\t\t\t\t\t\t\t\t\t\t\t\t\r\n\t\t\t\t\t\t\t\t\t\t\t\t<\/div><!--\/vert-center-->\r\n\t\t\t\t\t\t\t\t\t\t\t<\/div>\r\n\t\t\t\t\t\t\t\t\t\t<\/div><!--\/work-item-->\r\n\t\t\t\t\t\t\t\t\t\t\r\n\t\t\t\t\t\t\t\t\t\t<div class=\"work-meta\">\r\n\t\t\t\t\t\t\t\t\t\t\t<h4 class=\"title\">Motorradreise Indien - Nagaland Uralte St\u00e4mme 16 Tage<\/h4>\r\n\t\t\t\t\t\t\t\t\t\t\t\r\n\t\t\t\t\t\t\t\t\t\t\t\t\t\t\t\t\t\t\t\t\t\t\r\n\t\t\t\t\t\t\t\t\t\t<\/div>\r\n\t\t\t\t\t\t\t\t\t\t<div class=\"nectar-love-wrap\">\r\n\t\t\t\t\t\t\t\t\t\t\t<a href=\"#\" class=\"nectar-love\" id=\"nectar-love-1341\" title=\"Ich liebe das\"> <i class=\"icon-salient-heart-2\"><\/i><span class=\"love-text\">Liebe<\/span><span class=\"total_loves\"><span class=\"nectar-love-count\">0<\/span><\/span><\/a>\t\t\t\t\t\t\t\t\t\t<\/div><!--\/nectar-love-wrap-->\t\r\n\t\t\t\t\t\t\t\t\t\t\r\n\t\t\t\t\t\t\t\t\t\t\t\t\t\t\t\t\t\r\n\t\t\t\t\t\t\t\t\r\n\t\t\t\t\t\t\t<\/div><!--\/inner-wrap-->\r\n\t\t\t\t\t\t<\/div><!--\/col-->\r\n\t\t\t\t\t\t\r\n\t\t\t\t\t\t\t\t\t\t\r\n\t\t\t\t<\/div><!--\/portfolio-->\r\n\t\t\t<\/div><!--\/portfolio wrap-->\r\n\t\t\t\r\n\t\t\t\n\t\t\t<\/div> \n\t\t<\/div>\n\t<\/div> \n<\/div><\/div>\n\t\t<div id=\"fws_69e782bc1a293\"  data-column-margin=\"default\" data-midnight=\"dark\"  class=\"wpb_row vc_row-fluid vc_row standard_section\"  style=\"padding-top: 0px; padding-bottom: 0px; \"><div class=\"row-bg-wrap\" data-bg-animation=\"none\" data-bg-overlay=\"false\"><div class=\"inner-wrap\"><div class=\"row-bg\"  style=\"\"><\/div><\/div><div class=\"row-bg-overlay\" ><\/div><\/div><div class=\"row_col_wrap_12 col span_12 dark left\">\n\t<div  class=\"vc_col-sm-12 wpb_column column_container vc_column_container col no-extra-padding inherit_tablet inherit_phone\"  data-t-w-inherits=\"default\" data-bg-cover=\"\" data-padding-pos=\"all\" data-has-bg-color=\"false\" data-bg-color=\"\" data-bg-opacity=\"1\" data-hover-bg=\"\" data-hover-bg-opacity=\"1\" data-animation=\"\" data-delay=\"0\" >\n\t\t<div class=\"vc_column-inner\" ><div class=\"column-bg-overlay-wrap\" data-bg-animation=\"none\"><div class=\"column-bg-overlay\"><\/div><\/div>\n\t\t\t<div class=\"wpb_wrapper\">\n\t\t\t\t\r\n<div class=\"wpb_text_column wpb_content_element\" >\r\n\t<div class=\"wpb_wrapper\">\r\n\t\t<h2 data-pm-slice=\"1 1 &#091;&#093;\">Jahrelange Erfahrung mit Motorradtouren in Indien:<\/h2>\n<p>Dank unserer langj\u00e4hrigen Erfahrung haben wir ein umfangreiches Netzwerk von vertrauensw\u00fcrdigen Partnern aufgebaut, darunter lokale Reiseleiter, Unterkunftsanbieter und Hilfsdienste, um sicherzustellen, dass Ihre Motorradreise in Indien reibungslos und problemlos verl\u00e4uft. Wir wissen, dass jeder Motorradfahrer individuelle Bed\u00fcrfnisse und Erwartungen hat, und wir passen unsere Reisen an diese speziellen Anforderungen an. Mit Ride 2 Discover k\u00f6nnen Sie sich getrost auf den Weg machen, denn Sie wissen, dass Sie mit einem Expertenteam unterwegs sind, das bereit ist, Ihre Traumreise Wirklichkeit werden zu lassen. Einer der gr\u00f6\u00dften Vorteile unserer <strong>Motorradtouren in Indien<\/strong> ist das tiefe Eintauchen in die Kultur, die Sie erleben werden. Wir ermutigen unsere Reisenden, mit den Einheimischen in Kontakt zu treten, ihre Traditionen kennenzulernen und die authentische K\u00fcche zu probieren. Unsere Reisen bieten nicht nur Abenteuer auf dem Motorrad, sondern auch eine Reise durch Indiens reiche Geschichte und Vielfalt.<\/p>\n<h2>Erleben Sie Motorradreisen Indien mit uns:<\/h2>\n<p>Steigen Sie auf und erleben Sie mit uns eine unvergessliche Motorradtour in Indien. Egal, ob Sie abenteuerlustig sind, nach kulturellen Entdeckungen suchen oder einfach nur den Nervenkitzel einer Fahrt \u00fcber malerische Stra\u00dfen genie\u00dfen m\u00f6chten, unsere Motorradtouren in Indien bieten f\u00fcr jeden etwas. Entdecken Sie die Wunder dieses vielf\u00e4ltigen Landes, w\u00e4hrend Sie durch weite Landschaften fahren, die von den majest\u00e4tischen Ausl\u00e4ufern des Himalaya bis zu den \u00fcppig gr\u00fcnen Teeplantagen des S\u00fcdens reichen. Mit Ride 2 Discover k\u00f6nnen Sie Ihre Motorradreise ganz nach Ihren W\u00fcnschen und Interessen gestalten. Ob Sie einen Kurztrip zur Erkundung einer bestimmten Region oder eine ausgedehnte Expedition durch das ganze Land w\u00fcnschen, wir haben verschiedene Reisepakete, die Ihren Bed\u00fcrfnissen entsprechen.<\/p>\n\t<\/div>\r\n<\/div>\r\n\r\n\r\n\r\n\n\t\t\t<\/div> \n\t\t<\/div>\n\t<\/div> \n<\/div><\/div>","protected":false},"excerpt":{"rendered":"","protected":false},"author":8,"featured_media":0,"parent":0,"menu_order":0,"comment_status":"closed","ping_status":"closed","template":"","meta":{"footnotes":""},"class_list":["post-2178","page","type-page","status-publish"],"yoast_head":"<!-- This site is optimized with the Yoast SEO plugin v27.4 - https:\/\/yoast.com\/product\/yoast-seo-wordpress\/ -->\n<title>Motorreizen India | Motorvakanties India | Ride2Discover<\/title>\n<meta name=\"description\" content=\"Motorreizen India boeken? Plan uw motorvakanties India bij Ride 2 Discover. Onvergetelijke en unieke motorreizen. Volledig ontzorgd.\" \/>\n<meta name=\"robots\" content=\"index, follow, max-snippet:-1, max-image-preview:large, max-video-preview:-1\" \/>\n<link rel=\"canonical\" href=\"https:\/\/ride2discover.com\/de\/motorreizen-india\/\" \/>\n<meta property=\"og:locale\" content=\"de_DE\" \/>\n<meta property=\"og:type\" content=\"article\" \/>\n<meta property=\"og:title\" content=\"Motorreizen India | Motorvakanties India | Ride2Discover\" \/>\n<meta property=\"og:description\" content=\"Motorreizen India boeken? Plan uw motorvakanties India bij Ride 2 Discover. Onvergetelijke en unieke motorreizen. Volledig ontzorgd.\" \/>\n<meta property=\"og:url\" content=\"https:\/\/ride2discover.com\/de\/motorreizen-india\/\" \/>\n<meta property=\"og:site_name\" content=\"Ride 2 Discover\" \/>\n<meta property=\"og:image\" content=\"http:\/\/ride2discover.com\/wp-content\/uploads\/2020\/11\/20191114_121744-300x225.jpg\" \/>\n<meta name=\"twitter:card\" content=\"summary_large_image\" \/>\n<meta name=\"twitter:label1\" content=\"Gesch\u00e4tzte Lesezeit\" \/>\n\t<meta name=\"twitter:data1\" content=\"4 minutes\" \/>\n<script type=\"application\/ld+json\" class=\"yoast-schema-graph\">{\"@context\":\"https:\\\/\\\/schema.org\",\"@graph\":[{\"@type\":\"WebPage\",\"@id\":\"https:\\\/\\\/ride2discover.com\\\/motorreizen-india\\\/\",\"url\":\"https:\\\/\\\/ride2discover.com\\\/motorreizen-india\\\/\",\"name\":\"Motorreizen India | Motorvakanties India | Ride2Discover\",\"isPartOf\":{\"@id\":\"https:\\\/\\\/ride2discover.com\\\/#website\"},\"primaryImageOfPage\":{\"@id\":\"https:\\\/\\\/ride2discover.com\\\/motorreizen-india\\\/#primaryimage\"},\"image\":{\"@id\":\"https:\\\/\\\/ride2discover.com\\\/motorreizen-india\\\/#primaryimage\"},\"thumbnailUrl\":\"http:\\\/\\\/ride2discover.com\\\/wp-content\\\/uploads\\\/2020\\\/11\\\/20191114_121744-300x225.jpg\",\"datePublished\":\"2023-09-18T10:26:24+00:00\",\"description\":\"Motorreizen India boeken? Plan uw motorvakanties India bij Ride 2 Discover. Onvergetelijke en unieke motorreizen. Volledig ontzorgd.\",\"breadcrumb\":{\"@id\":\"https:\\\/\\\/ride2discover.com\\\/motorreizen-india\\\/#breadcrumb\"},\"inLanguage\":\"de-DE\",\"potentialAction\":[{\"@type\":\"ReadAction\",\"target\":[\"https:\\\/\\\/ride2discover.com\\\/motorreizen-india\\\/\"]}]},{\"@type\":\"ImageObject\",\"inLanguage\":\"de-DE\",\"@id\":\"https:\\\/\\\/ride2discover.com\\\/motorreizen-india\\\/#primaryimage\",\"url\":\"http:\\\/\\\/ride2discover.com\\\/wp-content\\\/uploads\\\/2020\\\/11\\\/20191114_121744-300x225.jpg\",\"contentUrl\":\"http:\\\/\\\/ride2discover.com\\\/wp-content\\\/uploads\\\/2020\\\/11\\\/20191114_121744-300x225.jpg\"},{\"@type\":\"BreadcrumbList\",\"@id\":\"https:\\\/\\\/ride2discover.com\\\/motorreizen-india\\\/#breadcrumb\",\"itemListElement\":[{\"@type\":\"ListItem\",\"position\":1,\"name\":\"Home\",\"item\":\"https:\\\/\\\/ride2discover.com\\\/\"},{\"@type\":\"ListItem\",\"position\":2,\"name\":\"Motorreizen India\"}]},{\"@type\":\"WebSite\",\"@id\":\"https:\\\/\\\/ride2discover.com\\\/#website\",\"url\":\"https:\\\/\\\/ride2discover.com\\\/\",\"name\":\"Ride 2 Discover\",\"description\":\"\",\"potentialAction\":[{\"@type\":\"SearchAction\",\"target\":{\"@type\":\"EntryPoint\",\"urlTemplate\":\"https:\\\/\\\/ride2discover.com\\\/?s={search_term_string}\"},\"query-input\":{\"@type\":\"PropertyValueSpecification\",\"valueRequired\":true,\"valueName\":\"search_term_string\"}}],\"inLanguage\":\"de-DE\"}]}<\/script>\n<!-- \/ Yoast SEO plugin. -->","yoast_head_json":{"title":"Motorreizen India | Motorvakanties India | Ride2Discover","description":"Motorreizen India boeken? Plan uw motorvakanties India bij Ride 2 Discover. Onvergetelijke en unieke motorreizen. Volledig ontzorgd.","robots":{"index":"index","follow":"follow","max-snippet":"max-snippet:-1","max-image-preview":"max-image-preview:large","max-video-preview":"max-video-preview:-1"},"canonical":"https:\/\/ride2discover.com\/de\/motorreizen-india\/","og_locale":"de_DE","og_type":"article","og_title":"Motorreizen India | Motorvakanties India | Ride2Discover","og_description":"Motorreizen India boeken? Plan uw motorvakanties India bij Ride 2 Discover. Onvergetelijke en unieke motorreizen. Volledig ontzorgd.","og_url":"https:\/\/ride2discover.com\/de\/motorreizen-india\/","og_site_name":"Ride 2 Discover","og_image":[{"url":"http:\/\/ride2discover.com\/wp-content\/uploads\/2020\/11\/20191114_121744-300x225.jpg","type":"","width":"","height":""}],"twitter_card":"summary_large_image","twitter_misc":{"Gesch\u00e4tzte Lesezeit":"4 minutes"},"schema":{"@context":"https:\/\/schema.org","@graph":[{"@type":"WebPage","@id":"https:\/\/ride2discover.com\/motorreizen-india\/","url":"https:\/\/ride2discover.com\/motorreizen-india\/","name":"Motorreizen India | Motorvakanties India | Ride2Discover","isPartOf":{"@id":"https:\/\/ride2discover.com\/#website"},"primaryImageOfPage":{"@id":"https:\/\/ride2discover.com\/motorreizen-india\/#primaryimage"},"image":{"@id":"https:\/\/ride2discover.com\/motorreizen-india\/#primaryimage"},"thumbnailUrl":"http:\/\/ride2discover.com\/wp-content\/uploads\/2020\/11\/20191114_121744-300x225.jpg","datePublished":"2023-09-18T10:26:24+00:00","description":"Motorreizen India boeken? Plan uw motorvakanties India bij Ride 2 Discover. Onvergetelijke en unieke motorreizen. Volledig ontzorgd.","breadcrumb":{"@id":"https:\/\/ride2discover.com\/motorreizen-india\/#breadcrumb"},"inLanguage":"de-DE","potentialAction":[{"@type":"ReadAction","target":["https:\/\/ride2discover.com\/motorreizen-india\/"]}]},{"@type":"ImageObject","inLanguage":"de-DE","@id":"https:\/\/ride2discover.com\/motorreizen-india\/#primaryimage","url":"http:\/\/ride2discover.com\/wp-content\/uploads\/2020\/11\/20191114_121744-300x225.jpg","contentUrl":"http:\/\/ride2discover.com\/wp-content\/uploads\/2020\/11\/20191114_121744-300x225.jpg"},{"@type":"BreadcrumbList","@id":"https:\/\/ride2discover.com\/motorreizen-india\/#breadcrumb","itemListElement":[{"@type":"ListItem","position":1,"name":"Home","item":"https:\/\/ride2discover.com\/"},{"@type":"ListItem","position":2,"name":"Motorreizen India"}]},{"@type":"WebSite","@id":"https:\/\/ride2discover.com\/#website","url":"https:\/\/ride2discover.com\/","name":"Ride 2 Entdecken","description":"","potentialAction":[{"@type":"SearchAction","target":{"@type":"EntryPoint","urlTemplate":"https:\/\/ride2discover.com\/?s={search_term_string}"},"query-input":{"@type":"PropertyValueSpecification","valueRequired":true,"valueName":"search_term_string"}}],"inLanguage":"de-DE"}]}},"_links":{"self":[{"href":"https:\/\/ride2discover.com\/de\/wp-json\/wp\/v2\/pages\/2178","targetHints":{"allow":["GET"]}}],"collection":[{"href":"https:\/\/ride2discover.com\/de\/wp-json\/wp\/v2\/pages"}],"about":[{"href":"https:\/\/ride2discover.com\/de\/wp-json\/wp\/v2\/types\/page"}],"author":[{"embeddable":true,"href":"https:\/\/ride2discover.com\/de\/wp-json\/wp\/v2\/users\/8"}],"replies":[{"embeddable":true,"href":"https:\/\/ride2discover.com\/de\/wp-json\/wp\/v2\/comments?post=2178"}],"version-history":[{"count":0,"href":"https:\/\/ride2discover.com\/de\/wp-json\/wp\/v2\/pages\/2178\/revisions"}],"wp:attachment":[{"href":"https:\/\/ride2discover.com\/de\/wp-json\/wp\/v2\/media?parent=2178"}],"curies":[{"name":"wp","href":"https:\/\/api.w.org\/{rel}","templated":true}]}}