{"id":2049,"date":"2023-03-01T09:17:37","date_gmt":"2023-03-01T08:17:37","guid":{"rendered":"https:\/\/ride2discover.com\/?page_id=2049"},"modified":"2023-08-01T13:42:26","modified_gmt":"2023-08-01T12:42:26","slug":"motorreis-sri-lanka","status":"publish","type":"page","link":"https:\/\/ride2discover.com\/de\/motorreis-sri-lanka\/","title":{"rendered":"Motorradtour Sri Lanka"},"content":{"rendered":"<div id=\"fws_69ebcdc26f58b\"  data-column-margin=\"default\" data-midnight=\"dark\"  class=\"wpb_row vc_row-fluid vc_row standard_section\"  style=\"padding-top: 0px; padding-bottom: 0px; \"><div class=\"row-bg-wrap\" data-bg-animation=\"none\" data-bg-overlay=\"false\"><div class=\"inner-wrap\"><div class=\"row-bg\"  style=\"\"><\/div><\/div><div class=\"row-bg-overlay\" ><\/div><\/div><div class=\"row_col_wrap_12 col span_12 dark left\">\n\t<div  class=\"vc_col-sm-12 wpb_column column_container vc_column_container col no-extra-padding inherit_tablet inherit_phone\"  data-t-w-inherits=\"default\" data-bg-cover=\"\" data-padding-pos=\"all\" data-has-bg-color=\"false\" data-bg-color=\"\" data-bg-opacity=\"1\" data-hover-bg=\"\" data-hover-bg-opacity=\"1\" data-animation=\"\" data-delay=\"0\" >\n\t\t<div class=\"vc_column-inner\" ><div class=\"column-bg-overlay-wrap\" data-bg-animation=\"none\"><div class=\"column-bg-overlay\"><\/div><\/div>\n\t\t\t<div class=\"wpb_wrapper\">\n\t\t\t\t<div class='nectar-post-grid-wrap' data-el-settings='{\"post_type\":\"post\",\"pagination\":\"none\",\"image_size\":\"large\",\"aspect_ratio_image_size\":\"\",\"display_categories\":\"0\",\"display_excerpt\":\"0\",\"display_date\":\"0\",\"color_overlay\":\"\",\"color_overlay_opacity\":\"0.3\",\"color_overlay_hover_opacity\":\"0.4\",\"card_bg_color\":\"\",\"grid_style\":\"content_overlaid\",\"post_title_overlay\":\"\",\"heading_tag\":\"default\"}' data-style='content_overlaid' data-query='{\"post_type\":\"post\",\"posts_per_page\":\"-1\",\"order\":\"DESC\",\"orderby\":\"date\",\"offset\":\"0\"}' data-load-more-color='black' data-load-more-text='Load More'><div class=\"nectar-post-grid-filters\" data-active-color=\"default\" data-animation=\"none\" data-sortable=\"\"><h4>Filter<\/h4><div><a href=\"#\" class=\"active all-filter\" data-total-count=\"0\" data-filter=\"-1\">Alle<\/a><\/div><\/div><div class=\"nectar-post-grid\" data-indicator=\"\" data-indicator-style=\"default\" data-indicator-color=\"#000\" data-indicator-text=\"View\" data-columns=\"4\" data-hover-effect=\"zoom\" data-text-style=\"default\" data-border-radius=\"none\" data-grid-item-height=\"30vh\" data-grid-spacing=\"none\" data-text-layout=\"all_top_left\" data-text-color=\"light\" data-text-hover-color=\"light\" data-shadow-hover=\"\" data-masonry=\"\" data-animation=\"none\" data-cat-click=\"default\"><\/div><\/div>\n\t\t\t<\/div> \n\t\t<\/div>\n\t<\/div> \n<\/div><\/div>\n\t\t<div id=\"fws_69ebcdc271717\"  data-column-margin=\"default\" data-midnight=\"dark\"  class=\"wpb_row vc_row-fluid vc_row standard_section\"  style=\"padding-top: 0px; padding-bottom: 0px; \"><div class=\"row-bg-wrap\" data-bg-animation=\"none\" data-bg-overlay=\"false\"><div class=\"inner-wrap\"><div class=\"row-bg\"  style=\"\"><\/div><\/div><div class=\"row-bg-overlay\" ><\/div><\/div><div class=\"row_col_wrap_12 col span_12 dark left\">\n\t<div  class=\"vc_col-sm-12 wpb_column column_container vc_column_container col no-extra-padding inherit_tablet inherit_phone\"  data-t-w-inherits=\"default\" data-bg-cover=\"\" data-padding-pos=\"all\" data-has-bg-color=\"false\" data-bg-color=\"\" data-bg-opacity=\"1\" data-hover-bg=\"\" data-hover-bg-opacity=\"1\" data-animation=\"\" data-delay=\"0\" >\n\t\t<div class=\"vc_column-inner\" ><div class=\"column-bg-overlay-wrap\" data-bg-animation=\"none\"><div class=\"column-bg-overlay\"><\/div><\/div>\n\t\t\t<div class=\"wpb_wrapper\">\n\t\t\t\t\r\n<div class=\"wpb_text_column wpb_content_element\" >\r\n\t<div class=\"wpb_wrapper\">\r\n\t\t<h1 data-pm-slice=\"1 1 &#091;&#093;\">Unvergessliche Motorradreise Sri Lanka!<\/h1>\n<p><img loading=\"lazy\" decoding=\"async\" class=\"alignright size-medium wp-image-139\" src=\"https:\/\/ride2discover.com\/wp-content\/uploads\/2020\/11\/20191124_132324-600x403.jpg\" alt=\"\" width=\"300\" height=\"225\" \/><\/p>\n<p data-pm-slice=\"1 1 &#091;&#093;\">Suchen Sie einen <strong>Motorradreise Sri Lanka<\/strong>? Ihr Herz schl\u00e4gt f\u00fcr Asien und Sie sind neugierig, was die wundersch\u00f6ne Landschaft Sri Lankas zu bieten hat? Indem Sie eine<em> Motorradreise Sri Lanka<\/em> Wenn Sie bei Ride 2 Discover buchen, werden Sie eine einzigartige Erfahrung machen! Vor ein paar Jahren haben wir unsere Leidenschaft zum Beruf gemacht. Heute bieten wir Ihnen daher unter anderem verschiedene Arten von Motorradtouren durch Sri Lanka an. Wenn Sie Sri Lanka auf zwei R\u00e4dern entdecken, werden Sie einzigartige Orte besuchen und das Land so erleben, wie es sein soll. Sri Lanka ist eines der sch\u00f6nsten L\u00e4nder Asiens und vielleicht der ganzen Welt! Ride 2 Discover ist der einzigartige Ort, um einzigartige und unvergessliche Motorradtouren zu finden und zu buchen. Viele Teilnehmer, die schon einmal an unseren Motorradtouren teilgenommen haben, kommen immer wieder f\u00fcr ein neues Abenteuer zur\u00fcck. M\u00f6chten Sie das auch?<\/p>\n<h3>Unsere Motorradtouren in Sri Lanka:<\/h3>\n\t<\/div>\r\n<\/div>\r\n\r\n\r\n\r\n\n\t\t\t<\/div> \n\t\t<\/div>\n\t<\/div> \n<\/div><\/div>\n\t\t<div id=\"fws_69ebcdc271955\"  data-column-margin=\"default\" data-midnight=\"dark\"  class=\"wpb_row vc_row-fluid vc_row standard_section\"  style=\"padding-top: 0px; padding-bottom: 0px; \"><div class=\"row-bg-wrap\" data-bg-animation=\"none\" data-bg-overlay=\"false\"><div class=\"inner-wrap\"><div class=\"row-bg\"  style=\"\"><\/div><\/div><div class=\"row-bg-overlay\" ><\/div><\/div><div class=\"row_col_wrap_12 col span_12 dark left\">\n\t<div  class=\"vc_col-sm-12 wpb_column column_container vc_column_container col no-extra-padding inherit_tablet inherit_phone\"  data-t-w-inherits=\"default\" data-bg-cover=\"\" data-padding-pos=\"all\" data-has-bg-color=\"false\" data-bg-color=\"\" data-bg-opacity=\"1\" data-hover-bg=\"\" data-hover-bg-opacity=\"1\" data-animation=\"\" data-delay=\"0\" >\n\t\t<div class=\"vc_column-inner\" ><div class=\"column-bg-overlay-wrap\" data-bg-animation=\"none\"><div class=\"column-bg-overlay\"><\/div><\/div>\n\t\t\t<div class=\"wpb_wrapper\">\n\t\t\t\t\t\t\t\t\r\n\t\t\t\t\r\n\t\t\t\t\r\n\t\t\t\t<div class=\"portfolio-wrap\">\r\n\t\t\t\t\t\r\n\t\t\t\t\t\t\t\t\t\t\r\n\t\t\t\t\t<span class=\"portfolio-loading  spin\">   <\/span>\r\n\t\t\t\t\t\r\n\t\t\t\t\t\t\t\t\t\t\r\n\t\t\t\t\t<div class=\"row portfolio-items no-masonry\" data-rcp=\"false\" data-masonry-type=\"default\" data-ps=\"1\" data-starting-filter=\"\" data-gutter=\"default\" data-categories-to-show=\"sri-lanka\" data-bypass-cropping=\"\" data-lightbox-only=\"0\" data-col-num=\"cols-3\">\r\n\t\t\t\t\t\t\t\t\t\t\t\t\r\n\t\t\t\t\t\t\t\t\t\t\t\t\r\n\t\t\t\t\t\t<div class=\"col span_4  element azie sri-lanka\"  data-project-cat=\"azie sri-lanka \" data-default-color=\"true\" data-title-color=\"\" data-subtitle-color=\"\">\r\n\t\t\t\t\t\t\t\r\n\t\t\t\t\t\t\t<div class=\"inner-wrap animated\" data-animation=\"none\">\r\n\t\t\t\t\t\t\t\t\r\n\t\t\t\t\t\t\t\t\t\t\t\t\t\t\t\t\t\r\n\t\t\t\t\t\t\t\t\t<div class=\"work-item style-1\" data-custom-content=\"off\">\r\n\t\t\t\t\t\t\t\t\t\t\r\n\t\t\t\t\t\t\t\t\t\t<img loading=\"lazy\" decoding=\"async\" class=\"size- skip-lazy\" src=\"https:\/\/ride2discover.com\/wp-content\/uploads\/2020\/11\/FB_IMG_1583477921888-600x403.jpg\" alt=\"\" height=\"403\" width=\"600\" srcset=\"https:\/\/ride2discover.com\/wp-content\/uploads\/2020\/11\/FB_IMG_1583477921888-760x604.jpg 900w, https:\/\/ride2discover.com\/wp-content\/uploads\/2020\/11\/FB_IMG_1583477921888-600x403.jpg 600w, https:\/\/ride2discover.com\/wp-content\/uploads\/2020\/11\/FB_IMG_1583477921888-400x269.jpg 400w\" sizes=\"auto, (min-width: 1000px) 33.3vw, (min-width: 690px) 50vw, 100vw\" \/>\t\t\t\t\t\t\t\t\t\t\r\n\t\t\t\t\t\t\t\t\t\t<div class=\"work-info-bg\"><\/div>\r\n\t\t\t\t\t\t\t\t\t\t<div class=\"work-info\"> \r\n\t\t\t\t\t\t\t\t\t\t\t\r\n\t\t\t\t\t\t\t\t\t\t\t\t\t\t\t\t\t\t\t\t\t\t\t\r\n\t\t\t\t\t\t\t\t\t\t\t\t<div class=\"vert-center\">\r\n\t\t\t\t\t\t\t\t\t\t\t\t\t<a href=\"https:\/\/ride2discover.com\/wp-content\/uploads\/2020\/11\/FB_IMG_1583477921888.jpg\" class=\"pretty_photo default-link\">Gr\u00f6\u00dfere Ansicht<\/a> <a class=\"default-link\" href=\"https:\/\/ride2discover.com\/de\/portfolio\/motorrondreis-sri-lanka-21-dagen\/\">Mehr Details<\/a>\t\t\t\t\t\t\t\t\t\t\t\t\t\r\n\t\t\t\t\t\t\t\t\t\t\t\t<\/div><!--\/vert-center-->\r\n\t\t\t\t\t\t\t\t\t\t\t<\/div>\r\n\t\t\t\t\t\t\t\t\t\t<\/div><!--\/work-item-->\r\n\t\t\t\t\t\t\t\t\t\t\r\n\t\t\t\t\t\t\t\t\t\t<div class=\"work-meta\">\r\n\t\t\t\t\t\t\t\t\t\t\t<h4 class=\"title\">Motorradtour Sri Lanka 21 Tage<\/h4>\r\n\t\t\t\t\t\t\t\t\t\t\t\r\n\t\t\t\t\t\t\t\t\t\t\t\t\t\t\t\t\t\t\t\t\t\t\r\n\t\t\t\t\t\t\t\t\t\t<\/div>\r\n\t\t\t\t\t\t\t\t\t\t<div class=\"nectar-love-wrap\">\r\n\t\t\t\t\t\t\t\t\t\t\t<a href=\"#\" class=\"nectar-love\" id=\"nectar-love-1578\" title=\"Ich liebe das\"> <i class=\"icon-salient-heart-2\"><\/i><span class=\"love-text\">Liebe<\/span><span class=\"total_loves\"><span class=\"nectar-love-count\">2<\/span><\/span><\/a>\t\t\t\t\t\t\t\t\t\t<\/div><!--\/nectar-love-wrap-->\t\r\n\t\t\t\t\t\t\t\t\t\t\r\n\t\t\t\t\t\t\t\t\t\t\t\t\t\t\t\t\t\r\n\t\t\t\t\t\t\t\t\r\n\t\t\t\t\t\t\t<\/div><!--\/inner-wrap-->\r\n\t\t\t\t\t\t<\/div><!--\/col-->\r\n\t\t\t\t\t\t\r\n\t\t\t\t\t\t\t\t\t\t\t\r\n\t\t\t\t\t\t\t\t\t\t\t\t\r\n\t\t\t\t\t\t<div class=\"col span_4  element azie sri-lanka\"  data-project-cat=\"azie sri-lanka \" data-default-color=\"true\" data-title-color=\"\" data-subtitle-color=\"\">\r\n\t\t\t\t\t\t\t\r\n\t\t\t\t\t\t\t<div class=\"inner-wrap animated\" data-animation=\"none\">\r\n\t\t\t\t\t\t\t\t\r\n\t\t\t\t\t\t\t\t\t\t\t\t\t\t\t\t\t\r\n\t\t\t\t\t\t\t\t\t<div class=\"work-item style-1\" data-custom-content=\"off\">\r\n\t\t\t\t\t\t\t\t\t\t\r\n\t\t\t\t\t\t\t\t\t\t<img loading=\"lazy\" decoding=\"async\" class=\"size- skip-lazy\" src=\"https:\/\/ride2discover.com\/wp-content\/uploads\/2021\/03\/20211206_124300-600x403.jpg\" alt=\"\" height=\"403\" width=\"600\" srcset=\"https:\/\/ride2discover.com\/wp-content\/uploads\/2021\/03\/20211206_124300-900x604.jpg 900w, https:\/\/ride2discover.com\/wp-content\/uploads\/2021\/03\/20211206_124300-600x403.jpg 600w, https:\/\/ride2discover.com\/wp-content\/uploads\/2021\/03\/20211206_124300-400x269.jpg 400w\" sizes=\"auto, (min-width: 1000px) 33.3vw, (min-width: 690px) 50vw, 100vw\" \/>\t\t\t\t\t\t\t\t\t\t\r\n\t\t\t\t\t\t\t\t\t\t<div class=\"work-info-bg\"><\/div>\r\n\t\t\t\t\t\t\t\t\t\t<div class=\"work-info\"> \r\n\t\t\t\t\t\t\t\t\t\t\t\r\n\t\t\t\t\t\t\t\t\t\t\t\t\t\t\t\t\t\t\t\t\t\t\t\r\n\t\t\t\t\t\t\t\t\t\t\t\t<div class=\"vert-center\">\r\n\t\t\t\t\t\t\t\t\t\t\t\t\t<a href=\"https:\/\/ride2discover.com\/wp-content\/uploads\/2021\/03\/20211206_124300-scaled.jpg\" class=\"pretty_photo default-link\">Gr\u00f6\u00dfere Ansicht<\/a> <a class=\"default-link\" href=\"https:\/\/ride2discover.com\/de\/portfolio\/motorreis-sri-lanka-10-dagen\/\">Mehr Details<\/a>\t\t\t\t\t\t\t\t\t\t\t\t\t\r\n\t\t\t\t\t\t\t\t\t\t\t\t<\/div><!--\/vert-center-->\r\n\t\t\t\t\t\t\t\t\t\t\t<\/div>\r\n\t\t\t\t\t\t\t\t\t\t<\/div><!--\/work-item-->\r\n\t\t\t\t\t\t\t\t\t\t\r\n\t\t\t\t\t\t\t\t\t\t<div class=\"work-meta\">\r\n\t\t\t\t\t\t\t\t\t\t\t<h4 class=\"title\">Motorradtour Sri Lanka 10 Tage<\/h4>\r\n\t\t\t\t\t\t\t\t\t\t\t\r\n\t\t\t\t\t\t\t\t\t\t\t\t\t\t\t\t\t\t\t\t\t\t\r\n\t\t\t\t\t\t\t\t\t\t<\/div>\r\n\t\t\t\t\t\t\t\t\t\t<div class=\"nectar-love-wrap\">\r\n\t\t\t\t\t\t\t\t\t\t\t<a href=\"#\" class=\"nectar-love\" id=\"nectar-love-1351\" title=\"Ich liebe das\"> <i class=\"icon-salient-heart-2\"><\/i><span class=\"love-text\">Liebe<\/span><span class=\"total_loves\"><span class=\"nectar-love-count\">0<\/span><\/span><\/a>\t\t\t\t\t\t\t\t\t\t<\/div><!--\/nectar-love-wrap-->\t\r\n\t\t\t\t\t\t\t\t\t\t\r\n\t\t\t\t\t\t\t\t\t\t\t\t\t\t\t\t\t\r\n\t\t\t\t\t\t\t\t\r\n\t\t\t\t\t\t\t<\/div><!--\/inner-wrap-->\r\n\t\t\t\t\t\t<\/div><!--\/col-->\r\n\t\t\t\t\t\t\r\n\t\t\t\t\t\t\t\t\t\t\r\n\t\t\t\t<\/div><!--\/portfolio-->\r\n\t\t\t<\/div><!--\/portfolio wrap-->\r\n\t\t\t\r\n\t\t\t\n\t\t\t<\/div> \n\t\t<\/div>\n\t<\/div> \n<\/div><\/div>\n\t\t<div id=\"fws_69ebcdc27f688\"  data-column-margin=\"default\" data-midnight=\"dark\"  class=\"wpb_row vc_row-fluid vc_row standard_section\"  style=\"padding-top: 0px; padding-bottom: 0px; \"><div class=\"row-bg-wrap\" data-bg-animation=\"none\" data-bg-overlay=\"false\"><div class=\"inner-wrap\"><div class=\"row-bg\"  style=\"\"><\/div><\/div><div class=\"row-bg-overlay\" ><\/div><\/div><div class=\"row_col_wrap_12 col span_12 dark left\">\n\t<div  class=\"vc_col-sm-12 wpb_column column_container vc_column_container col no-extra-padding inherit_tablet inherit_phone\"  data-t-w-inherits=\"default\" data-bg-cover=\"\" data-padding-pos=\"all\" data-has-bg-color=\"false\" data-bg-color=\"\" data-bg-opacity=\"1\" data-hover-bg=\"\" data-hover-bg-opacity=\"1\" data-animation=\"\" data-delay=\"0\" >\n\t\t<div class=\"vc_column-inner\" ><div class=\"column-bg-overlay-wrap\" data-bg-animation=\"none\"><div class=\"column-bg-overlay\"><\/div><\/div>\n\t\t\t<div class=\"wpb_wrapper\">\n\t\t\t\t\r\n<div class=\"wpb_text_column wpb_content_element\" >\r\n\t<div class=\"wpb_wrapper\">\r\n\t\t<h2 data-pm-slice=\"1 1 &#091;&#093;\">Motorradtour Sri Lanka f\u00fcr 10 oder 21 Tage<\/h2>\n<p data-pm-slice=\"1 1 &#091;&#093;\">Entdecken Sie die atemberaubende Sch\u00f6nheit Sri Lankas auf einer unvergesslichen Motorradtour mit Ride 2 Discover. Als der Spezialist f\u00fcr die Organisation einer<em> Motorradreise in Sri Lanka<\/em>bieten wir Ihnen die M\u00f6glichkeit, diese wundersch\u00f6ne Insel auf eine einzigartige und aufregende Weise zu erkunden. Sri Lanka, auch bekannt als die \"Perle des Indischen Ozeans\", bietet eine F\u00fclle an wundersch\u00f6nen Landschaften, historischen Sehensw\u00fcrdigkeiten und gastfreundlichen Kulturen - all das k\u00f6nnen Sie auf Ihrer Motorradreise entdecken. Kurzum, eine <strong>Motorradreise in Sri Lanka<\/strong> mit Ride 2 Discover ist ein unvergessliches Erlebnis, das Sie die Sch\u00f6nheit dieser tropischen Insel auf eine Art und Weise entdecken l\u00e4sst, wie Sie sie noch nie zuvor erlebt haben. Steigen Sie also auf Ihr Motorrad und lassen Sie sich von uns auf ein Abenteuer mitnehmen, das Ihr Herz erw\u00e4rmen und Ihren Geist erweitern wird. Mit Ride 2 Discover werden Sie Sri Lanka wie nie zuvor erleben und Erinnerungen schaffen, die ein Leben lang halten werden.<\/p>\n<h2>Motorradreisen in der Gruppe Sri Lanka<\/h2>\n<p>Wir von Ride 2 Discover glauben an die Kraft des gemeinsamen Reisens und der gemeinsamen Erfahrungen. Deshalb bieten wir unterhaltsame Gruppenreisen f\u00fcr unsere <em>Motorradreise in Sri Lanka<\/em>. Das Reisen in Gruppen bietet nicht nur die M\u00f6glichkeit, neue Freundschaften zu schlie\u00dfen, sondern st\u00e4rkt auch das Gef\u00fchl der Zusammengeh\u00f6rigkeit und des Abenteuers. Unsere Gruppenreisen sind so konzipiert, dass sie ein perfektes Gleichgewicht zwischen aufregenden Motorradfahrten, interessanten Besichtigungen und Entspannung bieten. Mit gleichgesinnten Mitreisenden teilen Sie nicht nur den Fahrspa\u00df, sondern auch die Sch\u00f6nheit und Kultur Sri Lankas.<\/p>\n<h2>Vorteile der Motorradtour Sri Lanka<\/h2>\n<p>A <strong>Motorradreise in Sri Lanka<\/strong> mit Ride 2 Discover bietet unz\u00e4hlige Vorteile f\u00fcr jeden Motorradliebhaber. Erstens ist Sri Lanka ein Motorradparadies mit malerischen Stra\u00dfen, die Sie durch tropische Regenw\u00e4lder, gr\u00fcne H\u00fcgel und vorbei an wundersch\u00f6nen Str\u00e4nden f\u00fchren. Bei jeder Kurve er\u00f6ffnet sich ein neues Panorama, das Ihre Sinne weckt und Ihr Herz erobern wird. Zweitens bietet unsere Motorradtour die M\u00f6glichkeit, abgelegene und weniger bekannte Orte abseits der \u00fcblichen Touristenrouten zu erkunden. Sie werden erstaunt sein, welche verborgenen Sch\u00e4tze Sri Lanka zu bieten hat und eine authentische Seite der Insel entdecken, die nur wenige zu sehen bekommen. Ein weiterer Vorteil unserer Motorradtour in Sri Lanka ist die Bequemlichkeit und Sorgfalt, die wir bieten. Unsere erfahrenen Guides kennen das Land wie ihre Westentasche und sorgen f\u00fcr einen reibungslosen Ablauf der Reise, w\u00e4hrend sie Ihnen die interessantesten Orte zeigen. Wir nehmen Ihnen die Organisation ab, so dass Sie sich voll und ganz darauf konzentrieren k\u00f6nnen, das Abenteuer zu genie\u00dfen und die wundersch\u00f6ne Umgebung aufzusaugen.<\/p>\n\t<\/div>\r\n<\/div>\r\n\r\n\r\n\r\n\n\t\t\t<\/div> \n\t\t<\/div>\n\t<\/div> \n<\/div><\/div>","protected":false},"excerpt":{"rendered":"","protected":false},"author":8,"featured_media":0,"parent":0,"menu_order":0,"comment_status":"closed","ping_status":"closed","template":"","meta":{"footnotes":""},"class_list":["post-2049","page","type-page","status-publish"],"yoast_head":"<!-- This site is optimized with the Yoast SEO plugin v27.4 - https:\/\/yoast.com\/product\/yoast-seo-wordpress\/ -->\n<title>Motorreis Sri Lanka | Motorvakantie Sri Lanka | Ride2Discover<\/title>\n<meta name=\"description\" content=\"Motorreis Sri Lanka boeken? Plan uw motorvakantie Sri Lanka bij Ride 2 Discover. Onvergetelijke en unieke motorreizen. Volledig ontzorgd.\" \/>\n<meta name=\"robots\" content=\"index, follow, max-snippet:-1, max-image-preview:large, max-video-preview:-1\" \/>\n<link rel=\"canonical\" href=\"https:\/\/ride2discover.com\/de\/motorreis-sri-lanka\/\" \/>\n<meta property=\"og:locale\" content=\"de_DE\" \/>\n<meta property=\"og:type\" content=\"article\" \/>\n<meta property=\"og:title\" content=\"Motorreis Sri Lanka | Motorvakantie Sri Lanka | Ride2Discover\" \/>\n<meta property=\"og:description\" content=\"Motorreis Sri Lanka boeken? Plan uw motorvakantie Sri Lanka bij Ride 2 Discover. Onvergetelijke en unieke motorreizen. Volledig ontzorgd.\" \/>\n<meta property=\"og:url\" content=\"https:\/\/ride2discover.com\/de\/motorreis-sri-lanka\/\" \/>\n<meta property=\"og:site_name\" content=\"Ride 2 Discover\" \/>\n<meta property=\"article:modified_time\" content=\"2023-08-01T12:42:26+00:00\" \/>\n<meta property=\"og:image\" content=\"https:\/\/ride2discover.com\/wp-content\/uploads\/2020\/11\/20191124_132324-600x403.jpg\" \/>\n<meta name=\"twitter:card\" content=\"summary_large_image\" \/>\n<meta name=\"twitter:label1\" content=\"Gesch\u00e4tzte Lesezeit\" \/>\n\t<meta name=\"twitter:data1\" content=\"4 minutes\" \/>\n<script type=\"application\/ld+json\" class=\"yoast-schema-graph\">{\"@context\":\"https:\\\/\\\/schema.org\",\"@graph\":[{\"@type\":\"WebPage\",\"@id\":\"https:\\\/\\\/ride2discover.com\\\/motorreis-sri-lanka\\\/\",\"url\":\"https:\\\/\\\/ride2discover.com\\\/motorreis-sri-lanka\\\/\",\"name\":\"Motorreis Sri Lanka | Motorvakantie Sri Lanka | Ride2Discover\",\"isPartOf\":{\"@id\":\"https:\\\/\\\/ride2discover.com\\\/#website\"},\"primaryImageOfPage\":{\"@id\":\"https:\\\/\\\/ride2discover.com\\\/motorreis-sri-lanka\\\/#primaryimage\"},\"image\":{\"@id\":\"https:\\\/\\\/ride2discover.com\\\/motorreis-sri-lanka\\\/#primaryimage\"},\"thumbnailUrl\":\"https:\\\/\\\/ride2discover.com\\\/wp-content\\\/uploads\\\/2020\\\/11\\\/20191124_132324-600x403.jpg\",\"datePublished\":\"2023-03-01T08:17:37+00:00\",\"dateModified\":\"2023-08-01T12:42:26+00:00\",\"description\":\"Motorreis Sri Lanka boeken? Plan uw motorvakantie Sri Lanka bij Ride 2 Discover. Onvergetelijke en unieke motorreizen. Volledig ontzorgd.\",\"breadcrumb\":{\"@id\":\"https:\\\/\\\/ride2discover.com\\\/motorreis-sri-lanka\\\/#breadcrumb\"},\"inLanguage\":\"de-DE\",\"potentialAction\":[{\"@type\":\"ReadAction\",\"target\":[\"https:\\\/\\\/ride2discover.com\\\/motorreis-sri-lanka\\\/\"]}]},{\"@type\":\"ImageObject\",\"inLanguage\":\"de-DE\",\"@id\":\"https:\\\/\\\/ride2discover.com\\\/motorreis-sri-lanka\\\/#primaryimage\",\"url\":\"https:\\\/\\\/ride2discover.com\\\/wp-content\\\/uploads\\\/2020\\\/11\\\/20191124_132324-600x403.jpg\",\"contentUrl\":\"https:\\\/\\\/ride2discover.com\\\/wp-content\\\/uploads\\\/2020\\\/11\\\/20191124_132324-600x403.jpg\"},{\"@type\":\"BreadcrumbList\",\"@id\":\"https:\\\/\\\/ride2discover.com\\\/motorreis-sri-lanka\\\/#breadcrumb\",\"itemListElement\":[{\"@type\":\"ListItem\",\"position\":1,\"name\":\"Home\",\"item\":\"https:\\\/\\\/ride2discover.com\\\/\"},{\"@type\":\"ListItem\",\"position\":2,\"name\":\"Motorreis Sri Lanka\"}]},{\"@type\":\"WebSite\",\"@id\":\"https:\\\/\\\/ride2discover.com\\\/#website\",\"url\":\"https:\\\/\\\/ride2discover.com\\\/\",\"name\":\"Ride 2 Discover\",\"description\":\"\",\"potentialAction\":[{\"@type\":\"SearchAction\",\"target\":{\"@type\":\"EntryPoint\",\"urlTemplate\":\"https:\\\/\\\/ride2discover.com\\\/?s={search_term_string}\"},\"query-input\":{\"@type\":\"PropertyValueSpecification\",\"valueRequired\":true,\"valueName\":\"search_term_string\"}}],\"inLanguage\":\"de-DE\"}]}<\/script>\n<!-- \/ Yoast SEO plugin. -->","yoast_head_json":{"title":"Motorradtour Sri Lanka | Motorradurlaub Sri Lanka | Ride2Discover","description":"Motorradurlaub Sri Lanka buchen? Planen Sie Ihren Motorradurlaub in Sri Lanka mit Ride 2 Discover. Unvergessliche und einzigartige Motorradtouren. V\u00f6llig sorglos.","robots":{"index":"index","follow":"follow","max-snippet":"max-snippet:-1","max-image-preview":"max-image-preview:large","max-video-preview":"max-video-preview:-1"},"canonical":"https:\/\/ride2discover.com\/de\/motorreis-sri-lanka\/","og_locale":"de_DE","og_type":"article","og_title":"Motorreis Sri Lanka | Motorvakantie Sri Lanka | Ride2Discover","og_description":"Motorreis Sri Lanka boeken? Plan uw motorvakantie Sri Lanka bij Ride 2 Discover. Onvergetelijke en unieke motorreizen. Volledig ontzorgd.","og_url":"https:\/\/ride2discover.com\/de\/motorreis-sri-lanka\/","og_site_name":"Ride 2 Discover","article_modified_time":"2023-08-01T12:42:26+00:00","og_image":[{"url":"https:\/\/ride2discover.com\/wp-content\/uploads\/2020\/11\/20191124_132324-600x403.jpg","type":"","width":"","height":""}],"twitter_card":"summary_large_image","twitter_misc":{"Gesch\u00e4tzte Lesezeit":"4 minutes"},"schema":{"@context":"https:\/\/schema.org","@graph":[{"@type":"WebPage","@id":"https:\/\/ride2discover.com\/motorreis-sri-lanka\/","url":"https:\/\/ride2discover.com\/motorreis-sri-lanka\/","name":"Motorradtour Sri Lanka | Motorradurlaub Sri Lanka | Ride2Discover","isPartOf":{"@id":"https:\/\/ride2discover.com\/#website"},"primaryImageOfPage":{"@id":"https:\/\/ride2discover.com\/motorreis-sri-lanka\/#primaryimage"},"image":{"@id":"https:\/\/ride2discover.com\/motorreis-sri-lanka\/#primaryimage"},"thumbnailUrl":"https:\/\/ride2discover.com\/wp-content\/uploads\/2020\/11\/20191124_132324-600x403.jpg","datePublished":"2023-03-01T08:17:37+00:00","dateModified":"2023-08-01T12:42:26+00:00","description":"Motorradurlaub Sri Lanka buchen? Planen Sie Ihren Motorradurlaub in Sri Lanka mit Ride 2 Discover. Unvergessliche und einzigartige Motorradtouren. V\u00f6llig sorglos.","breadcrumb":{"@id":"https:\/\/ride2discover.com\/motorreis-sri-lanka\/#breadcrumb"},"inLanguage":"de-DE","potentialAction":[{"@type":"ReadAction","target":["https:\/\/ride2discover.com\/motorreis-sri-lanka\/"]}]},{"@type":"ImageObject","inLanguage":"de-DE","@id":"https:\/\/ride2discover.com\/motorreis-sri-lanka\/#primaryimage","url":"https:\/\/ride2discover.com\/wp-content\/uploads\/2020\/11\/20191124_132324-600x403.jpg","contentUrl":"https:\/\/ride2discover.com\/wp-content\/uploads\/2020\/11\/20191124_132324-600x403.jpg"},{"@type":"BreadcrumbList","@id":"https:\/\/ride2discover.com\/motorreis-sri-lanka\/#breadcrumb","itemListElement":[{"@type":"ListItem","position":1,"name":"Home","item":"https:\/\/ride2discover.com\/"},{"@type":"ListItem","position":2,"name":"Motorreis Sri Lanka"}]},{"@type":"WebSite","@id":"https:\/\/ride2discover.com\/#website","url":"https:\/\/ride2discover.com\/","name":"Ride 2 Entdecken","description":"","potentialAction":[{"@type":"SearchAction","target":{"@type":"EntryPoint","urlTemplate":"https:\/\/ride2discover.com\/?s={search_term_string}"},"query-input":{"@type":"PropertyValueSpecification","valueRequired":true,"valueName":"search_term_string"}}],"inLanguage":"de-DE"}]}},"_links":{"self":[{"href":"https:\/\/ride2discover.com\/de\/wp-json\/wp\/v2\/pages\/2049","targetHints":{"allow":["GET"]}}],"collection":[{"href":"https:\/\/ride2discover.com\/de\/wp-json\/wp\/v2\/pages"}],"about":[{"href":"https:\/\/ride2discover.com\/de\/wp-json\/wp\/v2\/types\/page"}],"author":[{"embeddable":true,"href":"https:\/\/ride2discover.com\/de\/wp-json\/wp\/v2\/users\/8"}],"replies":[{"embeddable":true,"href":"https:\/\/ride2discover.com\/de\/wp-json\/wp\/v2\/comments?post=2049"}],"version-history":[{"count":0,"href":"https:\/\/ride2discover.com\/de\/wp-json\/wp\/v2\/pages\/2049\/revisions"}],"wp:attachment":[{"href":"https:\/\/ride2discover.com\/de\/wp-json\/wp\/v2\/media?parent=2049"}],"curies":[{"name":"wp","href":"https:\/\/api.w.org\/{rel}","templated":true}]}}