{"id":2004,"date":"2022-12-29T15:32:14","date_gmt":"2022-12-29T14:32:14","guid":{"rendered":"https:\/\/ride2discover.com\/?page_id=2004"},"modified":"2022-12-29T15:32:14","modified_gmt":"2022-12-29T14:32:14","slug":"vietnam-motorreis","status":"publish","type":"page","link":"https:\/\/ride2discover.com\/de\/vietnam-motorreis\/","title":{"rendered":"Vietnam Motorradreise"},"content":{"rendered":"<div id=\"fws_69eb8be66627f\"  data-column-margin=\"default\" data-midnight=\"dark\"  class=\"wpb_row vc_row-fluid vc_row standard_section\"  style=\"padding-top: 0px; padding-bottom: 0px; \"><div class=\"row-bg-wrap\" data-bg-animation=\"none\" data-bg-overlay=\"false\"><div class=\"inner-wrap\"><div class=\"row-bg\"  style=\"\"><\/div><\/div><div class=\"row-bg-overlay\" ><\/div><\/div><div class=\"row_col_wrap_12 col span_12 dark left\">\n\t<div  class=\"vc_col-sm-12 wpb_column column_container vc_column_container col no-extra-padding inherit_tablet inherit_phone\"  data-t-w-inherits=\"default\" data-bg-cover=\"\" data-padding-pos=\"all\" data-has-bg-color=\"false\" data-bg-color=\"\" data-bg-opacity=\"1\" data-hover-bg=\"\" data-hover-bg-opacity=\"1\" data-animation=\"\" data-delay=\"0\" >\n\t\t<div class=\"vc_column-inner\" ><div class=\"column-bg-overlay-wrap\" data-bg-animation=\"none\"><div class=\"column-bg-overlay\"><\/div><\/div>\n\t\t\t<div class=\"wpb_wrapper\">\n\t\t\t\t<div class='nectar-post-grid-wrap' data-el-settings='{\"post_type\":\"post\",\"pagination\":\"none\",\"image_size\":\"large\",\"aspect_ratio_image_size\":\"\",\"display_categories\":\"0\",\"display_excerpt\":\"0\",\"display_date\":\"0\",\"color_overlay\":\"\",\"color_overlay_opacity\":\"0.3\",\"color_overlay_hover_opacity\":\"0.4\",\"card_bg_color\":\"\",\"grid_style\":\"content_overlaid\",\"post_title_overlay\":\"\",\"heading_tag\":\"default\"}' data-style='content_overlaid' data-query='{\"post_type\":\"post\",\"posts_per_page\":\"-1\",\"order\":\"DESC\",\"orderby\":\"date\",\"offset\":\"0\"}' data-load-more-color='black' data-load-more-text='Load More'><div class=\"nectar-post-grid-filters\" data-active-color=\"default\" data-animation=\"none\" data-sortable=\"\"><h4>Filter<\/h4><div><a href=\"#\" class=\"active all-filter\" data-total-count=\"0\" data-filter=\"-1\">Alle<\/a><\/div><\/div><div class=\"nectar-post-grid\" data-indicator=\"\" data-indicator-style=\"default\" data-indicator-color=\"#000\" data-indicator-text=\"View\" data-columns=\"4\" data-hover-effect=\"zoom\" data-text-style=\"default\" data-border-radius=\"none\" data-grid-item-height=\"30vh\" data-grid-spacing=\"none\" data-text-layout=\"all_top_left\" data-text-color=\"light\" data-text-hover-color=\"light\" data-shadow-hover=\"\" data-masonry=\"\" data-animation=\"none\" data-cat-click=\"default\"><\/div><\/div>\n\t\t\t<\/div> \n\t\t<\/div>\n\t<\/div> \n<\/div><\/div>\n\t\t<div id=\"fws_69eb8be6676b7\"  data-column-margin=\"default\" data-midnight=\"dark\"  class=\"wpb_row vc_row-fluid vc_row standard_section\"  style=\"padding-top: 0px; padding-bottom: 0px; \"><div class=\"row-bg-wrap\" data-bg-animation=\"none\" data-bg-overlay=\"false\"><div class=\"inner-wrap\"><div class=\"row-bg\"  style=\"\"><\/div><\/div><div class=\"row-bg-overlay\" ><\/div><\/div><div class=\"row_col_wrap_12 col span_12 dark left\">\n\t<div  class=\"vc_col-sm-12 wpb_column column_container vc_column_container col no-extra-padding inherit_tablet inherit_phone\"  data-t-w-inherits=\"default\" data-bg-cover=\"\" data-padding-pos=\"all\" data-has-bg-color=\"false\" data-bg-color=\"\" data-bg-opacity=\"1\" data-hover-bg=\"\" data-hover-bg-opacity=\"1\" data-animation=\"\" data-delay=\"0\" >\n\t\t<div class=\"vc_column-inner\" ><div class=\"column-bg-overlay-wrap\" data-bg-animation=\"none\"><div class=\"column-bg-overlay\"><\/div><\/div>\n\t\t\t<div class=\"wpb_wrapper\">\n\t\t\t\t\r\n<div class=\"wpb_text_column wpb_content_element\" >\r\n\t<div class=\"wpb_wrapper\">\r\n\t\t<h1 data-pm-slice=\"1 1 &#091;&#093;\">Vietnam Motorradreise buchen<\/h1>\n<p><img loading=\"lazy\" decoding=\"async\" class=\"alignright size-medium wp-image-139\" src=\"http:\/\/ride2discover.com\/wp-content\/uploads\/2020\/08\/vietnam3-kopie-300x225.jpg\" alt=\"\" width=\"300\" height=\"225\" srcset=\"\/\/ride2discover.com\/wp-content\/uploads\/2020\/08\/vietnam3-kopie-300x225.jpg 300w, \/\/ride2discover.com\/wp-content\/uploads\/2020\/08\/vietnam3-kopie-1024x768.jpg 1024w, \/\/ride2discover.com\/wp-content\/uploads\/2020\/08\/vietnam3-kopie-768x576.jpg 768w, \/\/ride2discover.com\/wp-content\/uploads\/2020\/08\/vietnam3-kopie-1536x1152.jpg 1536w, \/\/ride2discover.com\/wp-content\/uploads\/2020\/08\/vietnam3-kopie-2048x1536.jpg 2048w\" sizes=\"auto, (max-width: 300px) 100vw, 300px\" \/><\/p>\n<p data-pm-slice=\"1 1 &#091;&#093;\">M\u00f6gen Sie ein bisschen Abenteuer? Lieben Sie auch das Motorradfahren? Mit einer <strong>Vietnam Motorradreise <\/strong>von Ride 2 Discover haben Sie eine goldene Kombination. Ride 2 Discover organisiert einzigartige und unvergessliche Motorradtouren. A <strong>Vietnam Motorradreise<\/strong> f\u00fchrt Sie \u00fcber wundersch\u00f6ne Bergstra\u00dfen mit spektakul\u00e4ren Aussichten. A <em>Vietnam Motorradreise<\/em> beinhaltet viel mehr als nur Motorradfahren. Sie lernen eine reiche Kultur, wundersch\u00f6ne Natur und freundliche Einheimische kennen. Der gro\u00dfe Mehrwert von Ride 2 Discover ist unser pers\u00f6nliches Engagement. Sowohl bei den Vorbereitungen als auch w\u00e4hrend der Tour k\u00f6nnen Sie sich auf eine pers\u00f6nliche Betreuung verlassen. Wir haben unsere Leidenschaft zu unserer Arbeit gemacht, und das werden Sie in allem merken. Mit unvermindertem Enthusiasmus widmet sich unsere Crew dem Ziel, jede Reise unvergesslich zu machen. A <em>Vietnam Motorradreise<\/em> ist sehr abwechslungsreich. Sie f\u00fchrt Sie an Orte, an denen nur wenige Menschen gewesen sind. W\u00e4hrend der Tour w\u00e4hlen wir regelm\u00e4\u00dfig kurze, abenteuerliche Strecken, die keine Offroad-Erfahrung erfordern. Die Tour f\u00fchrt Sie durch die Berge und wir \u00fcberqueren eine Reihe von hohen P\u00e4ssen. Alles wird von uns perfekt organisiert. Sie k\u00f6nnen alles uns \u00fcberlassen, Sie m\u00fcssen nur genie\u00dfen!<\/p>\n<h3>Unsere Motorradtouren in Vietnam:<\/h3>\n\t<\/div>\r\n<\/div>\r\n\r\n\r\n\r\n\n\t\t\t<\/div> \n\t\t<\/div>\n\t<\/div> \n<\/div><\/div>\n\t\t<div id=\"fws_69eb8be66788f\"  data-column-margin=\"default\" data-midnight=\"dark\"  class=\"wpb_row vc_row-fluid vc_row standard_section\"  style=\"padding-top: 0px; padding-bottom: 0px; \"><div class=\"row-bg-wrap\" data-bg-animation=\"none\" data-bg-overlay=\"false\"><div class=\"inner-wrap\"><div class=\"row-bg\"  style=\"\"><\/div><\/div><div class=\"row-bg-overlay\" ><\/div><\/div><div class=\"row_col_wrap_12 col span_12 dark left\">\n\t<div  class=\"vc_col-sm-12 wpb_column column_container vc_column_container col no-extra-padding inherit_tablet inherit_phone\"  data-t-w-inherits=\"default\" data-bg-cover=\"\" data-padding-pos=\"all\" data-has-bg-color=\"false\" data-bg-color=\"\" data-bg-opacity=\"1\" data-hover-bg=\"\" data-hover-bg-opacity=\"1\" data-animation=\"\" data-delay=\"0\" >\n\t\t<div class=\"vc_column-inner\" ><div class=\"column-bg-overlay-wrap\" data-bg-animation=\"none\"><div class=\"column-bg-overlay\"><\/div><\/div>\n\t\t\t<div class=\"wpb_wrapper\">\n\t\t\t\t\t\t\t\t\r\n\t\t\t\t\r\n\t\t\t\t\r\n\t\t\t\t<div class=\"portfolio-wrap\">\r\n\t\t\t\t\t\r\n\t\t\t\t\t\t\t\t\t\t\r\n\t\t\t\t\t<span class=\"portfolio-loading  spin\">   <\/span>\r\n\t\t\t\t\t\r\n\t\t\t\t\t\t\t\t\t\t\r\n\t\t\t\t\t<div class=\"row portfolio-items no-masonry\" data-rcp=\"false\" data-masonry-type=\"default\" data-ps=\"1\" data-starting-filter=\"\" data-gutter=\"default\" data-categories-to-show=\"vietnam\" data-bypass-cropping=\"\" data-lightbox-only=\"0\" data-col-num=\"cols-2\">\r\n\t\t\t\t\t\t\t\t\t\t\t\r\n\t\t\t\t<\/div><!--\/portfolio-->\r\n\t\t\t<\/div><!--\/portfolio wrap-->\r\n\t\t\t\r\n\t\t\t\n\t\t\t<\/div> \n\t\t<\/div>\n\t<\/div> \n<\/div><\/div>\n\t\t<div id=\"fws_69eb8be6684d6\"  data-column-margin=\"default\" data-midnight=\"dark\"  class=\"wpb_row vc_row-fluid vc_row standard_section\"  style=\"padding-top: 0px; padding-bottom: 0px; \"><div class=\"row-bg-wrap\" data-bg-animation=\"none\" data-bg-overlay=\"false\"><div class=\"inner-wrap\"><div class=\"row-bg\"  style=\"\"><\/div><\/div><div class=\"row-bg-overlay\" ><\/div><\/div><div class=\"row_col_wrap_12 col span_12 dark left\">\n\t<div  class=\"vc_col-sm-12 wpb_column column_container vc_column_container col no-extra-padding inherit_tablet inherit_phone\"  data-t-w-inherits=\"default\" data-bg-cover=\"\" data-padding-pos=\"all\" data-has-bg-color=\"false\" data-bg-color=\"\" data-bg-opacity=\"1\" data-hover-bg=\"\" data-hover-bg-opacity=\"1\" data-animation=\"\" data-delay=\"0\" >\n\t\t<div class=\"vc_column-inner\" ><div class=\"column-bg-overlay-wrap\" data-bg-animation=\"none\"><div class=\"column-bg-overlay\"><\/div><\/div>\n\t\t\t<div class=\"wpb_wrapper\">\n\t\t\t\t\r\n<div class=\"wpb_text_column wpb_content_element\" >\r\n\t<div class=\"wpb_wrapper\">\r\n\t\t<h2 data-pm-slice=\"1 1 &#091;&#093;\">Garantierte Abfahrt mit unserer Vietnam-Motorradtour<\/h2>\n<p>Ride 2 Discover bietet Reisen mit garantierten Abfahrtszeiten an. Das bedeutet, dass Sie in aller Ruhe Ihre Vorbereitungen treffen k\u00f6nnen, ohne dass die Gefahr besteht, dass die Reise abgesagt wird. Eine Motorradreise durch Vietnam werden Sie Ihr ganzes Leben lang nicht vergessen! An einem Tag fahren Sie friedlich an weiten Reisfeldern entlang. Am anderen Tag erkunden Sie die gesch\u00e4ftige Stadt Hanoi. Auf dieser Website finden Sie ein umfangreiches Programm f\u00fcr die 22-t\u00e4gige Reise durch Vietnam. Lassen Sie sich \u00fcberraschen von den verschiedenen Aktivit\u00e4ten, die wir geplant haben.<\/p>\n<h2>Haben Sie Fragen zur Motorradreise nach Vietnam?<\/h2>\n<p>Wenn Sie besondere W\u00fcnsche, Anmerkungen oder Fragen haben, rufen Sie uns an oder schicken Sie uns eine E-Mail. Wir bieten Ihnen die M\u00f6glichkeit, eine Option zu w\u00e4hlen, wenn Sie sich nicht ganz sicher sind. Sie haben dann 14 Tage Zeit, eine Entscheidung zu treffen. Eine Option verpflichtet Sie zu nichts, aber sie gibt Ihnen die Sicherheit, einen Platz zu haben. Wir sind uns dar\u00fcber im Klaren, was im Preis enthalten ist. Eine \u00dcbersicht finden Sie auf dieser Website. Wir geben auch klar an, was nicht im Preis enthalten ist. So werden Missverst\u00e4ndnisse vermieden. Werden Sie Ihren Traum verwirklichen und sich f\u00fcr eine Vietnam-Motorradreise entscheiden? Wir freuen uns auf Ihre Bewerbung!<\/p>\n\t<\/div>\r\n<\/div>\r\n\r\n\r\n\r\n\n\t\t\t<\/div> \n\t\t<\/div>\n\t<\/div> \n<\/div><\/div>","protected":false},"excerpt":{"rendered":"FilterAll Vietnam Motorradreisen buchen Sie m\u00f6gen ein bisschen Abenteuer? Lieben Sie auch das Motorradfahren? Mit einer Vietnam-Motorradreise von Ride 2 Discover haben Sie eine goldene Kombination. Fahren Sie...","protected":false},"author":8,"featured_media":0,"parent":0,"menu_order":0,"comment_status":"closed","ping_status":"closed","template":"","meta":{"footnotes":""},"class_list":["post-2004","page","type-page","status-publish"],"yoast_head":"<!-- This site is optimized with the Yoast SEO plugin v27.4 - https:\/\/yoast.com\/product\/yoast-seo-wordpress\/ -->\n<title>Vietnam motorreis | Motor reizen en vakanties | Ride2Discover<\/title>\n<meta name=\"description\" content=\"Vietnam motorreis boeken? Plan uw motorreizen door Vietnam bij Ride 2 Discover. Onvergetelijke en unieke motorvakanties. Volledig ontzorgd.\" \/>\n<meta name=\"robots\" content=\"index, follow, max-snippet:-1, max-image-preview:large, max-video-preview:-1\" \/>\n<link rel=\"canonical\" href=\"https:\/\/ride2discover.com\/de\/vietnam-motorreis\/\" \/>\n<meta property=\"og:locale\" content=\"de_DE\" \/>\n<meta property=\"og:type\" content=\"article\" \/>\n<meta property=\"og:title\" content=\"Vietnam motorreis | Motor reizen en vakanties | Ride2Discover\" \/>\n<meta property=\"og:description\" content=\"Vietnam motorreis boeken? Plan uw motorreizen door Vietnam bij Ride 2 Discover. Onvergetelijke en unieke motorvakanties. Volledig ontzorgd.\" \/>\n<meta property=\"og:url\" content=\"https:\/\/ride2discover.com\/de\/vietnam-motorreis\/\" \/>\n<meta property=\"og:site_name\" content=\"Ride 2 Discover\" \/>\n<meta property=\"og:image\" content=\"http:\/\/ride2discover.com\/wp-content\/uploads\/2020\/08\/vietnam3-kopie-300x225.jpg\" \/>\n<meta name=\"twitter:card\" content=\"summary_large_image\" \/>\n<meta name=\"twitter:label1\" content=\"Gesch\u00e4tzte Lesezeit\" \/>\n\t<meta name=\"twitter:data1\" content=\"4 minutes\" \/>\n<script type=\"application\/ld+json\" class=\"yoast-schema-graph\">{\"@context\":\"https:\\\/\\\/schema.org\",\"@graph\":[{\"@type\":\"WebPage\",\"@id\":\"https:\\\/\\\/ride2discover.com\\\/vietnam-motorreis\\\/\",\"url\":\"https:\\\/\\\/ride2discover.com\\\/vietnam-motorreis\\\/\",\"name\":\"Vietnam motorreis | Motor reizen en vakanties | Ride2Discover\",\"isPartOf\":{\"@id\":\"https:\\\/\\\/ride2discover.com\\\/#website\"},\"primaryImageOfPage\":{\"@id\":\"https:\\\/\\\/ride2discover.com\\\/vietnam-motorreis\\\/#primaryimage\"},\"image\":{\"@id\":\"https:\\\/\\\/ride2discover.com\\\/vietnam-motorreis\\\/#primaryimage\"},\"thumbnailUrl\":\"http:\\\/\\\/ride2discover.com\\\/wp-content\\\/uploads\\\/2020\\\/08\\\/vietnam3-kopie-300x225.jpg\",\"datePublished\":\"2022-12-29T14:32:14+00:00\",\"description\":\"Vietnam motorreis boeken? Plan uw motorreizen door Vietnam bij Ride 2 Discover. Onvergetelijke en unieke motorvakanties. Volledig ontzorgd.\",\"breadcrumb\":{\"@id\":\"https:\\\/\\\/ride2discover.com\\\/vietnam-motorreis\\\/#breadcrumb\"},\"inLanguage\":\"de-DE\",\"potentialAction\":[{\"@type\":\"ReadAction\",\"target\":[\"https:\\\/\\\/ride2discover.com\\\/vietnam-motorreis\\\/\"]}]},{\"@type\":\"ImageObject\",\"inLanguage\":\"de-DE\",\"@id\":\"https:\\\/\\\/ride2discover.com\\\/vietnam-motorreis\\\/#primaryimage\",\"url\":\"http:\\\/\\\/ride2discover.com\\\/wp-content\\\/uploads\\\/2020\\\/08\\\/vietnam3-kopie-300x225.jpg\",\"contentUrl\":\"http:\\\/\\\/ride2discover.com\\\/wp-content\\\/uploads\\\/2020\\\/08\\\/vietnam3-kopie-300x225.jpg\"},{\"@type\":\"BreadcrumbList\",\"@id\":\"https:\\\/\\\/ride2discover.com\\\/vietnam-motorreis\\\/#breadcrumb\",\"itemListElement\":[{\"@type\":\"ListItem\",\"position\":1,\"name\":\"Home\",\"item\":\"https:\\\/\\\/ride2discover.com\\\/\"},{\"@type\":\"ListItem\",\"position\":2,\"name\":\"Vietnam motorreis\"}]},{\"@type\":\"WebSite\",\"@id\":\"https:\\\/\\\/ride2discover.com\\\/#website\",\"url\":\"https:\\\/\\\/ride2discover.com\\\/\",\"name\":\"Ride 2 Discover\",\"description\":\"\",\"potentialAction\":[{\"@type\":\"SearchAction\",\"target\":{\"@type\":\"EntryPoint\",\"urlTemplate\":\"https:\\\/\\\/ride2discover.com\\\/?s={search_term_string}\"},\"query-input\":{\"@type\":\"PropertyValueSpecification\",\"valueRequired\":true,\"valueName\":\"search_term_string\"}}],\"inLanguage\":\"de-DE\"}]}<\/script>\n<!-- \/ Yoast SEO plugin. -->","yoast_head_json":{"title":"Vietnam Motorradreise | Motorradreisen und Urlaub | Ride2Discover","description":"Motorradtour durch Vietnam buchen? Planen Sie Ihre Motorradtouren in Vietnam mit Ride 2 Discover. Unvergessliche und einzigartige Motorradreisen. V\u00f6llig sorglos.","robots":{"index":"index","follow":"follow","max-snippet":"max-snippet:-1","max-image-preview":"max-image-preview:large","max-video-preview":"max-video-preview:-1"},"canonical":"https:\/\/ride2discover.com\/de\/vietnam-motorreis\/","og_locale":"de_DE","og_type":"article","og_title":"Vietnam motorreis | Motor reizen en vakanties | Ride2Discover","og_description":"Vietnam motorreis boeken? Plan uw motorreizen door Vietnam bij Ride 2 Discover. Onvergetelijke en unieke motorvakanties. Volledig ontzorgd.","og_url":"https:\/\/ride2discover.com\/de\/vietnam-motorreis\/","og_site_name":"Ride 2 Discover","og_image":[{"url":"http:\/\/ride2discover.com\/wp-content\/uploads\/2020\/08\/vietnam3-kopie-300x225.jpg","type":"","width":"","height":""}],"twitter_card":"summary_large_image","twitter_misc":{"Gesch\u00e4tzte Lesezeit":"4 minutes"},"schema":{"@context":"https:\/\/schema.org","@graph":[{"@type":"WebPage","@id":"https:\/\/ride2discover.com\/vietnam-motorreis\/","url":"https:\/\/ride2discover.com\/vietnam-motorreis\/","name":"Vietnam Motorradreise | Motorradreisen und Urlaub | Ride2Discover","isPartOf":{"@id":"https:\/\/ride2discover.com\/#website"},"primaryImageOfPage":{"@id":"https:\/\/ride2discover.com\/vietnam-motorreis\/#primaryimage"},"image":{"@id":"https:\/\/ride2discover.com\/vietnam-motorreis\/#primaryimage"},"thumbnailUrl":"http:\/\/ride2discover.com\/wp-content\/uploads\/2020\/08\/vietnam3-kopie-300x225.jpg","datePublished":"2022-12-29T14:32:14+00:00","description":"Motorradtour durch Vietnam buchen? Planen Sie Ihre Motorradtouren in Vietnam mit Ride 2 Discover. Unvergessliche und einzigartige Motorradreisen. V\u00f6llig sorglos.","breadcrumb":{"@id":"https:\/\/ride2discover.com\/vietnam-motorreis\/#breadcrumb"},"inLanguage":"de-DE","potentialAction":[{"@type":"ReadAction","target":["https:\/\/ride2discover.com\/vietnam-motorreis\/"]}]},{"@type":"ImageObject","inLanguage":"de-DE","@id":"https:\/\/ride2discover.com\/vietnam-motorreis\/#primaryimage","url":"http:\/\/ride2discover.com\/wp-content\/uploads\/2020\/08\/vietnam3-kopie-300x225.jpg","contentUrl":"http:\/\/ride2discover.com\/wp-content\/uploads\/2020\/08\/vietnam3-kopie-300x225.jpg"},{"@type":"BreadcrumbList","@id":"https:\/\/ride2discover.com\/vietnam-motorreis\/#breadcrumb","itemListElement":[{"@type":"ListItem","position":1,"name":"Home","item":"https:\/\/ride2discover.com\/"},{"@type":"ListItem","position":2,"name":"Vietnam motorreis"}]},{"@type":"WebSite","@id":"https:\/\/ride2discover.com\/#website","url":"https:\/\/ride2discover.com\/","name":"Ride 2 Entdecken","description":"","potentialAction":[{"@type":"SearchAction","target":{"@type":"EntryPoint","urlTemplate":"https:\/\/ride2discover.com\/?s={search_term_string}"},"query-input":{"@type":"PropertyValueSpecification","valueRequired":true,"valueName":"search_term_string"}}],"inLanguage":"de-DE"}]}},"_links":{"self":[{"href":"https:\/\/ride2discover.com\/de\/wp-json\/wp\/v2\/pages\/2004","targetHints":{"allow":["GET"]}}],"collection":[{"href":"https:\/\/ride2discover.com\/de\/wp-json\/wp\/v2\/pages"}],"about":[{"href":"https:\/\/ride2discover.com\/de\/wp-json\/wp\/v2\/types\/page"}],"author":[{"embeddable":true,"href":"https:\/\/ride2discover.com\/de\/wp-json\/wp\/v2\/users\/8"}],"replies":[{"embeddable":true,"href":"https:\/\/ride2discover.com\/de\/wp-json\/wp\/v2\/comments?post=2004"}],"version-history":[{"count":0,"href":"https:\/\/ride2discover.com\/de\/wp-json\/wp\/v2\/pages\/2004\/revisions"}],"wp:attachment":[{"href":"https:\/\/ride2discover.com\/de\/wp-json\/wp\/v2\/media?parent=2004"}],"curies":[{"name":"wp","href":"https:\/\/api.w.org\/{rel}","templated":true}]}}