{"id":2003,"date":"2022-12-29T15:30:24","date_gmt":"2022-12-29T14:30:24","guid":{"rendered":"https:\/\/ride2discover.com\/?page_id=2003"},"modified":"2023-12-06T10:32:53","modified_gmt":"2023-12-06T09:32:53","slug":"motorvakantie-vietnam","status":"publish","type":"page","link":"https:\/\/ride2discover.com\/de\/motorvakantie-vietnam\/","title":{"rendered":"Motorradurlaub Vietnam"},"content":{"rendered":"<div id=\"fws_6a075a56dcc9e\"  data-column-margin=\"default\" data-midnight=\"dark\"  class=\"wpb_row vc_row-fluid vc_row standard_section\"  style=\"padding-top: 0px; padding-bottom: 0px; \"><div class=\"row-bg-wrap\" data-bg-animation=\"none\" data-bg-overlay=\"false\"><div class=\"inner-wrap\"><div class=\"row-bg\"  style=\"\"><\/div><\/div><div class=\"row-bg-overlay\" ><\/div><\/div><div class=\"row_col_wrap_12 col span_12 dark left\">\n\t<div  class=\"vc_col-sm-12 wpb_column column_container vc_column_container col no-extra-padding inherit_tablet inherit_phone\"  data-t-w-inherits=\"default\" data-bg-cover=\"\" data-padding-pos=\"all\" data-has-bg-color=\"false\" data-bg-color=\"\" data-bg-opacity=\"1\" data-hover-bg=\"\" data-hover-bg-opacity=\"1\" data-animation=\"\" data-delay=\"0\" >\n\t\t<div class=\"vc_column-inner\" ><div class=\"column-bg-overlay-wrap\" data-bg-animation=\"none\"><div class=\"column-bg-overlay\"><\/div><\/div>\n\t\t\t<div class=\"wpb_wrapper\">\n\t\t\t\t<div class='nectar-post-grid-wrap' data-el-settings='{\"post_type\":\"post\",\"pagination\":\"none\",\"image_size\":\"large\",\"aspect_ratio_image_size\":\"\",\"display_categories\":\"0\",\"display_excerpt\":\"0\",\"display_date\":\"0\",\"color_overlay\":\"\",\"color_overlay_opacity\":\"0.3\",\"color_overlay_hover_opacity\":\"0.4\",\"card_bg_color\":\"\",\"grid_style\":\"content_overlaid\",\"post_title_overlay\":\"\",\"heading_tag\":\"default\"}' data-style='content_overlaid' data-query='{\"post_type\":\"post\",\"posts_per_page\":\"-1\",\"order\":\"DESC\",\"orderby\":\"date\",\"offset\":\"0\"}' data-load-more-color='black' data-load-more-text='Load More'><div class=\"nectar-post-grid-filters\" data-active-color=\"default\" data-animation=\"none\" data-sortable=\"\"><h4>Filter<\/h4><div><a href=\"#\" class=\"active all-filter\" data-total-count=\"0\" data-filter=\"-1\">Alle<\/a><\/div><\/div><div class=\"nectar-post-grid\" data-indicator=\"\" data-indicator-style=\"default\" data-indicator-color=\"#000\" data-indicator-text=\"View\" data-columns=\"4\" data-hover-effect=\"zoom\" data-text-style=\"default\" data-border-radius=\"none\" data-grid-item-height=\"30vh\" data-grid-spacing=\"none\" data-text-layout=\"all_top_left\" data-text-color=\"light\" data-text-hover-color=\"light\" data-shadow-hover=\"\" data-masonry=\"\" data-animation=\"none\" data-cat-click=\"default\"><\/div><\/div>\n\t\t\t<\/div> \n\t\t<\/div>\n\t<\/div> \n<\/div><\/div>\n\t\t<div id=\"fws_6a075a56dd6e3\"  data-column-margin=\"default\" data-midnight=\"dark\"  class=\"wpb_row vc_row-fluid vc_row standard_section\"  style=\"padding-top: 0px; padding-bottom: 0px; \"><div class=\"row-bg-wrap\" data-bg-animation=\"none\" data-bg-overlay=\"false\"><div class=\"inner-wrap\"><div class=\"row-bg\"  style=\"\"><\/div><\/div><div class=\"row-bg-overlay\" ><\/div><\/div><div class=\"row_col_wrap_12 col span_12 dark left\">\n\t<div  class=\"vc_col-sm-12 wpb_column column_container vc_column_container col no-extra-padding inherit_tablet inherit_phone\"  data-t-w-inherits=\"default\" data-bg-cover=\"\" data-padding-pos=\"all\" data-has-bg-color=\"false\" data-bg-color=\"\" data-bg-opacity=\"1\" data-hover-bg=\"\" data-hover-bg-opacity=\"1\" data-animation=\"\" data-delay=\"0\" >\n\t\t<div class=\"vc_column-inner\" ><div class=\"column-bg-overlay-wrap\" data-bg-animation=\"none\"><div class=\"column-bg-overlay\"><\/div><\/div>\n\t\t\t<div class=\"wpb_wrapper\">\n\t\t\t\t\r\n<div class=\"wpb_text_column wpb_content_element\" >\r\n\t<div class=\"wpb_wrapper\">\r\n\t\t<h1 data-pm-slice=\"1 1 &#091;&#093;\">Unvergesslicher Motorradurlaub Vietnam<\/h1>\n<p><img loading=\"lazy\" decoding=\"async\" class=\"alignright size-medium wp-image-139\" src=\"http:\/\/ride2discover.com\/wp-content\/uploads\/2020\/08\/vietnam3-kopie-300x225.jpg\" alt=\"\" width=\"300\" height=\"225\" srcset=\"\/\/ride2discover.com\/wp-content\/uploads\/2020\/08\/vietnam3-kopie-300x225.jpg 300w, \/\/ride2discover.com\/wp-content\/uploads\/2020\/08\/vietnam3-kopie-1024x768.jpg 1024w, \/\/ride2discover.com\/wp-content\/uploads\/2020\/08\/vietnam3-kopie-768x576.jpg 768w, \/\/ride2discover.com\/wp-content\/uploads\/2020\/08\/vietnam3-kopie-1536x1152.jpg 1536w, \/\/ride2discover.com\/wp-content\/uploads\/2020\/08\/vietnam3-kopie-2048x1536.jpg 2048w\" sizes=\"auto, (max-width: 300px) 100vw, 300px\" \/><\/p>\n<p data-pm-slice=\"1 1 &#091;&#093;\">W\u00fcnschen Sie sich einen Urlaub, den Sie ein Leben lang nicht vergessen werden? Wie w\u00e4re es mit einem <strong>Motorradurlaub Vietnam<\/strong>? Fahren Sie gerne Motorrad? Interessieren Sie sich f\u00fcr andere Kulturen? Dann hat Ride 2 Discover bestimmt etwas f\u00fcr Sie zu bieten. Wir organisieren einzigartige und unvergessliche Motorradtouren durch Asien und Europa. Eine 22-t\u00e4gige <strong>Motorradurlaub Vietnam<\/strong> ist eine abwechslungsreiche Reise, die alles bietet, was einen Urlaub unvergesslich macht. Neben einer fantastischen Tour auf sch\u00f6nen Bergstra\u00dfen lernen Sie eine faszinierende Kultur kennen. Sie werden zweifellos die atemberaubenden Aussichten, die historischen Sehensw\u00fcrdigkeiten und die Begegnung mit besonderen Bergbewohnern genie\u00dfen. Sie werden auch die vielf\u00e4ltige vietnamesische K\u00fcche zu sch\u00e4tzen wissen. Wir haben unsere Leidenschaft zu unserer Arbeit gemacht und das merkt man. Unbekannte L\u00e4nder mit dem Motorrad zu besuchen, ist ein fantastisches Erlebnis. Unser Markenzeichen ist der gro\u00dfe pers\u00f6nliche Mehrwert, den wir den Touren verleihen. Wenn Sie sich f\u00fcr eine <em>Motorradurlaub Vietnam<\/em> dann arrangieren wir alles bis ins kleinste Detail. Nichts wird dem Zufall \u00fcberlassen und unsere Programme sind gut zusammengestellt. Sowohl bei der Vorbereitung als auch w\u00e4hrend der Reise begleiten wir Sie pers\u00f6nlich. Ride 2 Discover sorgt daf\u00fcr, dass es eine unvergessliche Reise wird!<\/p>\n<h3>Unsere Motorradtouren in Vietnam:<\/h3>\n\t<\/div>\r\n<\/div>\r\n\r\n\r\n\r\n\n\t\t\t<\/div> \n\t\t<\/div>\n\t<\/div> \n<\/div><\/div>\n\t\t<div id=\"fws_6a075a56dd881\"  data-column-margin=\"default\" data-midnight=\"dark\"  class=\"wpb_row vc_row-fluid vc_row standard_section\"  style=\"padding-top: 0px; padding-bottom: 0px; \"><div class=\"row-bg-wrap\" data-bg-animation=\"none\" data-bg-overlay=\"false\"><div class=\"inner-wrap\"><div class=\"row-bg\"  style=\"\"><\/div><\/div><div class=\"row-bg-overlay\" ><\/div><\/div><div class=\"row_col_wrap_12 col span_12 dark left\">\n\t<div  class=\"vc_col-sm-12 wpb_column column_container vc_column_container col no-extra-padding inherit_tablet inherit_phone\"  data-t-w-inherits=\"default\" data-bg-cover=\"\" data-padding-pos=\"all\" data-has-bg-color=\"false\" data-bg-color=\"\" data-bg-opacity=\"1\" data-hover-bg=\"\" data-hover-bg-opacity=\"1\" data-animation=\"\" data-delay=\"0\" >\n\t\t<div class=\"vc_column-inner\" ><div class=\"column-bg-overlay-wrap\" data-bg-animation=\"none\"><div class=\"column-bg-overlay\"><\/div><\/div>\n\t\t\t<div class=\"wpb_wrapper\">\n\t\t\t\t\t\t\t\t\r\n\t\t\t\t\r\n\t\t\t\t\r\n\t\t\t\t<div class=\"portfolio-wrap\">\r\n\t\t\t\t\t\r\n\t\t\t\t\t\t\t\t\t\t\r\n\t\t\t\t\t<span class=\"portfolio-loading  spin\">   <\/span>\r\n\t\t\t\t\t\r\n\t\t\t\t\t\t\t\t\t\t\r\n\t\t\t\t\t<div class=\"row portfolio-items no-masonry\" data-rcp=\"false\" data-masonry-type=\"default\" data-ps=\"1\" data-starting-filter=\"\" data-gutter=\"default\" data-categories-to-show=\"vietnam\" data-bypass-cropping=\"\" data-lightbox-only=\"0\" data-col-num=\"cols-2\">\r\n\t\t\t\t\t\t\t\t\t\t\t\r\n\t\t\t\t<\/div><!--\/portfolio-->\r\n\t\t\t<\/div><!--\/portfolio wrap-->\r\n\t\t\t\r\n\t\t\t\n\t\t\t<\/div> \n\t\t<\/div>\n\t<\/div> \n<\/div><\/div>\n\t\t<div id=\"fws_6a075a56dde9a\"  data-column-margin=\"default\" data-midnight=\"dark\"  class=\"wpb_row vc_row-fluid vc_row standard_section\"  style=\"padding-top: 0px; padding-bottom: 0px; \"><div class=\"row-bg-wrap\" data-bg-animation=\"none\" data-bg-overlay=\"false\"><div class=\"inner-wrap\"><div class=\"row-bg\"  style=\"\"><\/div><\/div><div class=\"row-bg-overlay\" ><\/div><\/div><div class=\"row_col_wrap_12 col span_12 dark left\">\n\t<div  class=\"vc_col-sm-12 wpb_column column_container vc_column_container col no-extra-padding inherit_tablet inherit_phone\"  data-t-w-inherits=\"default\" data-bg-cover=\"\" data-padding-pos=\"all\" data-has-bg-color=\"false\" data-bg-color=\"\" data-bg-opacity=\"1\" data-hover-bg=\"\" data-hover-bg-opacity=\"1\" data-animation=\"\" data-delay=\"0\" >\n\t\t<div class=\"vc_column-inner\" ><div class=\"column-bg-overlay-wrap\" data-bg-animation=\"none\"><div class=\"column-bg-overlay\"><\/div><\/div>\n\t\t\t<div class=\"wpb_wrapper\">\n\t\t\t\t\r\n<div class=\"wpb_text_column wpb_content_element\" >\r\n\t<div class=\"wpb_wrapper\">\r\n\t\t<h2 data-pm-slice=\"1 1 &#091;&#093;\">Programm f\u00fcr Ihren Motorradurlaub in Vietnam<\/h2>\n<p data-pm-slice=\"1 1 &#091;&#093;\">Suche nach einem <strong>Motorradurlaub Vietnam<\/strong>? Dann suchen Sie nicht weiter, denn bei Ride 2 Discover sind Sie an der richtigen Adresse f\u00fcr ein unvergessliches Abenteuer in diesem wundersch\u00f6nen Land. Vietnam ist mit seinen atemberaubenden Landschaften, seiner reichen Geschichte und seiner lebendigen Kultur eines der begehrtesten Ziele f\u00fcr Motorradfahrer. Unsere Motorradreisen in Vietnam bieten die perfekte Gelegenheit, dieses faszinierende Land auf einzigartige Weise zu erkunden. Bei Ride 2 Discover wissen wir, dass Sicherheit und Komfort von gr\u00f6\u00dfter Bedeutung sind. Deshalb stellen wir Ihnen gut gewartete Motorr\u00e4der zur Verf\u00fcgung und statten Sie mit der notwendigen Ausr\u00fcstung aus. Unsere erfahrenen Reiseleiter begleiten Sie w\u00e4hrend der gesamten Reise und stehen Ihnen bei Bedarf mit Rat und Tat zur Seite, so dass Sie sich voller Vertrauen auf den Weg machen k\u00f6nnen. Werfen Sie einen Blick auf diese Website und lassen Sie sich inspirieren von einem <strong>Motorradurlaub Vietnam<\/strong> Mit Ride 2 Discover.<\/p>\n<h2>Motorradurlaub Vietnam mit Ride 2 Discover<\/h2>\n<p>Vietnam ist bekannt f\u00fcr seine malerischen Stra\u00dfen, die sich durch weite Reisfelder, malerische Bergd\u00f6rfer und \u00fcppigen Dschungel schl\u00e4ngeln. Ganz gleich, ob Sie die kurvenreichen Bergp\u00e4sse des Nordens bezwingen, die historische Stadt Hanoi erkunden oder an den wundersch\u00f6nen Str\u00e4nden von Nha Trang entlangfahren m\u00f6chten, unsere Reiserouten wurden sorgf\u00e4ltig ausgearbeitet, um Ihnen das bestm\u00f6gliche Erlebnis zu bieten. Was unser <em>Motorradurlaub Vietnam<\/em> Das wirklich Besondere ist die M\u00f6glichkeit, tiefer in die lokale Kultur einzutauchen. Besuchen Sie einheimische Gemeinden, probieren Sie authentisches vietnamesisches Essen und erfahren Sie mehr \u00fcber die Geschichte und Traditionen dieses wundersch\u00f6nen Landes. Wir f\u00f6rdern den Austausch mit den Einheimischen, damit Sie die Herzlichkeit und Gastfreundschaft Vietnams erleben k\u00f6nnen.<\/p>\n<h2>Motorradurlaub in Vietnam bis ins kleinste Detail geplant<\/h2>\n<p>Unsere Reisen nach Vietnam sind bis ins kleinste Detail durchorganisiert, wobei auf jedes Detail geachtet wird. Von gut gewarteten Motorr\u00e4dern und professionellen Reiseleitern bis hin zu sorgf\u00e4ltig ausgearbeiteten Routen und komfortablen Unterk\u00fcnften - bei Ride 2 Discover streben wir nach Perfektion. Wir wissen, dass es bei einer erfolgreichen Motorradreise nicht nur um die Fahrt selbst geht, sondern auch um das Erlebnis als Ganzes. Deshalb legen wir besonderen Wert auf Sicherheit, Komfort und das Eintauchen in die lokale Kultur. \u00dcberlassen Sie uns die Organisation Ihres Motorradurlaubs in Vietnam, damit Sie sich ganz darauf konzentrieren k\u00f6nnen, dieses wundersch\u00f6ne Land zu erkunden und bleibende Erinnerungen zu schaffen. Kurz gesagt, wenn Sie von einem <em>Motorradurlaub Vietnam<\/em> die Sie sowohl herausfordert als auch verzaubert, dann sind Sie bei Ride 2 Discover an der richtigen Adresse. Lassen Sie sich von uns auf eine unvergessliche Reise durch die Sch\u00f6nheit und Vielfalt Vietnams mitnehmen, w\u00e4hrend Sie die Welt auf zwei R\u00e4dern entdecken.<\/p>\n\t<\/div>\r\n<\/div>\r\n\r\n\r\n\r\n\n\t\t\t<\/div> \n\t\t<\/div>\n\t<\/div> \n<\/div><\/div>","protected":false},"excerpt":{"rendered":"FilterAlle Unvergessliche Motorradferien Vietnam M\u00f6chten Sie einen Urlaub, den Sie ein Leben lang nicht vergessen werden? Wie w\u00e4re es mit einem Motorradurlaub in Vietnam? Fahren Sie gerne Motorrad? ....","protected":false},"author":8,"featured_media":0,"parent":0,"menu_order":0,"comment_status":"closed","ping_status":"closed","template":"","meta":{"footnotes":""},"class_list":["post-2003","page","type-page","status-publish"],"yoast_head":"<!-- This site is optimized with the Yoast SEO plugin v27.5 - https:\/\/yoast.com\/product\/yoast-seo-wordpress\/ -->\n<title>Motorvakantie Vietnam | Motorvakanties Vietnam | Ride2Discover<\/title>\n<meta name=\"description\" content=\"Motorvakantie Vietnam boeken? Plan uw motorvakanties Vietnam bij Ride 2 Discover. Onvergetelijke en unieke motorvakanties. Volledig ontzorgd.\" \/>\n<meta name=\"robots\" content=\"index, follow, max-snippet:-1, max-image-preview:large, max-video-preview:-1\" \/>\n<link rel=\"canonical\" href=\"https:\/\/ride2discover.com\/de\/motorvakantie-vietnam\/\" \/>\n<meta property=\"og:locale\" content=\"de_DE\" \/>\n<meta property=\"og:type\" content=\"article\" \/>\n<meta property=\"og:title\" content=\"Motorvakantie Vietnam | Motorvakanties Vietnam | Ride2Discover\" \/>\n<meta property=\"og:description\" content=\"Motorvakantie Vietnam boeken? Plan uw motorvakanties Vietnam bij Ride 2 Discover. Onvergetelijke en unieke motorvakanties. Volledig ontzorgd.\" \/>\n<meta property=\"og:url\" content=\"https:\/\/ride2discover.com\/de\/motorvakantie-vietnam\/\" \/>\n<meta property=\"og:site_name\" content=\"Ride 2 Discover\" \/>\n<meta property=\"article:modified_time\" content=\"2023-12-06T09:32:53+00:00\" \/>\n<meta property=\"og:image\" content=\"http:\/\/ride2discover.com\/wp-content\/uploads\/2020\/08\/vietnam3-kopie-300x225.jpg\" \/>\n<meta name=\"twitter:card\" content=\"summary_large_image\" \/>\n<meta name=\"twitter:label1\" content=\"Gesch\u00e4tzte Lesezeit\" \/>\n\t<meta name=\"twitter:data1\" content=\"4 minutes\" \/>\n<script type=\"application\/ld+json\" class=\"yoast-schema-graph\">{\"@context\":\"https:\\\/\\\/schema.org\",\"@graph\":[{\"@type\":\"WebPage\",\"@id\":\"https:\\\/\\\/ride2discover.com\\\/motorvakantie-vietnam\\\/\",\"url\":\"https:\\\/\\\/ride2discover.com\\\/motorvakantie-vietnam\\\/\",\"name\":\"Motorvakantie Vietnam | Motorvakanties Vietnam | Ride2Discover\",\"isPartOf\":{\"@id\":\"https:\\\/\\\/ride2discover.com\\\/#website\"},\"primaryImageOfPage\":{\"@id\":\"https:\\\/\\\/ride2discover.com\\\/motorvakantie-vietnam\\\/#primaryimage\"},\"image\":{\"@id\":\"https:\\\/\\\/ride2discover.com\\\/motorvakantie-vietnam\\\/#primaryimage\"},\"thumbnailUrl\":\"http:\\\/\\\/ride2discover.com\\\/wp-content\\\/uploads\\\/2020\\\/08\\\/vietnam3-kopie-300x225.jpg\",\"datePublished\":\"2022-12-29T14:30:24+00:00\",\"dateModified\":\"2023-12-06T09:32:53+00:00\",\"description\":\"Motorvakantie Vietnam boeken? Plan uw motorvakanties Vietnam bij Ride 2 Discover. Onvergetelijke en unieke motorvakanties. Volledig ontzorgd.\",\"breadcrumb\":{\"@id\":\"https:\\\/\\\/ride2discover.com\\\/motorvakantie-vietnam\\\/#breadcrumb\"},\"inLanguage\":\"de-DE\",\"potentialAction\":[{\"@type\":\"ReadAction\",\"target\":[\"https:\\\/\\\/ride2discover.com\\\/motorvakantie-vietnam\\\/\"]}]},{\"@type\":\"ImageObject\",\"inLanguage\":\"de-DE\",\"@id\":\"https:\\\/\\\/ride2discover.com\\\/motorvakantie-vietnam\\\/#primaryimage\",\"url\":\"http:\\\/\\\/ride2discover.com\\\/wp-content\\\/uploads\\\/2020\\\/08\\\/vietnam3-kopie-300x225.jpg\",\"contentUrl\":\"http:\\\/\\\/ride2discover.com\\\/wp-content\\\/uploads\\\/2020\\\/08\\\/vietnam3-kopie-300x225.jpg\"},{\"@type\":\"BreadcrumbList\",\"@id\":\"https:\\\/\\\/ride2discover.com\\\/motorvakantie-vietnam\\\/#breadcrumb\",\"itemListElement\":[{\"@type\":\"ListItem\",\"position\":1,\"name\":\"Home\",\"item\":\"https:\\\/\\\/ride2discover.com\\\/\"},{\"@type\":\"ListItem\",\"position\":2,\"name\":\"Motorvakantie Vietnam\"}]},{\"@type\":\"WebSite\",\"@id\":\"https:\\\/\\\/ride2discover.com\\\/#website\",\"url\":\"https:\\\/\\\/ride2discover.com\\\/\",\"name\":\"Ride 2 Discover\",\"description\":\"\",\"potentialAction\":[{\"@type\":\"SearchAction\",\"target\":{\"@type\":\"EntryPoint\",\"urlTemplate\":\"https:\\\/\\\/ride2discover.com\\\/?s={search_term_string}\"},\"query-input\":{\"@type\":\"PropertyValueSpecification\",\"valueRequired\":true,\"valueName\":\"search_term_string\"}}],\"inLanguage\":\"de-DE\"}]}<\/script>\n<!-- \/ Yoast SEO plugin. -->","yoast_head_json":{"title":"Motorradurlaub Vietnam | Motorradurlaub Vietnam | Ride2Discover","description":"Motorradurlaub in Vietnam buchen? Planen Sie Ihren Motorradurlaub in Vietnam mit Ride 2 Discover. Unvergessliche und einzigartige Motorradferien. V\u00f6llig sorglos.","robots":{"index":"index","follow":"follow","max-snippet":"max-snippet:-1","max-image-preview":"max-image-preview:large","max-video-preview":"max-video-preview:-1"},"canonical":"https:\/\/ride2discover.com\/de\/motorvakantie-vietnam\/","og_locale":"de_DE","og_type":"article","og_title":"Motorvakantie Vietnam | Motorvakanties Vietnam | Ride2Discover","og_description":"Motorvakantie Vietnam boeken? Plan uw motorvakanties Vietnam bij Ride 2 Discover. Onvergetelijke en unieke motorvakanties. Volledig ontzorgd.","og_url":"https:\/\/ride2discover.com\/de\/motorvakantie-vietnam\/","og_site_name":"Ride 2 Discover","article_modified_time":"2023-12-06T09:32:53+00:00","og_image":[{"url":"http:\/\/ride2discover.com\/wp-content\/uploads\/2020\/08\/vietnam3-kopie-300x225.jpg","type":"","width":"","height":""}],"twitter_card":"summary_large_image","twitter_misc":{"Gesch\u00e4tzte Lesezeit":"4 minutes"},"schema":{"@context":"https:\/\/schema.org","@graph":[{"@type":"WebPage","@id":"https:\/\/ride2discover.com\/motorvakantie-vietnam\/","url":"https:\/\/ride2discover.com\/motorvakantie-vietnam\/","name":"Motorradurlaub Vietnam | Motorradurlaub Vietnam | Ride2Discover","isPartOf":{"@id":"https:\/\/ride2discover.com\/#website"},"primaryImageOfPage":{"@id":"https:\/\/ride2discover.com\/motorvakantie-vietnam\/#primaryimage"},"image":{"@id":"https:\/\/ride2discover.com\/motorvakantie-vietnam\/#primaryimage"},"thumbnailUrl":"http:\/\/ride2discover.com\/wp-content\/uploads\/2020\/08\/vietnam3-kopie-300x225.jpg","datePublished":"2022-12-29T14:30:24+00:00","dateModified":"2023-12-06T09:32:53+00:00","description":"Motorradurlaub in Vietnam buchen? Planen Sie Ihren Motorradurlaub in Vietnam mit Ride 2 Discover. Unvergessliche und einzigartige Motorradferien. V\u00f6llig sorglos.","breadcrumb":{"@id":"https:\/\/ride2discover.com\/motorvakantie-vietnam\/#breadcrumb"},"inLanguage":"de-DE","potentialAction":[{"@type":"ReadAction","target":["https:\/\/ride2discover.com\/motorvakantie-vietnam\/"]}]},{"@type":"ImageObject","inLanguage":"de-DE","@id":"https:\/\/ride2discover.com\/motorvakantie-vietnam\/#primaryimage","url":"http:\/\/ride2discover.com\/wp-content\/uploads\/2020\/08\/vietnam3-kopie-300x225.jpg","contentUrl":"http:\/\/ride2discover.com\/wp-content\/uploads\/2020\/08\/vietnam3-kopie-300x225.jpg"},{"@type":"BreadcrumbList","@id":"https:\/\/ride2discover.com\/motorvakantie-vietnam\/#breadcrumb","itemListElement":[{"@type":"ListItem","position":1,"name":"Home","item":"https:\/\/ride2discover.com\/"},{"@type":"ListItem","position":2,"name":"Motorvakantie Vietnam"}]},{"@type":"WebSite","@id":"https:\/\/ride2discover.com\/#website","url":"https:\/\/ride2discover.com\/","name":"Ride 2 Entdecken","description":"","potentialAction":[{"@type":"SearchAction","target":{"@type":"EntryPoint","urlTemplate":"https:\/\/ride2discover.com\/?s={search_term_string}"},"query-input":{"@type":"PropertyValueSpecification","valueRequired":true,"valueName":"search_term_string"}}],"inLanguage":"de-DE"}]}},"_links":{"self":[{"href":"https:\/\/ride2discover.com\/de\/wp-json\/wp\/v2\/pages\/2003","targetHints":{"allow":["GET"]}}],"collection":[{"href":"https:\/\/ride2discover.com\/de\/wp-json\/wp\/v2\/pages"}],"about":[{"href":"https:\/\/ride2discover.com\/de\/wp-json\/wp\/v2\/types\/page"}],"author":[{"embeddable":true,"href":"https:\/\/ride2discover.com\/de\/wp-json\/wp\/v2\/users\/8"}],"replies":[{"embeddable":true,"href":"https:\/\/ride2discover.com\/de\/wp-json\/wp\/v2\/comments?post=2003"}],"version-history":[{"count":0,"href":"https:\/\/ride2discover.com\/de\/wp-json\/wp\/v2\/pages\/2003\/revisions"}],"wp:attachment":[{"href":"https:\/\/ride2discover.com\/de\/wp-json\/wp\/v2\/media?parent=2003"}],"curies":[{"name":"wp","href":"https:\/\/api.w.org\/{rel}","templated":true}]}}