{"id":2002,"date":"2022-12-29T15:28:19","date_gmt":"2022-12-29T14:28:19","guid":{"rendered":"https:\/\/ride2discover.com\/?page_id=2002"},"modified":"2023-11-08T09:35:30","modified_gmt":"2023-11-08T08:35:30","slug":"motorreizen-vietnam","status":"publish","type":"page","link":"https:\/\/ride2discover.com\/de\/motorreizen-vietnam\/","title":{"rendered":"Motorradtouren Vietnam"},"content":{"rendered":"<div id=\"fws_69ebb738922fd\"  data-column-margin=\"default\" data-midnight=\"dark\"  class=\"wpb_row vc_row-fluid vc_row standard_section\"  style=\"padding-top: 0px; padding-bottom: 0px; \"><div class=\"row-bg-wrap\" data-bg-animation=\"none\" data-bg-overlay=\"false\"><div class=\"inner-wrap\"><div class=\"row-bg\"  style=\"\"><\/div><\/div><div class=\"row-bg-overlay\" ><\/div><\/div><div class=\"row_col_wrap_12 col span_12 dark left\">\n\t<div  class=\"vc_col-sm-12 wpb_column column_container vc_column_container col no-extra-padding inherit_tablet inherit_phone\"  data-t-w-inherits=\"default\" data-bg-cover=\"\" data-padding-pos=\"all\" data-has-bg-color=\"false\" data-bg-color=\"\" data-bg-opacity=\"1\" data-hover-bg=\"\" data-hover-bg-opacity=\"1\" data-animation=\"\" data-delay=\"0\" >\n\t\t<div class=\"vc_column-inner\" ><div class=\"column-bg-overlay-wrap\" data-bg-animation=\"none\"><div class=\"column-bg-overlay\"><\/div><\/div>\n\t\t\t<div class=\"wpb_wrapper\">\n\t\t\t\t<div class='nectar-post-grid-wrap' data-el-settings='{\"post_type\":\"post\",\"pagination\":\"none\",\"image_size\":\"large\",\"aspect_ratio_image_size\":\"\",\"display_categories\":\"0\",\"display_excerpt\":\"0\",\"display_date\":\"0\",\"color_overlay\":\"\",\"color_overlay_opacity\":\"0.3\",\"color_overlay_hover_opacity\":\"0.4\",\"card_bg_color\":\"\",\"grid_style\":\"content_overlaid\",\"post_title_overlay\":\"\",\"heading_tag\":\"default\"}' data-style='content_overlaid' data-query='{\"post_type\":\"post\",\"posts_per_page\":\"-1\",\"order\":\"DESC\",\"orderby\":\"date\",\"offset\":\"0\"}' data-load-more-color='black' data-load-more-text='Load More'><div class=\"nectar-post-grid-filters\" data-active-color=\"default\" data-animation=\"none\" data-sortable=\"\"><h4>Filter<\/h4><div><a href=\"#\" class=\"active all-filter\" data-total-count=\"0\" data-filter=\"-1\">Alle<\/a><\/div><\/div><div class=\"nectar-post-grid\" data-indicator=\"\" data-indicator-style=\"default\" data-indicator-color=\"#000\" data-indicator-text=\"View\" data-columns=\"4\" data-hover-effect=\"zoom\" data-text-style=\"default\" data-border-radius=\"none\" data-grid-item-height=\"30vh\" data-grid-spacing=\"none\" data-text-layout=\"all_top_left\" data-text-color=\"light\" data-text-hover-color=\"light\" data-shadow-hover=\"\" data-masonry=\"\" data-animation=\"none\" data-cat-click=\"default\"><\/div><\/div>\n\t\t\t<\/div> \n\t\t<\/div>\n\t<\/div> \n<\/div><\/div>\n\t\t<div id=\"fws_69ebb73893bc2\"  data-column-margin=\"default\" data-midnight=\"dark\"  class=\"wpb_row vc_row-fluid vc_row standard_section\"  style=\"padding-top: 0px; padding-bottom: 0px; \"><div class=\"row-bg-wrap\" data-bg-animation=\"none\" data-bg-overlay=\"false\"><div class=\"inner-wrap\"><div class=\"row-bg\"  style=\"\"><\/div><\/div><div class=\"row-bg-overlay\" ><\/div><\/div><div class=\"row_col_wrap_12 col span_12 dark left\">\n\t<div  class=\"vc_col-sm-12 wpb_column column_container vc_column_container col no-extra-padding inherit_tablet inherit_phone\"  data-t-w-inherits=\"default\" data-bg-cover=\"\" data-padding-pos=\"all\" data-has-bg-color=\"false\" data-bg-color=\"\" data-bg-opacity=\"1\" data-hover-bg=\"\" data-hover-bg-opacity=\"1\" data-animation=\"\" data-delay=\"0\" >\n\t\t<div class=\"vc_column-inner\" ><div class=\"column-bg-overlay-wrap\" data-bg-animation=\"none\"><div class=\"column-bg-overlay\"><\/div><\/div>\n\t\t\t<div class=\"wpb_wrapper\">\n\t\t\t\t\r\n<div class=\"wpb_text_column wpb_content_element\" >\r\n\t<div class=\"wpb_wrapper\">\r\n\t\t<h1 data-pm-slice=\"1 1 &#091;&#093;\">Unvergessliche Motorradtouren in Vietnam mit Ride 2 Discover!<\/h1>\n<p><img loading=\"lazy\" decoding=\"async\" class=\"alignright size-medium wp-image-139\" src=\"http:\/\/ride2discover.com\/wp-content\/uploads\/2020\/08\/vietnam3-kopie-300x225.jpg\" alt=\"\" width=\"300\" height=\"225\" srcset=\"\/\/ride2discover.com\/wp-content\/uploads\/2020\/08\/vietnam3-kopie-300x225.jpg 300w, \/\/ride2discover.com\/wp-content\/uploads\/2020\/08\/vietnam3-kopie-1024x768.jpg 1024w, \/\/ride2discover.com\/wp-content\/uploads\/2020\/08\/vietnam3-kopie-768x576.jpg 768w, \/\/ride2discover.com\/wp-content\/uploads\/2020\/08\/vietnam3-kopie-1536x1152.jpg 1536w, \/\/ride2discover.com\/wp-content\/uploads\/2020\/08\/vietnam3-kopie-2048x1536.jpg 2048w\" sizes=\"auto, (max-width: 300px) 100vw, 300px\" \/><\/p>\n<p data-pm-slice=\"1 1 &#091;&#093;\">M\u00f6chten Sie Vietnam auf eine andere Art und Weise kennen lernen? Dann entscheiden Sie sich f\u00fcr eine Motorradtour durch Vietnam. Ride 2 Discover organisiert u.a. <strong>Motorradtouren Vietnam<\/strong>. Die Reisen, die wir in Asien und Europa anbieten, sind bis ins kleinste Detail gut organisiert. Ride 2 Discover zeichnet sich durch eine pers\u00f6nliche Betreuung vom Zeitpunkt der Anmeldung bis zum Ende der Reise aus. Asien ist ein faszinierender Kontinent mit einer gro\u00dfen Vielfalt an Kultur und Natur. Unser <strong>Motorradtouren Vietnam<\/strong> sind einzigartig und unvergesslich. Vietnam ist ein wundersch\u00f6nes Land, das sich hervorragend zum Erkunden mit dem Motorrad eignet. Sie fahren mit dem Motorrad durch wundersch\u00f6ne T\u00e4ler, vorbei an schroffen Bergen und weiten Reisfeldern. Es ist eine abwechslungsreiche Reise, denn wir besuchen auch historische St\u00e4tten und treffen Einheimische. Nat\u00fcrlich lernen wir auch die vietnamesische K\u00fcche kennen. Wir haben unsere Leidenschaft zu unserem Beruf gemacht. Unsere Crew wird 100 Prozent Einsatz geben, damit Ihre Motorradreise ein Erfolg wird. Das vollst\u00e4ndige Programm einer Motorradreise durch Vietnam finden Sie auf dieser Website. Sie werden von den verschiedenen geplanten Aktivit\u00e4ten \u00fcberrascht sein. Wie w\u00e4re es mit einem Spaziergang durch die verbotene lila Stadt Hu\u00e9?<\/p>\n<h3>Unsere Motorradtouren in Vietnam:<\/h3>\n\t<\/div>\r\n<\/div>\r\n\r\n\r\n\r\n\n\t\t\t<\/div> \n\t\t<\/div>\n\t<\/div> \n<\/div><\/div>\n\t\t<div id=\"fws_69ebb73893d90\"  data-column-margin=\"default\" data-midnight=\"dark\"  class=\"wpb_row vc_row-fluid vc_row standard_section\"  style=\"padding-top: 0px; padding-bottom: 0px; \"><div class=\"row-bg-wrap\" data-bg-animation=\"none\" data-bg-overlay=\"false\"><div class=\"inner-wrap\"><div class=\"row-bg\"  style=\"\"><\/div><\/div><div class=\"row-bg-overlay\" ><\/div><\/div><div class=\"row_col_wrap_12 col span_12 dark left\">\n\t<div  class=\"vc_col-sm-12 wpb_column column_container vc_column_container col no-extra-padding inherit_tablet inherit_phone\"  data-t-w-inherits=\"default\" data-bg-cover=\"\" data-padding-pos=\"all\" data-has-bg-color=\"false\" data-bg-color=\"\" data-bg-opacity=\"1\" data-hover-bg=\"\" data-hover-bg-opacity=\"1\" data-animation=\"\" data-delay=\"0\" >\n\t\t<div class=\"vc_column-inner\" ><div class=\"column-bg-overlay-wrap\" data-bg-animation=\"none\"><div class=\"column-bg-overlay\"><\/div><\/div>\n\t\t\t<div class=\"wpb_wrapper\">\n\t\t\t\t\t\t\t\t\r\n\t\t\t\t\r\n\t\t\t\t\r\n\t\t\t\t<div class=\"portfolio-wrap\">\r\n\t\t\t\t\t\r\n\t\t\t\t\t\t\t\t\t\t\r\n\t\t\t\t\t<span class=\"portfolio-loading  spin\">   <\/span>\r\n\t\t\t\t\t\r\n\t\t\t\t\t\t\t\t\t\t\r\n\t\t\t\t\t<div class=\"row portfolio-items no-masonry\" data-rcp=\"false\" data-masonry-type=\"default\" data-ps=\"1\" data-starting-filter=\"\" data-gutter=\"default\" data-categories-to-show=\"vietnam\" data-bypass-cropping=\"\" data-lightbox-only=\"0\" data-col-num=\"cols-2\">\r\n\t\t\t\t\t\t\t\t\t\t\t\r\n\t\t\t\t<\/div><!--\/portfolio-->\r\n\t\t\t<\/div><!--\/portfolio wrap-->\r\n\t\t\t\r\n\t\t\t\n\t\t\t<\/div> \n\t\t<\/div>\n\t<\/div> \n<\/div><\/div>\n\t\t<div id=\"fws_69ebb73895788\"  data-column-margin=\"default\" data-midnight=\"dark\"  class=\"wpb_row vc_row-fluid vc_row standard_section\"  style=\"padding-top: 0px; padding-bottom: 0px; \"><div class=\"row-bg-wrap\" data-bg-animation=\"none\" data-bg-overlay=\"false\"><div class=\"inner-wrap\"><div class=\"row-bg\"  style=\"\"><\/div><\/div><div class=\"row-bg-overlay\" ><\/div><\/div><div class=\"row_col_wrap_12 col span_12 dark left\">\n\t<div  class=\"vc_col-sm-12 wpb_column column_container vc_column_container col no-extra-padding inherit_tablet inherit_phone\"  data-t-w-inherits=\"default\" data-bg-cover=\"\" data-padding-pos=\"all\" data-has-bg-color=\"false\" data-bg-color=\"\" data-bg-opacity=\"1\" data-hover-bg=\"\" data-hover-bg-opacity=\"1\" data-animation=\"\" data-delay=\"0\" >\n\t\t<div class=\"vc_column-inner\" ><div class=\"column-bg-overlay-wrap\" data-bg-animation=\"none\"><div class=\"column-bg-overlay\"><\/div><\/div>\n\t\t\t<div class=\"wpb_wrapper\">\n\t\t\t\t\r\n<div class=\"wpb_text_column wpb_content_element\" >\r\n\t<div class=\"wpb_wrapper\">\r\n\t\t<h2 data-pm-slice=\"1 1 &#091;&#093;\">Fahren Sie durch atemberaubende Landschaften mit Motorradtouren Vietnam<\/h2>\n<p>Suchst du nach coolen<strong> Motorradtouren Vietnam<\/strong>? Dann suchen Sie nicht weiter. Bei Ride 2 Discover sind Sie an der richtigen Adresse. Vietnam bietet mit seinen vielf\u00e4ltigen und dramatischen Landschaften eine bezaubernde Kulisse f\u00fcr Motorradtouren, die Motorradfahrer aus aller Welt anziehen. Die malerischen Stra\u00dfen dieses s\u00fcdostasiatischen Landes schl\u00e4ngeln sich durch weite Reisfelder, majest\u00e4tische Bergketten und entlang wundersch\u00f6ner K\u00fcsten. Die M\u00f6glichkeiten, die unber\u00fchrte Sch\u00f6nheit der Natur zu genie\u00dfen, scheinen endlos. Ob man nun von Norden nach S\u00fcden oder umgekehrt reist, <em>Motorradtouren Vietnam<\/em> bietet eine F\u00fclle von Natursch\u00f6nheiten, die Sie an jeder Biegung der Stra\u00dfe in Erstaunen versetzen werden. Werfen Sie einen Blick auf diese Website und lassen Sie sich \u00fcberraschen.<\/p>\n<h2>Motorradtouren Vietnam, unvergessliche kulturelle Erlebnisse<\/h2>\n<p>Einer der besonderen Aspekte der <em>Motorradtouren Vietnam<\/em> sind die tiefgreifenden kulturellen Erfahrungen, die Sie machen k\u00f6nnen. Das Land ist bekannt f\u00fcr seine reiche Geschichte und seine vielf\u00e4ltige Bev\u00f6lkerung, und w\u00e4hrend Ihrer Reise werden Sie die Gelegenheit haben, diese kulturellen Sch\u00e4tze hautnah zu erleben. Sie werden historische St\u00e4dte wie Hanoi und Ho-Chi-Minh-Stadt erkunden, wo jahrhundertealte Traditionen auf die Moderne treffen. Dar\u00fcber hinaus bietet Vietnam eine F\u00fclle von authentischen Gerichten, die Ihre Geschmacksnerven erfreuen werden. Probieren Sie lokale K\u00f6stlichkeiten auf M\u00e4rkten und an Stra\u00dfenst\u00e4nden und entdecken Sie die Vielseitigkeit der vietnamesischen K\u00fcche. Zus\u00e4tzlich zu den st\u00e4dtischen Abenteuern k\u00f6nnen Sie Vietnam erkunden w\u00e4hrend<strong> Motorradtouren in Vietnam<\/strong> treffen Sie auch auf abgelegene Bergst\u00e4mme in den n\u00f6rdlichen Bergen, bei denen Traditionen und Br\u00e4uche seit Jahrhunderten erhalten geblieben sind. Sie k\u00f6nnen an traditionellen Zeremonien teilnehmen und etwas \u00fcber die Lebensweise dieser indigenen Gemeinschaften erfahren. Dar\u00fcber hinaus gibt es zahlreiche historische St\u00e4tten und Tempel, die \u00fcber das ganze Land verstreut sind und von der reichen Geschichte und Spiritualit\u00e4t Vietnams zeugen.<\/p>\n<h2>M\u00f6chten Sie mehr \u00fcber Motorradtouren in Vietnam erfahren?<\/h2>\n<p>Wenn Sie mehr \u00fcber Motorradreisen in Vietnam erfahren m\u00f6chten, erwarten Sie Abenteuer jenseits Ihrer k\u00fchnsten Tr\u00e4ume. Unsere sorgf\u00e4ltig ausgearbeiteten Routen und erfahrenen Reiseleiter werden daf\u00fcr sorgen, dass Sie jede Etappe Ihrer Reise mit Vertrauen und Leichtigkeit meistern. Ob Sie nun ein erfahrener Motorradfahrer sind oder gerade erst anfangen, Vietnam bietet Herausforderungen und Aufregung f\u00fcr jedes Niveau. Unsere Motorradtouren sind so konzipiert, dass sie nicht nur ein Abenteuer auf zwei R\u00e4dern bieten, sondern auch die M\u00f6glichkeit, tief in die Kultur einzutauchen. M\u00f6chten Sie Vietnams atemberaubende Landschaften, reiche Geschichte und authentische kulturelle Erfahrungen auf einem Motorrad erkunden? Kontaktieren Sie uns, um herauszufinden, wie Sie mit Ride 2 Discover eine unvergessliche Reise durch Vietnam unternehmen k\u00f6nnen. Die Welt wartet, also worauf warten Sie noch?<\/p>\n\t<\/div>\r\n<\/div>\r\n\r\n\r\n\r\n\n\t\t\t<\/div> \n\t\t<\/div>\n\t<\/div> \n<\/div><\/div>","protected":false},"excerpt":{"rendered":"FilterAlle Unvergessliche Motorradtouren Vietnam mit Ride 2 Discover! M\u00f6chten Sie Vietnam auf eine andere Art und Weise kennen lernen? Dann entscheiden Sie sich f\u00fcr eine Motorradtour durch Vietnam. Ride 2 Discover organisiert u.a....","protected":false},"author":8,"featured_media":0,"parent":0,"menu_order":0,"comment_status":"closed","ping_status":"closed","template":"","meta":{"footnotes":""},"class_list":["post-2002","page","type-page","status-publish"],"yoast_head":"<!-- This site is optimized with the Yoast SEO plugin v27.4 - https:\/\/yoast.com\/product\/yoast-seo-wordpress\/ -->\n<title>Motorreizen Vietnam | Motorvakanties Vietnam | Ride2Discover<\/title>\n<meta name=\"description\" content=\"Motorreizen Vietnam boeken? Plan uw motorvakanties Vietnam bij Ride 2 Discover. Onvergetelijke en unieke motorreizen. Volledig ontzorgd.\" \/>\n<meta name=\"robots\" content=\"index, follow, max-snippet:-1, max-image-preview:large, max-video-preview:-1\" \/>\n<link rel=\"canonical\" href=\"https:\/\/ride2discover.com\/de\/motorreizen-vietnam\/\" \/>\n<meta property=\"og:locale\" content=\"de_DE\" \/>\n<meta property=\"og:type\" content=\"article\" \/>\n<meta property=\"og:title\" content=\"Motorreizen Vietnam | Motorvakanties Vietnam | Ride2Discover\" \/>\n<meta property=\"og:description\" content=\"Motorreizen Vietnam boeken? Plan uw motorvakanties Vietnam bij Ride 2 Discover. Onvergetelijke en unieke motorreizen. Volledig ontzorgd.\" \/>\n<meta property=\"og:url\" content=\"https:\/\/ride2discover.com\/de\/motorreizen-vietnam\/\" \/>\n<meta property=\"og:site_name\" content=\"Ride 2 Discover\" \/>\n<meta property=\"article:modified_time\" content=\"2023-11-08T08:35:30+00:00\" \/>\n<meta property=\"og:image\" content=\"http:\/\/ride2discover.com\/wp-content\/uploads\/2020\/08\/vietnam3-kopie-300x225.jpg\" \/>\n<meta name=\"twitter:card\" content=\"summary_large_image\" \/>\n<meta name=\"twitter:label1\" content=\"Gesch\u00e4tzte Lesezeit\" \/>\n\t<meta name=\"twitter:data1\" content=\"5 minutes\" \/>\n<script type=\"application\/ld+json\" class=\"yoast-schema-graph\">{\"@context\":\"https:\\\/\\\/schema.org\",\"@graph\":[{\"@type\":\"WebPage\",\"@id\":\"https:\\\/\\\/ride2discover.com\\\/motorreizen-vietnam\\\/\",\"url\":\"https:\\\/\\\/ride2discover.com\\\/motorreizen-vietnam\\\/\",\"name\":\"Motorreizen Vietnam | Motorvakanties Vietnam | Ride2Discover\",\"isPartOf\":{\"@id\":\"https:\\\/\\\/ride2discover.com\\\/#website\"},\"primaryImageOfPage\":{\"@id\":\"https:\\\/\\\/ride2discover.com\\\/motorreizen-vietnam\\\/#primaryimage\"},\"image\":{\"@id\":\"https:\\\/\\\/ride2discover.com\\\/motorreizen-vietnam\\\/#primaryimage\"},\"thumbnailUrl\":\"http:\\\/\\\/ride2discover.com\\\/wp-content\\\/uploads\\\/2020\\\/08\\\/vietnam3-kopie-300x225.jpg\",\"datePublished\":\"2022-12-29T14:28:19+00:00\",\"dateModified\":\"2023-11-08T08:35:30+00:00\",\"description\":\"Motorreizen Vietnam boeken? Plan uw motorvakanties Vietnam bij Ride 2 Discover. Onvergetelijke en unieke motorreizen. Volledig ontzorgd.\",\"breadcrumb\":{\"@id\":\"https:\\\/\\\/ride2discover.com\\\/motorreizen-vietnam\\\/#breadcrumb\"},\"inLanguage\":\"de-DE\",\"potentialAction\":[{\"@type\":\"ReadAction\",\"target\":[\"https:\\\/\\\/ride2discover.com\\\/motorreizen-vietnam\\\/\"]}]},{\"@type\":\"ImageObject\",\"inLanguage\":\"de-DE\",\"@id\":\"https:\\\/\\\/ride2discover.com\\\/motorreizen-vietnam\\\/#primaryimage\",\"url\":\"http:\\\/\\\/ride2discover.com\\\/wp-content\\\/uploads\\\/2020\\\/08\\\/vietnam3-kopie-300x225.jpg\",\"contentUrl\":\"http:\\\/\\\/ride2discover.com\\\/wp-content\\\/uploads\\\/2020\\\/08\\\/vietnam3-kopie-300x225.jpg\"},{\"@type\":\"BreadcrumbList\",\"@id\":\"https:\\\/\\\/ride2discover.com\\\/motorreizen-vietnam\\\/#breadcrumb\",\"itemListElement\":[{\"@type\":\"ListItem\",\"position\":1,\"name\":\"Home\",\"item\":\"https:\\\/\\\/ride2discover.com\\\/\"},{\"@type\":\"ListItem\",\"position\":2,\"name\":\"Motorreizen Vietnam\"}]},{\"@type\":\"WebSite\",\"@id\":\"https:\\\/\\\/ride2discover.com\\\/#website\",\"url\":\"https:\\\/\\\/ride2discover.com\\\/\",\"name\":\"Ride 2 Discover\",\"description\":\"\",\"potentialAction\":[{\"@type\":\"SearchAction\",\"target\":{\"@type\":\"EntryPoint\",\"urlTemplate\":\"https:\\\/\\\/ride2discover.com\\\/?s={search_term_string}\"},\"query-input\":{\"@type\":\"PropertyValueSpecification\",\"valueRequired\":true,\"valueName\":\"search_term_string\"}}],\"inLanguage\":\"de-DE\"}]}<\/script>\n<!-- \/ Yoast SEO plugin. -->","yoast_head_json":{"title":"Motorradurlaub Vietnam | Motorradurlaub Vietnam | Ride2Discover","description":"Motorradurlaub in Vietnam buchen? Planen Sie Ihren Motorradurlaub in Vietnam bei Ride 2 Discover. Unvergessliche und einzigartige Motorradtouren. V\u00f6llig sorglos.","robots":{"index":"index","follow":"follow","max-snippet":"max-snippet:-1","max-image-preview":"max-image-preview:large","max-video-preview":"max-video-preview:-1"},"canonical":"https:\/\/ride2discover.com\/de\/motorreizen-vietnam\/","og_locale":"de_DE","og_type":"article","og_title":"Motorreizen Vietnam | Motorvakanties Vietnam | Ride2Discover","og_description":"Motorreizen Vietnam boeken? Plan uw motorvakanties Vietnam bij Ride 2 Discover. Onvergetelijke en unieke motorreizen. Volledig ontzorgd.","og_url":"https:\/\/ride2discover.com\/de\/motorreizen-vietnam\/","og_site_name":"Ride 2 Discover","article_modified_time":"2023-11-08T08:35:30+00:00","og_image":[{"url":"http:\/\/ride2discover.com\/wp-content\/uploads\/2020\/08\/vietnam3-kopie-300x225.jpg","type":"","width":"","height":""}],"twitter_card":"summary_large_image","twitter_misc":{"Gesch\u00e4tzte Lesezeit":"5 minutes"},"schema":{"@context":"https:\/\/schema.org","@graph":[{"@type":"WebPage","@id":"https:\/\/ride2discover.com\/motorreizen-vietnam\/","url":"https:\/\/ride2discover.com\/motorreizen-vietnam\/","name":"Motorradurlaub Vietnam | Motorradurlaub Vietnam | Ride2Discover","isPartOf":{"@id":"https:\/\/ride2discover.com\/#website"},"primaryImageOfPage":{"@id":"https:\/\/ride2discover.com\/motorreizen-vietnam\/#primaryimage"},"image":{"@id":"https:\/\/ride2discover.com\/motorreizen-vietnam\/#primaryimage"},"thumbnailUrl":"http:\/\/ride2discover.com\/wp-content\/uploads\/2020\/08\/vietnam3-kopie-300x225.jpg","datePublished":"2022-12-29T14:28:19+00:00","dateModified":"2023-11-08T08:35:30+00:00","description":"Motorradurlaub in Vietnam buchen? Planen Sie Ihren Motorradurlaub in Vietnam bei Ride 2 Discover. Unvergessliche und einzigartige Motorradtouren. V\u00f6llig sorglos.","breadcrumb":{"@id":"https:\/\/ride2discover.com\/motorreizen-vietnam\/#breadcrumb"},"inLanguage":"de-DE","potentialAction":[{"@type":"ReadAction","target":["https:\/\/ride2discover.com\/motorreizen-vietnam\/"]}]},{"@type":"ImageObject","inLanguage":"de-DE","@id":"https:\/\/ride2discover.com\/motorreizen-vietnam\/#primaryimage","url":"http:\/\/ride2discover.com\/wp-content\/uploads\/2020\/08\/vietnam3-kopie-300x225.jpg","contentUrl":"http:\/\/ride2discover.com\/wp-content\/uploads\/2020\/08\/vietnam3-kopie-300x225.jpg"},{"@type":"BreadcrumbList","@id":"https:\/\/ride2discover.com\/motorreizen-vietnam\/#breadcrumb","itemListElement":[{"@type":"ListItem","position":1,"name":"Home","item":"https:\/\/ride2discover.com\/"},{"@type":"ListItem","position":2,"name":"Motorreizen Vietnam"}]},{"@type":"WebSite","@id":"https:\/\/ride2discover.com\/#website","url":"https:\/\/ride2discover.com\/","name":"Ride 2 Entdecken","description":"","potentialAction":[{"@type":"SearchAction","target":{"@type":"EntryPoint","urlTemplate":"https:\/\/ride2discover.com\/?s={search_term_string}"},"query-input":{"@type":"PropertyValueSpecification","valueRequired":true,"valueName":"search_term_string"}}],"inLanguage":"de-DE"}]}},"_links":{"self":[{"href":"https:\/\/ride2discover.com\/de\/wp-json\/wp\/v2\/pages\/2002","targetHints":{"allow":["GET"]}}],"collection":[{"href":"https:\/\/ride2discover.com\/de\/wp-json\/wp\/v2\/pages"}],"about":[{"href":"https:\/\/ride2discover.com\/de\/wp-json\/wp\/v2\/types\/page"}],"author":[{"embeddable":true,"href":"https:\/\/ride2discover.com\/de\/wp-json\/wp\/v2\/users\/8"}],"replies":[{"embeddable":true,"href":"https:\/\/ride2discover.com\/de\/wp-json\/wp\/v2\/comments?post=2002"}],"version-history":[{"count":0,"href":"https:\/\/ride2discover.com\/de\/wp-json\/wp\/v2\/pages\/2002\/revisions"}],"wp:attachment":[{"href":"https:\/\/ride2discover.com\/de\/wp-json\/wp\/v2\/media?parent=2002"}],"curies":[{"name":"wp","href":"https:\/\/api.w.org\/{rel}","templated":true}]}}