{"id":1992,"date":"2022-12-14T14:04:31","date_gmt":"2022-12-14T13:04:31","guid":{"rendered":"https:\/\/ride2discover.com\/?page_id=1992"},"modified":"2023-11-08T09:34:27","modified_gmt":"2023-11-08T08:34:27","slug":"motorreizen-indonesie","status":"publish","type":"page","link":"https:\/\/ride2discover.com\/de\/motorreizen-indonesie\/","title":{"rendered":"Motorradtouren Indonesien"},"content":{"rendered":"<div id=\"fws_69ebb7563bc1a\"  data-column-margin=\"default\" data-midnight=\"dark\"  class=\"wpb_row vc_row-fluid vc_row standard_section\"  style=\"padding-top: 0px; padding-bottom: 0px; \"><div class=\"row-bg-wrap\" data-bg-animation=\"none\" data-bg-overlay=\"false\"><div class=\"inner-wrap\"><div class=\"row-bg\"  style=\"\"><\/div><\/div><div class=\"row-bg-overlay\" ><\/div><\/div><div class=\"row_col_wrap_12 col span_12 dark left\">\n\t<div  class=\"vc_col-sm-12 wpb_column column_container vc_column_container col no-extra-padding inherit_tablet inherit_phone\"  data-t-w-inherits=\"default\" data-bg-cover=\"\" data-padding-pos=\"all\" data-has-bg-color=\"false\" data-bg-color=\"\" data-bg-opacity=\"1\" data-hover-bg=\"\" data-hover-bg-opacity=\"1\" data-animation=\"\" data-delay=\"0\" >\n\t\t<div class=\"vc_column-inner\" ><div class=\"column-bg-overlay-wrap\" data-bg-animation=\"none\"><div class=\"column-bg-overlay\"><\/div><\/div>\n\t\t\t<div class=\"wpb_wrapper\">\n\t\t\t\t<div class='nectar-post-grid-wrap' data-el-settings='{\"post_type\":\"post\",\"pagination\":\"none\",\"image_size\":\"large\",\"aspect_ratio_image_size\":\"\",\"display_categories\":\"0\",\"display_excerpt\":\"0\",\"display_date\":\"0\",\"color_overlay\":\"\",\"color_overlay_opacity\":\"0.3\",\"color_overlay_hover_opacity\":\"0.4\",\"card_bg_color\":\"\",\"grid_style\":\"content_overlaid\",\"post_title_overlay\":\"\",\"heading_tag\":\"default\"}' data-style='content_overlaid' data-query='{\"post_type\":\"post\",\"posts_per_page\":\"-1\",\"order\":\"DESC\",\"orderby\":\"date\",\"offset\":\"0\"}' data-load-more-color='black' data-load-more-text='Load More'><div class=\"nectar-post-grid-filters\" data-active-color=\"default\" data-animation=\"none\" data-sortable=\"\"><h4>Filter<\/h4><div><a href=\"#\" class=\"active all-filter\" data-total-count=\"0\" data-filter=\"-1\">Alle<\/a><\/div><\/div><div class=\"nectar-post-grid\" data-indicator=\"\" data-indicator-style=\"default\" data-indicator-color=\"#000\" data-indicator-text=\"View\" data-columns=\"4\" data-hover-effect=\"zoom\" data-text-style=\"default\" data-border-radius=\"none\" data-grid-item-height=\"30vh\" data-grid-spacing=\"none\" data-text-layout=\"all_top_left\" data-text-color=\"light\" data-text-hover-color=\"light\" data-shadow-hover=\"\" data-masonry=\"\" data-animation=\"none\" data-cat-click=\"default\"><\/div><\/div>\n\t\t\t<\/div> \n\t\t<\/div>\n\t<\/div> \n<\/div><\/div>\n\t\t<div id=\"fws_69ebb7563c6d7\"  data-column-margin=\"default\" data-midnight=\"dark\"  class=\"wpb_row vc_row-fluid vc_row standard_section\"  style=\"padding-top: 0px; padding-bottom: 0px; \"><div class=\"row-bg-wrap\" data-bg-animation=\"none\" data-bg-overlay=\"false\"><div class=\"inner-wrap\"><div class=\"row-bg\"  style=\"\"><\/div><\/div><div class=\"row-bg-overlay\" ><\/div><\/div><div class=\"row_col_wrap_12 col span_12 dark left\">\n\t<div  class=\"vc_col-sm-12 wpb_column column_container vc_column_container col no-extra-padding inherit_tablet inherit_phone\"  data-t-w-inherits=\"default\" data-bg-cover=\"\" data-padding-pos=\"all\" data-has-bg-color=\"false\" data-bg-color=\"\" data-bg-opacity=\"1\" data-hover-bg=\"\" data-hover-bg-opacity=\"1\" data-animation=\"\" data-delay=\"0\" >\n\t\t<div class=\"vc_column-inner\" ><div class=\"column-bg-overlay-wrap\" data-bg-animation=\"none\"><div class=\"column-bg-overlay\"><\/div><\/div>\n\t\t\t<div class=\"wpb_wrapper\">\n\t\t\t\t\r\n<div class=\"wpb_text_column wpb_content_element\" >\r\n\t<div class=\"wpb_wrapper\">\r\n\t\t<h1 data-pm-slice=\"1 1 &#091;&#093;\">Einzigartige Motorradtouren Indonesien<\/h1>\n<p><img decoding=\"async\" src=\"https:\/\/ride2discover.com\/wp-content\/uploads\/2020\/10\/20201120_112822-600x403.jpg\" width=\"275px\" align=\"right\" \/>Sind Sie auf der Suche nach einer abenteuerlichen Motorradtour? Ride 2 Discover bietet einzigartige und unvergessliche Motorradtouren mit pers\u00f6nlicher Betreuung. Unser<strong> Motorradtouren Indonesien <\/strong>sind besonders abwechslungsreich und abenteuerlich. Sie haben die Wahl zwischen einer Motorradreise, die Sie \u00fcber die Inseln Bali, Lombok, Sumbawa und das unbekannte Flores f\u00fchrt. Die zauberhaften Landschaften, atemberaubenden Reisterrassen, majest\u00e4tischen Berge, tropischen Str\u00e4nde und zahlreichen Tempel werden Sie sicher faszinieren. Die andere Indonesienreise f\u00fchrt uns nach Bali und Java. Ostjava ist bekannt aus der niederl\u00e4ndischen Kolonialzeit. Bei der Besichtigung der Plantagen werden Sie sich in diese Zeit zur\u00fcckversetzen lassen. Sie werden sicherlich auch die k\u00f6stliche indonesische K\u00fcche genie\u00dfen. Die Menschen sind gastfreundlich und geben Ihnen ein echtes Gef\u00fchl von \"Zuhause weg von Zuhause\". <strong>Motorradtouren Indonesien<\/strong> sollte auf der Bucket List eines jeden stehen. Beide Reisen werden einen unvergesslichen Eindruck hinterlassen und viele Teilnehmer werden wieder nach Indonesien reisen wollen. F\u00fcr sie gilt: sampai jumba kembali (auf Wiedersehen). Die <em>Motorradtouren Indonesien<\/em> werden von uns perfekt organisiert. Sowohl bei der Vorbereitung als auch w\u00e4hrend der Tour k\u00f6nnen Sie sich auf unser Engagement verlassen. Die <em>Motorradtouren Indonesien <\/em>die wir organisieren, haben daher einen gro\u00dfen pers\u00f6nlichen Mehrwert. Der Spa\u00df am Motorradfahren steht bei einer Motorradreise nat\u00fcrlich im Vordergrund. Die oft unbefestigten, aber gut befahrbaren Stra\u00dfen und Bergp\u00e4sse lassen Ihr Herz h\u00f6her schlagen.<\/p>\n<h3>Unsere Motorradtouren in Indonesien:<\/h3>\n\t<\/div>\r\n<\/div>\r\n\r\n\r\n\r\n\n\t\t\t<\/div> \n\t\t<\/div>\n\t<\/div> \n<\/div><\/div>\n\t\t<div id=\"fws_69ebb7563c8d9\"  data-column-margin=\"default\" data-midnight=\"dark\"  class=\"wpb_row vc_row-fluid vc_row standard_section\"  style=\"padding-top: 0px; padding-bottom: 0px; \"><div class=\"row-bg-wrap\" data-bg-animation=\"none\" data-bg-overlay=\"false\"><div class=\"inner-wrap\"><div class=\"row-bg\"  style=\"\"><\/div><\/div><div class=\"row-bg-overlay\" ><\/div><\/div><div class=\"row_col_wrap_12 col span_12 dark left\">\n\t<div  class=\"vc_col-sm-12 wpb_column column_container vc_column_container col no-extra-padding inherit_tablet inherit_phone\"  data-t-w-inherits=\"default\" data-bg-cover=\"\" data-padding-pos=\"all\" data-has-bg-color=\"false\" data-bg-color=\"\" data-bg-opacity=\"1\" data-hover-bg=\"\" data-hover-bg-opacity=\"1\" data-animation=\"\" data-delay=\"0\" >\n\t\t<div class=\"vc_column-inner\" ><div class=\"column-bg-overlay-wrap\" data-bg-animation=\"none\"><div class=\"column-bg-overlay\"><\/div><\/div>\n\t\t\t<div class=\"wpb_wrapper\">\n\t\t\t\t\t\t\t\t\r\n\t\t\t\t\r\n\t\t\t\t\r\n\t\t\t\t<div class=\"portfolio-wrap\">\r\n\t\t\t\t\t\r\n\t\t\t\t\t\t\t\t\t\t\r\n\t\t\t\t\t<span class=\"portfolio-loading  spin\">   <\/span>\r\n\t\t\t\t\t\r\n\t\t\t\t\t\t\t\t\t\t\r\n\t\t\t\t\t<div class=\"row portfolio-items no-masonry\" data-rcp=\"false\" data-masonry-type=\"default\" data-ps=\"1\" data-starting-filter=\"\" data-gutter=\"default\" data-categories-to-show=\"indonesie\" data-bypass-cropping=\"\" data-lightbox-only=\"0\" data-col-num=\"cols-3\">\r\n\t\t\t\t\t\t\t\t\t\t\t\t\r\n\t\t\t\t\t\t\t\t\t\t\t\t\r\n\t\t\t\t\t\t<div class=\"col span_4  element azie indonesie\"  data-project-cat=\"azie indonesie \" data-default-color=\"true\" data-title-color=\"\" data-subtitle-color=\"\">\r\n\t\t\t\t\t\t\t\r\n\t\t\t\t\t\t\t<div class=\"inner-wrap animated\" data-animation=\"none\">\r\n\t\t\t\t\t\t\t\t\r\n\t\t\t\t\t\t\t\t\t\t\t\t\t\t\t\t\t\r\n\t\t\t\t\t\t\t\t\t<div class=\"work-item style-1\" data-custom-content=\"off\">\r\n\t\t\t\t\t\t\t\t\t\t\r\n\t\t\t\t\t\t\t\t\t\t<img loading=\"lazy\" decoding=\"async\" class=\"size- skip-lazy\" src=\"https:\/\/ride2discover.com\/wp-content\/uploads\/2021\/03\/IMG-20240202-WA0046-600x403.jpg\" alt=\"\" height=\"403\" width=\"600\" srcset=\"https:\/\/ride2discover.com\/wp-content\/uploads\/2021\/03\/IMG-20240202-WA0046-867x604.jpg 900w, https:\/\/ride2discover.com\/wp-content\/uploads\/2021\/03\/IMG-20240202-WA0046-600x403.jpg 600w, https:\/\/ride2discover.com\/wp-content\/uploads\/2021\/03\/IMG-20240202-WA0046-400x269.jpg 400w\" sizes=\"auto, (min-width: 1000px) 33.3vw, (min-width: 690px) 50vw, 100vw\" \/>\t\t\t\t\t\t\t\t\t\t\r\n\t\t\t\t\t\t\t\t\t\t<div class=\"work-info-bg\"><\/div>\r\n\t\t\t\t\t\t\t\t\t\t<div class=\"work-info\"> \r\n\t\t\t\t\t\t\t\t\t\t\t\r\n\t\t\t\t\t\t\t\t\t\t\t\t\t\t\t\t\t\t\t\t\t\t\t\r\n\t\t\t\t\t\t\t\t\t\t\t\t<div class=\"vert-center\">\r\n\t\t\t\t\t\t\t\t\t\t\t\t\t<a href=\"https:\/\/ride2discover.com\/wp-content\/uploads\/2021\/03\/IMG-20240202-WA0046.jpg\" class=\"pretty_photo default-link\">Gr\u00f6\u00dfere Ansicht<\/a> <a class=\"default-link\" href=\"https:\/\/ride2discover.com\/de\/portfolio\/motorreis-indonesie-bali-java-plantages-en-vulkanen-14-dagen\/\">Mehr Details<\/a>\t\t\t\t\t\t\t\t\t\t\t\t\t\r\n\t\t\t\t\t\t\t\t\t\t\t\t<\/div><!--\/vert-center-->\r\n\t\t\t\t\t\t\t\t\t\t\t<\/div>\r\n\t\t\t\t\t\t\t\t\t\t<\/div><!--\/work-item-->\r\n\t\t\t\t\t\t\t\t\t\t\r\n\t\t\t\t\t\t\t\t\t\t<div class=\"work-meta\">\r\n\t\t\t\t\t\t\t\t\t\t\t<h4 class=\"title\">Motorradtour Indonesien - Bali &amp; Java Plantagen und Vulkane 14 Tage<\/h4>\r\n\t\t\t\t\t\t\t\t\t\t\t\r\n\t\t\t\t\t\t\t\t\t\t\t\t\t\t\t\t\t\t\t\t\t\t\r\n\t\t\t\t\t\t\t\t\t\t<\/div>\r\n\t\t\t\t\t\t\t\t\t\t<div class=\"nectar-love-wrap\">\r\n\t\t\t\t\t\t\t\t\t\t\t<a href=\"#\" class=\"nectar-love\" id=\"nectar-love-1347\" title=\"Ich liebe das\"> <i class=\"icon-salient-heart-2\"><\/i><span class=\"love-text\">Liebe<\/span><span class=\"total_loves\"><span class=\"nectar-love-count\">0<\/span><\/span><\/a>\t\t\t\t\t\t\t\t\t\t<\/div><!--\/nectar-love-wrap-->\t\r\n\t\t\t\t\t\t\t\t\t\t\r\n\t\t\t\t\t\t\t\t\t\t\t\t\t\t\t\t\t\r\n\t\t\t\t\t\t\t\t\r\n\t\t\t\t\t\t\t<\/div><!--\/inner-wrap-->\r\n\t\t\t\t\t\t<\/div><!--\/col-->\r\n\t\t\t\t\t\t\r\n\t\t\t\t\t\t\t\t\t\t\r\n\t\t\t\t<\/div><!--\/portfolio-->\r\n\t\t\t<\/div><!--\/portfolio wrap-->\r\n\t\t\t\r\n\t\t\t\n\t\t\t<\/div> \n\t\t<\/div>\n\t<\/div> \n<\/div><\/div>\n\t\t<div id=\"fws_69ebb7563efb5\"  data-column-margin=\"default\" data-midnight=\"dark\"  class=\"wpb_row vc_row-fluid vc_row standard_section\"  style=\"padding-top: 0px; padding-bottom: 0px; \"><div class=\"row-bg-wrap\" data-bg-animation=\"none\" data-bg-overlay=\"false\"><div class=\"inner-wrap\"><div class=\"row-bg\"  style=\"\"><\/div><\/div><div class=\"row-bg-overlay\" ><\/div><\/div><div class=\"row_col_wrap_12 col span_12 dark left\">\n\t<div  class=\"vc_col-sm-12 wpb_column column_container vc_column_container col no-extra-padding inherit_tablet inherit_phone\"  data-t-w-inherits=\"default\" data-bg-cover=\"\" data-padding-pos=\"all\" data-has-bg-color=\"false\" data-bg-color=\"\" data-bg-opacity=\"1\" data-hover-bg=\"\" data-hover-bg-opacity=\"1\" data-animation=\"\" data-delay=\"0\" >\n\t\t<div class=\"vc_column-inner\" ><div class=\"column-bg-overlay-wrap\" data-bg-animation=\"none\"><div class=\"column-bg-overlay\"><\/div><\/div>\n\t\t\t<div class=\"wpb_wrapper\">\n\t\t\t\t\r\n<div class=\"wpb_text_column wpb_content_element\" >\r\n\t<div class=\"wpb_wrapper\">\r\n\t\t<h2 data-pm-slice=\"1 1 &#091;&#093;\">Einzigartige und unvergessliche Motorradtouren Indonesien<\/h2>\n<p><strong>Motorradtouren Indonesien<\/strong> mit Ride 2 Discover sind viel mehr als nur eine Fahrt auf einem Motorrad; sie sind einzigartige und unvergessliche Abenteuer, die einen tiefen Eindruck hinterlassen. Indonesien bietet mit seiner Vielfalt an Landschaften und Kulturen eine unvergleichliche Umgebung f\u00fcr Motorradreisende. Von den weiten Dschungeln Sumatras \u00fcber die paradiesischen Str\u00e4nde Balis bis hin zu den dramatischen Vulkanen Javas - Indonesien hat f\u00fcr jeden Fahrertyp etwas zu bieten. Was diese <em>Motorradtouren Indonesien<\/em> Das wirklich Besondere an unseren Reisen ist der gro\u00dfe pers\u00f6nliche Mehrwert, den sie bieten. Unsere Reisen sind sorgf\u00e4ltig zusammengestellt, um nicht nur die Sch\u00f6nheit des Landes zu zeigen, sondern auch tiefgreifende kulturelle Erfahrungen zu bieten. Sie k\u00f6nnen traditionelle D\u00f6rfer besuchen, authentisches indonesisches Essen probieren und an Ritualen und Zeremonien teilnehmen, die Sie in die reiche Kultur des Landes einf\u00fchren.<\/p>\n<h2>Minuti\u00f6s geplante Motorradtouren in Indonesien<\/h2>\n<p>Wir von Ride 2 Discover wissen, dass es bei der perfekten Motorradreise nicht nur um das Ziel geht, sondern auch um die Reise selbst. Deshalb sorgen wir f\u00fcr eine perfekte Organisation <strong>Motorradtouren Indonesien<\/strong>. Unsere erfahrenen Reiseleiter begleiten Sie w\u00e4hrend der gesamten Reise und sind bereit, Sie bei Bedarf zu unterst\u00fctzen. Sie m\u00fcssen sich nicht um die Logistik k\u00fcmmern, denn wir stellen Ihnen gut gewartete Motorr\u00e4der, komfortable Unterk\u00fcnfte und die notwendige Ausr\u00fcstung zur Verf\u00fcgung. So k\u00f6nnen Sie die Fahrt in aller Ruhe genie\u00dfen und sich auf die Erkundung der wundersch\u00f6nen Landschaften Indonesiens konzentrieren.<\/p>\n<h2>Motorradtouren Indonesien mit garantierten Abfahrtszeiten<\/h2>\n<p>Ein weiterer Vorteil von <em>Motorradtouren Indonesien<\/em> bei Ride 2 Discover ist, dass wir Reisen mit garantierten Abfahrtszeiten anbieten. Das bedeutet, dass Sie mit ruhigem Gewissen buchen k\u00f6nnen, da Sie wissen, dass Ihr Abenteuer wie geplant stattfinden wird, unabh\u00e4ngig von der Anzahl der Teilnehmer. Wir wissen, dass die Reiseplanung ein wichtiger Aspekt bei der Planung Ihres Motorradabenteuers ist, und wir bem\u00fchen uns, Ihnen maximale Flexibilit\u00e4t und Sicherheit zu bieten. Wenn Sie auf der Suche nach einer unvergesslichen Motorradreise in Indonesien sind, die tiefgreifende kulturelle Erfahrungen mit atemberaubenden Landschaften verbindet, sind Sie bei Ride 2 Discover genau richtig. Lassen Sie sich von uns auf eine Reise mitnehmen, die Ihre k\u00fchnsten Tr\u00e4ume \u00fcbertrifft und Erinnerungen schafft, die ein Leben lang halten. Indonesien ist bereit, auf zwei R\u00e4dern entdeckt zu werden, also worauf warten Sie noch? Werfen Sie einen Blick auf diese Website und lassen Sie sich \u00fcberraschen und inspirieren von den M\u00f6glichkeiten, die wir Ihnen f\u00fcr ein einzigartiges Erlebnis auf einem Motorrad bieten.<\/p>\n\t<\/div>\r\n<\/div>\r\n\r\n\r\n\r\n\n\t\t\t<\/div> \n\t\t<\/div>\n\t<\/div> \n<\/div><\/div>","protected":false},"excerpt":{"rendered":"","protected":false},"author":8,"featured_media":0,"parent":0,"menu_order":0,"comment_status":"closed","ping_status":"closed","template":"","meta":{"footnotes":""},"class_list":["post-1992","page","type-page","status-publish"],"yoast_head":"<!-- This site is optimized with the Yoast SEO plugin v27.4 - https:\/\/yoast.com\/product\/yoast-seo-wordpress\/ -->\n<title>Motorreizen Indonesi\u00eb | Motorvakanties Indonesi\u00eb | Ride2Discover<\/title>\n<meta name=\"description\" content=\"Motorreizen Indonesi\u00eb boeken? Plan uw motorvakanties Indonesi\u00eb bij Ride 2 Discover. Onvergetelijke en unieke motorreizen. Volledig ontzorgd.\" \/>\n<meta name=\"robots\" content=\"index, follow, max-snippet:-1, max-image-preview:large, max-video-preview:-1\" \/>\n<link rel=\"canonical\" href=\"https:\/\/ride2discover.com\/de\/motorreizen-indonesie\/\" \/>\n<meta property=\"og:locale\" content=\"de_DE\" \/>\n<meta property=\"og:type\" content=\"article\" \/>\n<meta property=\"og:title\" content=\"Motorreizen Indonesi\u00eb | Motorvakanties Indonesi\u00eb | Ride2Discover\" \/>\n<meta property=\"og:description\" content=\"Motorreizen Indonesi\u00eb boeken? Plan uw motorvakanties Indonesi\u00eb bij Ride 2 Discover. Onvergetelijke en unieke motorreizen. Volledig ontzorgd.\" \/>\n<meta property=\"og:url\" content=\"https:\/\/ride2discover.com\/de\/motorreizen-indonesie\/\" \/>\n<meta property=\"og:site_name\" content=\"Ride 2 Discover\" \/>\n<meta property=\"article:modified_time\" content=\"2023-11-08T08:34:27+00:00\" \/>\n<meta property=\"og:image\" content=\"https:\/\/ride2discover.com\/wp-content\/uploads\/2020\/10\/20201120_112822-600x403.jpg\" \/>\n<meta name=\"twitter:card\" content=\"summary_large_image\" \/>\n<meta name=\"twitter:label1\" content=\"Gesch\u00e4tzte Lesezeit\" \/>\n\t<meta name=\"twitter:data1\" content=\"5 minutes\" \/>\n<script type=\"application\/ld+json\" class=\"yoast-schema-graph\">{\"@context\":\"https:\\\/\\\/schema.org\",\"@graph\":[{\"@type\":\"WebPage\",\"@id\":\"https:\\\/\\\/ride2discover.com\\\/motorreizen-indonesie\\\/\",\"url\":\"https:\\\/\\\/ride2discover.com\\\/motorreizen-indonesie\\\/\",\"name\":\"Motorreizen Indonesi\u00eb | Motorvakanties Indonesi\u00eb | Ride2Discover\",\"isPartOf\":{\"@id\":\"https:\\\/\\\/ride2discover.com\\\/#website\"},\"primaryImageOfPage\":{\"@id\":\"https:\\\/\\\/ride2discover.com\\\/motorreizen-indonesie\\\/#primaryimage\"},\"image\":{\"@id\":\"https:\\\/\\\/ride2discover.com\\\/motorreizen-indonesie\\\/#primaryimage\"},\"thumbnailUrl\":\"https:\\\/\\\/ride2discover.com\\\/wp-content\\\/uploads\\\/2020\\\/10\\\/20201120_112822-600x403.jpg\",\"datePublished\":\"2022-12-14T13:04:31+00:00\",\"dateModified\":\"2023-11-08T08:34:27+00:00\",\"description\":\"Motorreizen Indonesi\u00eb boeken? Plan uw motorvakanties Indonesi\u00eb bij Ride 2 Discover. Onvergetelijke en unieke motorreizen. Volledig ontzorgd.\",\"breadcrumb\":{\"@id\":\"https:\\\/\\\/ride2discover.com\\\/motorreizen-indonesie\\\/#breadcrumb\"},\"inLanguage\":\"de-DE\",\"potentialAction\":[{\"@type\":\"ReadAction\",\"target\":[\"https:\\\/\\\/ride2discover.com\\\/motorreizen-indonesie\\\/\"]}]},{\"@type\":\"ImageObject\",\"inLanguage\":\"de-DE\",\"@id\":\"https:\\\/\\\/ride2discover.com\\\/motorreizen-indonesie\\\/#primaryimage\",\"url\":\"https:\\\/\\\/ride2discover.com\\\/wp-content\\\/uploads\\\/2020\\\/10\\\/20201120_112822-600x403.jpg\",\"contentUrl\":\"https:\\\/\\\/ride2discover.com\\\/wp-content\\\/uploads\\\/2020\\\/10\\\/20201120_112822-600x403.jpg\"},{\"@type\":\"BreadcrumbList\",\"@id\":\"https:\\\/\\\/ride2discover.com\\\/motorreizen-indonesie\\\/#breadcrumb\",\"itemListElement\":[{\"@type\":\"ListItem\",\"position\":1,\"name\":\"Home\",\"item\":\"https:\\\/\\\/ride2discover.com\\\/\"},{\"@type\":\"ListItem\",\"position\":2,\"name\":\"Motorreizen Indonesi\u00eb\"}]},{\"@type\":\"WebSite\",\"@id\":\"https:\\\/\\\/ride2discover.com\\\/#website\",\"url\":\"https:\\\/\\\/ride2discover.com\\\/\",\"name\":\"Ride 2 Discover\",\"description\":\"\",\"potentialAction\":[{\"@type\":\"SearchAction\",\"target\":{\"@type\":\"EntryPoint\",\"urlTemplate\":\"https:\\\/\\\/ride2discover.com\\\/?s={search_term_string}\"},\"query-input\":{\"@type\":\"PropertyValueSpecification\",\"valueRequired\":true,\"valueName\":\"search_term_string\"}}],\"inLanguage\":\"de-DE\"}]}<\/script>\n<!-- \/ Yoast SEO plugin. -->","yoast_head_json":{"title":"Motorradurlaub Indonesien | Motorradurlaub Indonesien | Ride2Discover","description":"Motorradurlaub Indonesien buchen? Planen Sie Ihren Motorradurlaub Indonesien bei Ride 2 Discover. Unvergessliche und einzigartige Motorradferien. V\u00f6llig sorglos.","robots":{"index":"index","follow":"follow","max-snippet":"max-snippet:-1","max-image-preview":"max-image-preview:large","max-video-preview":"max-video-preview:-1"},"canonical":"https:\/\/ride2discover.com\/de\/motorreizen-indonesie\/","og_locale":"de_DE","og_type":"article","og_title":"Motorreizen Indonesi\u00eb | Motorvakanties Indonesi\u00eb | Ride2Discover","og_description":"Motorreizen Indonesi\u00eb boeken? Plan uw motorvakanties Indonesi\u00eb bij Ride 2 Discover. Onvergetelijke en unieke motorreizen. Volledig ontzorgd.","og_url":"https:\/\/ride2discover.com\/de\/motorreizen-indonesie\/","og_site_name":"Ride 2 Discover","article_modified_time":"2023-11-08T08:34:27+00:00","og_image":[{"url":"https:\/\/ride2discover.com\/wp-content\/uploads\/2020\/10\/20201120_112822-600x403.jpg","type":"","width":"","height":""}],"twitter_card":"summary_large_image","twitter_misc":{"Gesch\u00e4tzte Lesezeit":"5 minutes"},"schema":{"@context":"https:\/\/schema.org","@graph":[{"@type":"WebPage","@id":"https:\/\/ride2discover.com\/motorreizen-indonesie\/","url":"https:\/\/ride2discover.com\/motorreizen-indonesie\/","name":"Motorradurlaub Indonesien | Motorradurlaub Indonesien | Ride2Discover","isPartOf":{"@id":"https:\/\/ride2discover.com\/#website"},"primaryImageOfPage":{"@id":"https:\/\/ride2discover.com\/motorreizen-indonesie\/#primaryimage"},"image":{"@id":"https:\/\/ride2discover.com\/motorreizen-indonesie\/#primaryimage"},"thumbnailUrl":"https:\/\/ride2discover.com\/wp-content\/uploads\/2020\/10\/20201120_112822-600x403.jpg","datePublished":"2022-12-14T13:04:31+00:00","dateModified":"2023-11-08T08:34:27+00:00","description":"Motorradurlaub Indonesien buchen? Planen Sie Ihren Motorradurlaub Indonesien bei Ride 2 Discover. Unvergessliche und einzigartige Motorradferien. V\u00f6llig sorglos.","breadcrumb":{"@id":"https:\/\/ride2discover.com\/motorreizen-indonesie\/#breadcrumb"},"inLanguage":"de-DE","potentialAction":[{"@type":"ReadAction","target":["https:\/\/ride2discover.com\/motorreizen-indonesie\/"]}]},{"@type":"ImageObject","inLanguage":"de-DE","@id":"https:\/\/ride2discover.com\/motorreizen-indonesie\/#primaryimage","url":"https:\/\/ride2discover.com\/wp-content\/uploads\/2020\/10\/20201120_112822-600x403.jpg","contentUrl":"https:\/\/ride2discover.com\/wp-content\/uploads\/2020\/10\/20201120_112822-600x403.jpg"},{"@type":"BreadcrumbList","@id":"https:\/\/ride2discover.com\/motorreizen-indonesie\/#breadcrumb","itemListElement":[{"@type":"ListItem","position":1,"name":"Home","item":"https:\/\/ride2discover.com\/"},{"@type":"ListItem","position":2,"name":"Motorreizen Indonesi\u00eb"}]},{"@type":"WebSite","@id":"https:\/\/ride2discover.com\/#website","url":"https:\/\/ride2discover.com\/","name":"Ride 2 Entdecken","description":"","potentialAction":[{"@type":"SearchAction","target":{"@type":"EntryPoint","urlTemplate":"https:\/\/ride2discover.com\/?s={search_term_string}"},"query-input":{"@type":"PropertyValueSpecification","valueRequired":true,"valueName":"search_term_string"}}],"inLanguage":"de-DE"}]}},"_links":{"self":[{"href":"https:\/\/ride2discover.com\/de\/wp-json\/wp\/v2\/pages\/1992","targetHints":{"allow":["GET"]}}],"collection":[{"href":"https:\/\/ride2discover.com\/de\/wp-json\/wp\/v2\/pages"}],"about":[{"href":"https:\/\/ride2discover.com\/de\/wp-json\/wp\/v2\/types\/page"}],"author":[{"embeddable":true,"href":"https:\/\/ride2discover.com\/de\/wp-json\/wp\/v2\/users\/8"}],"replies":[{"embeddable":true,"href":"https:\/\/ride2discover.com\/de\/wp-json\/wp\/v2\/comments?post=1992"}],"version-history":[{"count":0,"href":"https:\/\/ride2discover.com\/de\/wp-json\/wp\/v2\/pages\/1992\/revisions"}],"wp:attachment":[{"href":"https:\/\/ride2discover.com\/de\/wp-json\/wp\/v2\/media?parent=1992"}],"curies":[{"name":"wp","href":"https:\/\/api.w.org\/{rel}","templated":true}]}}