{"id":1989,"date":"2022-12-14T13:39:37","date_gmt":"2022-12-14T12:39:37","guid":{"rendered":"https:\/\/ride2discover.com\/?page_id=1989"},"modified":"2023-12-06T10:31:23","modified_gmt":"2023-12-06T09:31:23","slug":"motorreis-vietnam","status":"publish","type":"page","link":"https:\/\/ride2discover.com\/de\/motorreis-vietnam\/","title":{"rendered":"Motorradtour Vietnam"},"content":{"rendered":"<div id=\"fws_69eba0c7842c0\"  data-column-margin=\"default\" data-midnight=\"dark\"  class=\"wpb_row vc_row-fluid vc_row standard_section\"  style=\"padding-top: 0px; padding-bottom: 0px; \"><div class=\"row-bg-wrap\" data-bg-animation=\"none\" data-bg-overlay=\"false\"><div class=\"inner-wrap\"><div class=\"row-bg\"  style=\"\"><\/div><\/div><div class=\"row-bg-overlay\" ><\/div><\/div><div class=\"row_col_wrap_12 col span_12 dark left\">\n\t<div  class=\"vc_col-sm-12 wpb_column column_container vc_column_container col no-extra-padding inherit_tablet inherit_phone\"  data-t-w-inherits=\"default\" data-bg-cover=\"\" data-padding-pos=\"all\" data-has-bg-color=\"false\" data-bg-color=\"\" data-bg-opacity=\"1\" data-hover-bg=\"\" data-hover-bg-opacity=\"1\" data-animation=\"\" data-delay=\"0\" >\n\t\t<div class=\"vc_column-inner\" ><div class=\"column-bg-overlay-wrap\" data-bg-animation=\"none\"><div class=\"column-bg-overlay\"><\/div><\/div>\n\t\t\t<div class=\"wpb_wrapper\">\n\t\t\t\t<div class='nectar-post-grid-wrap' data-el-settings='{\"post_type\":\"post\",\"pagination\":\"none\",\"image_size\":\"large\",\"aspect_ratio_image_size\":\"\",\"display_categories\":\"0\",\"display_excerpt\":\"0\",\"display_date\":\"0\",\"color_overlay\":\"\",\"color_overlay_opacity\":\"0.3\",\"color_overlay_hover_opacity\":\"0.4\",\"card_bg_color\":\"\",\"grid_style\":\"content_overlaid\",\"post_title_overlay\":\"\",\"heading_tag\":\"default\"}' data-style='content_overlaid' data-query='{\"post_type\":\"post\",\"posts_per_page\":\"-1\",\"order\":\"DESC\",\"orderby\":\"date\",\"offset\":\"0\"}' data-load-more-color='black' data-load-more-text='Load More'><div class=\"nectar-post-grid-filters\" data-active-color=\"default\" data-animation=\"none\" data-sortable=\"\"><h4>Filter<\/h4><div><a href=\"#\" class=\"active all-filter\" data-total-count=\"0\" data-filter=\"-1\">Alle<\/a><\/div><\/div><div class=\"nectar-post-grid\" data-indicator=\"\" data-indicator-style=\"default\" data-indicator-color=\"#000\" data-indicator-text=\"View\" data-columns=\"4\" data-hover-effect=\"zoom\" data-text-style=\"default\" data-border-radius=\"none\" data-grid-item-height=\"30vh\" data-grid-spacing=\"none\" data-text-layout=\"all_top_left\" data-text-color=\"light\" data-text-hover-color=\"light\" data-shadow-hover=\"\" data-masonry=\"\" data-animation=\"none\" data-cat-click=\"default\"><\/div><\/div>\n\t\t\t<\/div> \n\t\t<\/div>\n\t<\/div> \n<\/div><\/div>\n\t\t<div id=\"fws_69eba0c7863b7\"  data-column-margin=\"default\" data-midnight=\"dark\"  class=\"wpb_row vc_row-fluid vc_row standard_section\"  style=\"padding-top: 0px; padding-bottom: 0px; \"><div class=\"row-bg-wrap\" data-bg-animation=\"none\" data-bg-overlay=\"false\"><div class=\"inner-wrap\"><div class=\"row-bg\"  style=\"\"><\/div><\/div><div class=\"row-bg-overlay\" ><\/div><\/div><div class=\"row_col_wrap_12 col span_12 dark left\">\n\t<div  class=\"vc_col-sm-12 wpb_column column_container vc_column_container col no-extra-padding inherit_tablet inherit_phone\"  data-t-w-inherits=\"default\" data-bg-cover=\"\" data-padding-pos=\"all\" data-has-bg-color=\"false\" data-bg-color=\"\" data-bg-opacity=\"1\" data-hover-bg=\"\" data-hover-bg-opacity=\"1\" data-animation=\"\" data-delay=\"0\" >\n\t\t<div class=\"vc_column-inner\" ><div class=\"column-bg-overlay-wrap\" data-bg-animation=\"none\"><div class=\"column-bg-overlay\"><\/div><\/div>\n\t\t\t<div class=\"wpb_wrapper\">\n\t\t\t\t\r\n<div class=\"wpb_text_column wpb_content_element\" >\r\n\t<div class=\"wpb_wrapper\">\r\n\t\t<h1 data-pm-slice=\"1 1 &#091;&#093;\">Machen Sie eine unvergessliche Motorradtour durch Vietnam!<\/h1>\n<p><img loading=\"lazy\" decoding=\"async\" class=\"alignright size-medium wp-image-139\" src=\"http:\/\/ride2discover.com\/wp-content\/uploads\/2020\/08\/vietnam3-kopie-300x225.jpg\" alt=\"\" width=\"300\" height=\"225\" srcset=\"\/\/ride2discover.com\/wp-content\/uploads\/2020\/08\/vietnam3-kopie-300x225.jpg 300w, \/\/ride2discover.com\/wp-content\/uploads\/2020\/08\/vietnam3-kopie-1024x768.jpg 1024w, \/\/ride2discover.com\/wp-content\/uploads\/2020\/08\/vietnam3-kopie-768x576.jpg 768w, \/\/ride2discover.com\/wp-content\/uploads\/2020\/08\/vietnam3-kopie-1536x1152.jpg 1536w, \/\/ride2discover.com\/wp-content\/uploads\/2020\/08\/vietnam3-kopie-2048x1536.jpg 2048w\" sizes=\"auto, (max-width: 300px) 100vw, 300px\" \/>Sie sind gerne mit dem Motorrad unterwegs und w\u00fcrden gerne mit dem Motorrad in den Urlaub fahren? Ride 2 Discover macht es m\u00f6glich! Wir bieten verschiedene einzigartige Motorradtouren an. Wie w\u00e4re es mit einer <strong>Motorradreise Vietnam<\/strong>? Diese Reise verbindet den Spa\u00df am Motorradfahren mit dem Erleben der faszinierenden asiatischen Kultur. Eine Motorradreise durch Vietnam ist eine einzigartige und unvergessliche Reise. Unabh\u00e4ngig und frei lernen Sie unter der F\u00fchrung der Ride 2 Go Crew unbekanntes Terrain kennen. Sie <strong>Motorradreise Vietnam<\/strong> wird von uns bis ins kleinste Detail organisiert. Wir \u00fcberlassen nichts dem Zufall und haben ein tolles Programm zusammengestellt. Was hat diese abwechslungsreiche Motorradreise zu bieten? Zun\u00e4chst einmal eine sch\u00f6ne Motorradtour auf sch\u00f6nen Bergstra\u00dfen, bei der Sie die herrliche Natur genie\u00dfen k\u00f6nnen. Wir meiden die gro\u00dfen Stra\u00dfen und fahren auf kurzen, abenteuerlichen Strecken, f\u00fcr die man keine Offroad-Erfahrung braucht. Sie werden traditionellen Bergv\u00f6lkern begegnen, farbenfrohe M\u00e4rkte besuchen, die vielf\u00e4ltige vietnamesische K\u00fcche kennenlernen und historische St\u00e4tten besuchen. A <em>Motorradreise Vietnam<\/em> hat viel mehr zu bieten als nur eine Motorradtour. Das vollst\u00e4ndige Programm k\u00f6nnen Sie auf dieser Website lesen.<\/p>\n<h3>Unsere Motorradtouren in Vietnam:<\/h3>\n\t<\/div>\r\n<\/div>\r\n\r\n\r\n\r\n\n\t\t\t<\/div> \n\t\t<\/div>\n\t<\/div> \n<\/div><\/div>\n\t\t<div id=\"fws_69eba0c786560\"  data-column-margin=\"default\" data-midnight=\"dark\"  class=\"wpb_row vc_row-fluid vc_row standard_section\"  style=\"padding-top: 0px; padding-bottom: 0px; \"><div class=\"row-bg-wrap\" data-bg-animation=\"none\" data-bg-overlay=\"false\"><div class=\"inner-wrap\"><div class=\"row-bg\"  style=\"\"><\/div><\/div><div class=\"row-bg-overlay\" ><\/div><\/div><div class=\"row_col_wrap_12 col span_12 dark left\">\n\t<div  class=\"vc_col-sm-12 wpb_column column_container vc_column_container col no-extra-padding inherit_tablet inherit_phone\"  data-t-w-inherits=\"default\" data-bg-cover=\"\" data-padding-pos=\"all\" data-has-bg-color=\"false\" data-bg-color=\"\" data-bg-opacity=\"1\" data-hover-bg=\"\" data-hover-bg-opacity=\"1\" data-animation=\"\" data-delay=\"0\" >\n\t\t<div class=\"vc_column-inner\" ><div class=\"column-bg-overlay-wrap\" data-bg-animation=\"none\"><div class=\"column-bg-overlay\"><\/div><\/div>\n\t\t\t<div class=\"wpb_wrapper\">\n\t\t\t\t\t\t\t\t\r\n\t\t\t\t\r\n\t\t\t\t\r\n\t\t\t\t<div class=\"portfolio-wrap\">\r\n\t\t\t\t\t\r\n\t\t\t\t\t\t\t\t\t\t\r\n\t\t\t\t\t<span class=\"portfolio-loading  spin\">   <\/span>\r\n\t\t\t\t\t\r\n\t\t\t\t\t\t\t\t\t\t\r\n\t\t\t\t\t<div class=\"row portfolio-items no-masonry\" data-rcp=\"false\" data-masonry-type=\"default\" data-ps=\"1\" data-starting-filter=\"\" data-gutter=\"default\" data-categories-to-show=\"vietnam\" data-bypass-cropping=\"\" data-lightbox-only=\"0\" data-col-num=\"cols-2\">\r\n\t\t\t\t\t\t\t\t\t\t\t\r\n\t\t\t\t<\/div><!--\/portfolio-->\r\n\t\t\t<\/div><!--\/portfolio wrap-->\r\n\t\t\t\r\n\t\t\t\n\t\t\t<\/div> \n\t\t<\/div>\n\t<\/div> \n<\/div><\/div>\n\t\t<div id=\"fws_69eba0c787b73\"  data-column-margin=\"default\" data-midnight=\"dark\"  class=\"wpb_row vc_row-fluid vc_row standard_section\"  style=\"padding-top: 0px; padding-bottom: 0px; \"><div class=\"row-bg-wrap\" data-bg-animation=\"none\" data-bg-overlay=\"false\"><div class=\"inner-wrap\"><div class=\"row-bg\"  style=\"\"><\/div><\/div><div class=\"row-bg-overlay\" ><\/div><\/div><div class=\"row_col_wrap_12 col span_12 dark left\">\n\t<div  class=\"vc_col-sm-12 wpb_column column_container vc_column_container col no-extra-padding inherit_tablet inherit_phone\"  data-t-w-inherits=\"default\" data-bg-cover=\"\" data-padding-pos=\"all\" data-has-bg-color=\"false\" data-bg-color=\"\" data-bg-opacity=\"1\" data-hover-bg=\"\" data-hover-bg-opacity=\"1\" data-animation=\"\" data-delay=\"0\" >\n\t\t<div class=\"vc_column-inner\" ><div class=\"column-bg-overlay-wrap\" data-bg-animation=\"none\"><div class=\"column-bg-overlay\"><\/div><\/div>\n\t\t\t<div class=\"wpb_wrapper\">\n\t\t\t\t\r\n<div class=\"wpb_text_column wpb_content_element\" >\r\n\t<div class=\"wpb_wrapper\">\r\n\t\t<h2 data-pm-slice=\"1 1 &#091;&#093;\">Einzigartige Erfahrung mit Motorradtour Vietnam<\/h2>\n<p data-pm-slice=\"1 1 &#091;&#093;\">Suchen Sie einen <strong>Motorradreise Vietnam<\/strong>? Dann ist Ride 2 Discover der richtige Ort f\u00fcr ein unvergessliches Abenteuer. Vietnam ist mit seinen abwechslungsreichen Landschaften - von \u00fcppigen Reisfeldern bis hin zu majest\u00e4tischen Gebirgsz\u00fcgen und wundersch\u00f6nen K\u00fcsten - ein ideales Land f\u00fcr Motorradtouren. Wenn Sie davon tr\u00e4umen, kurvenreiche Bergp\u00e4sse zu \u00fcberqueren, charmante Bergd\u00f6rfer zu erkunden und die pulsierende Atmosph\u00e4re der St\u00e4dte zu genie\u00dfen, ist Vietnam das ideale Reiseziel f\u00fcr Sie. Wir von Ride 2 Discover wissen um den einzigartigen Reiz des Motorradreisens und bieten sorgf\u00e4ltig geplante Reiserouten, die Ihnen die aufregendsten und malerischsten Gegenden Vietnams zeigen. Unsere gut gewarteten Motorr\u00e4der und professionellen Reiseleiter sorgen daf\u00fcr, dass Sie die Stra\u00dfe mit Zuversicht befahren und die Fahrt in vollen Z\u00fcgen genie\u00dfen k\u00f6nnen.<\/p>\n<h2>Abenteuer auf zwei R\u00e4dern mit einer Motorradtour durch Vietnam<\/h2>\n<p>A <em>Motorradreise Vietnam <\/em>ist nicht nur ein Abenteuer auf zwei R\u00e4dern, sondern bietet auch die M\u00f6glichkeit, tief in die reiche Kultur des Landes einzutauchen. Sie werden lokale Gemeinschaften treffen, traditionelle vietnamesische Gerichte probieren und historische St\u00e4tten erkunden. Unsere Reiseleiter geben ihr umfassendes Wissen \u00fcber Vietnam weiter und sorgen daf\u00fcr, dass Sie nicht nur die touristischen Sehensw\u00fcrdigkeiten sehen, sondern auch die verborgenen Sch\u00e4tze des Landes entdecken. Kurz gesagt, eine <strong>Motorradreise Vietnam <\/strong>mit Ride 2 Discover bietet die perfekte Mischung aus Abenteuer, Komfort und kulturellem Eintauchen. Ob Sie nun ein erfahrener Radfahrer sind oder gerade erst anfangen, Vietnam hat f\u00fcr jeden etwas zu bieten. Also schwingen Sie sich auf Ihr Fahrrad und lassen Sie sich von uns auf eine unvergessliche Reise durch die Sch\u00f6nheit und Vielfalt dieses wundersch\u00f6nen Landes mitnehmen.<\/p>\n<h2>Vorteile einer Motorradreise Vietnam<\/h2>\n<p>Die Auswahl einer <em>Motorradreise Vietnam<\/em> mit Ride 2 Discover bietet zahlreiche Vorteile. Erstens ist es der perfekte Weg, um Vietnam auf einzigartige und abenteuerliche Weise zu erkunden. Unsere sorgf\u00e4ltig ausgearbeiteten Routen f\u00fchren Sie zu den atemberaubendsten Orten, vorbei an malerischen Landschaften und durch historische St\u00e4dte. Mit uns m\u00fcssen Sie sich nicht um die Logistik k\u00fcmmern. Wir stellen Ihnen gut gewartete Motorr\u00e4der, professionelle Reiseleiter und komfortable Unterk\u00fcnfte zur Verf\u00fcgung. Der tiefgreifende kulturelle Aspekt unserer Touren erm\u00f6glicht es Ihnen, Einheimische zu treffen, authentisches Essen zu probieren und die reiche Geschichte Vietnams zu erleben. Kurz gesagt, eine Motorradreise durch Vietnam mit Ride 2 Discover bietet die perfekte Kombination aus Abenteuer, Komfort und kulturellem Eintauchen f\u00fcr eine unvergessliche Reise. M\u00f6chten Sie mehr \u00fcber dieses einzigartige Erlebnis erfahren? Schauen Sie doch einfach mal auf diese Website. Lassen Sie sich \u00fcberraschen und inspirieren von den angebotenen Reisen.<\/p>\n\t<\/div>\r\n<\/div>\r\n\r\n\r\n\r\n\n\t\t\t<\/div> \n\t\t<\/div>\n\t<\/div> \n<\/div><\/div>","protected":false},"excerpt":{"rendered":"FilterAll Machen Sie eine unvergessliche Motorradtour durch Vietnam! Sie sind gerne mit dem Motorrad unterwegs und w\u00fcrden gerne mit dem Motorrad in den Urlaub fahren? Ride 2 Discover macht es m\u00f6glich! Wir bieten verschiedene...","protected":false},"author":8,"featured_media":0,"parent":0,"menu_order":0,"comment_status":"closed","ping_status":"closed","template":"","meta":{"footnotes":""},"class_list":["post-1989","page","type-page","status-publish"],"yoast_head":"<!-- This site is optimized with the Yoast SEO plugin v27.4 - https:\/\/yoast.com\/product\/yoast-seo-wordpress\/ -->\n<title>Motorreis Vietnam | Motorvakantie Vietnam | Ride2Discover<\/title>\n<meta name=\"description\" content=\"Motorreis Vietnam boeken? Plan uw motorvakantie Vietnam bij Ride 2 Discover. Onvergetelijke en unieke motorreizen. Volledig ontzorgd.\" \/>\n<meta name=\"robots\" content=\"index, follow, max-snippet:-1, max-image-preview:large, max-video-preview:-1\" \/>\n<link rel=\"canonical\" href=\"https:\/\/ride2discover.com\/de\/motorreis-vietnam\/\" \/>\n<meta property=\"og:locale\" content=\"de_DE\" \/>\n<meta property=\"og:type\" content=\"article\" \/>\n<meta property=\"og:title\" content=\"Motorreis Vietnam | Motorvakantie Vietnam | Ride2Discover\" \/>\n<meta property=\"og:description\" content=\"Motorreis Vietnam boeken? Plan uw motorvakantie Vietnam bij Ride 2 Discover. Onvergetelijke en unieke motorreizen. Volledig ontzorgd.\" \/>\n<meta property=\"og:url\" content=\"https:\/\/ride2discover.com\/de\/motorreis-vietnam\/\" \/>\n<meta property=\"og:site_name\" content=\"Ride 2 Discover\" \/>\n<meta property=\"article:modified_time\" content=\"2023-12-06T09:31:23+00:00\" \/>\n<meta property=\"og:image\" content=\"http:\/\/ride2discover.com\/wp-content\/uploads\/2020\/08\/vietnam3-kopie-300x225.jpg\" \/>\n<meta name=\"twitter:card\" content=\"summary_large_image\" \/>\n<meta name=\"twitter:label1\" content=\"Gesch\u00e4tzte Lesezeit\" \/>\n\t<meta name=\"twitter:data1\" content=\"4 minutes\" \/>\n<script type=\"application\/ld+json\" class=\"yoast-schema-graph\">{\"@context\":\"https:\\\/\\\/schema.org\",\"@graph\":[{\"@type\":\"WebPage\",\"@id\":\"https:\\\/\\\/ride2discover.com\\\/motorreis-vietnam\\\/\",\"url\":\"https:\\\/\\\/ride2discover.com\\\/motorreis-vietnam\\\/\",\"name\":\"Motorreis Vietnam | Motorvakantie Vietnam | Ride2Discover\",\"isPartOf\":{\"@id\":\"https:\\\/\\\/ride2discover.com\\\/#website\"},\"primaryImageOfPage\":{\"@id\":\"https:\\\/\\\/ride2discover.com\\\/motorreis-vietnam\\\/#primaryimage\"},\"image\":{\"@id\":\"https:\\\/\\\/ride2discover.com\\\/motorreis-vietnam\\\/#primaryimage\"},\"thumbnailUrl\":\"http:\\\/\\\/ride2discover.com\\\/wp-content\\\/uploads\\\/2020\\\/08\\\/vietnam3-kopie-300x225.jpg\",\"datePublished\":\"2022-12-14T12:39:37+00:00\",\"dateModified\":\"2023-12-06T09:31:23+00:00\",\"description\":\"Motorreis Vietnam boeken? Plan uw motorvakantie Vietnam bij Ride 2 Discover. Onvergetelijke en unieke motorreizen. Volledig ontzorgd.\",\"breadcrumb\":{\"@id\":\"https:\\\/\\\/ride2discover.com\\\/motorreis-vietnam\\\/#breadcrumb\"},\"inLanguage\":\"de-DE\",\"potentialAction\":[{\"@type\":\"ReadAction\",\"target\":[\"https:\\\/\\\/ride2discover.com\\\/motorreis-vietnam\\\/\"]}]},{\"@type\":\"ImageObject\",\"inLanguage\":\"de-DE\",\"@id\":\"https:\\\/\\\/ride2discover.com\\\/motorreis-vietnam\\\/#primaryimage\",\"url\":\"http:\\\/\\\/ride2discover.com\\\/wp-content\\\/uploads\\\/2020\\\/08\\\/vietnam3-kopie-300x225.jpg\",\"contentUrl\":\"http:\\\/\\\/ride2discover.com\\\/wp-content\\\/uploads\\\/2020\\\/08\\\/vietnam3-kopie-300x225.jpg\"},{\"@type\":\"BreadcrumbList\",\"@id\":\"https:\\\/\\\/ride2discover.com\\\/motorreis-vietnam\\\/#breadcrumb\",\"itemListElement\":[{\"@type\":\"ListItem\",\"position\":1,\"name\":\"Home\",\"item\":\"https:\\\/\\\/ride2discover.com\\\/\"},{\"@type\":\"ListItem\",\"position\":2,\"name\":\"Motorreis Vietnam\"}]},{\"@type\":\"WebSite\",\"@id\":\"https:\\\/\\\/ride2discover.com\\\/#website\",\"url\":\"https:\\\/\\\/ride2discover.com\\\/\",\"name\":\"Ride 2 Discover\",\"description\":\"\",\"potentialAction\":[{\"@type\":\"SearchAction\",\"target\":{\"@type\":\"EntryPoint\",\"urlTemplate\":\"https:\\\/\\\/ride2discover.com\\\/?s={search_term_string}\"},\"query-input\":{\"@type\":\"PropertyValueSpecification\",\"valueRequired\":true,\"valueName\":\"search_term_string\"}}],\"inLanguage\":\"de-DE\"}]}<\/script>\n<!-- \/ Yoast SEO plugin. -->","yoast_head_json":{"title":"Motorradtour Vietnam | Motorradurlaub Vietnam | Ride2Discover","description":"Motorradurlaub in Vietnam buchen? Planen Sie Ihren Motorradurlaub in Vietnam mit Ride 2 Discover. Unvergessliche und einzigartige Motorradtouren. V\u00f6llig sorglos.","robots":{"index":"index","follow":"follow","max-snippet":"max-snippet:-1","max-image-preview":"max-image-preview:large","max-video-preview":"max-video-preview:-1"},"canonical":"https:\/\/ride2discover.com\/de\/motorreis-vietnam\/","og_locale":"de_DE","og_type":"article","og_title":"Motorreis Vietnam | Motorvakantie Vietnam | Ride2Discover","og_description":"Motorreis Vietnam boeken? Plan uw motorvakantie Vietnam bij Ride 2 Discover. Onvergetelijke en unieke motorreizen. Volledig ontzorgd.","og_url":"https:\/\/ride2discover.com\/de\/motorreis-vietnam\/","og_site_name":"Ride 2 Discover","article_modified_time":"2023-12-06T09:31:23+00:00","og_image":[{"url":"http:\/\/ride2discover.com\/wp-content\/uploads\/2020\/08\/vietnam3-kopie-300x225.jpg","type":"","width":"","height":""}],"twitter_card":"summary_large_image","twitter_misc":{"Gesch\u00e4tzte Lesezeit":"4 minutes"},"schema":{"@context":"https:\/\/schema.org","@graph":[{"@type":"WebPage","@id":"https:\/\/ride2discover.com\/motorreis-vietnam\/","url":"https:\/\/ride2discover.com\/motorreis-vietnam\/","name":"Motorradtour Vietnam | Motorradurlaub Vietnam | Ride2Discover","isPartOf":{"@id":"https:\/\/ride2discover.com\/#website"},"primaryImageOfPage":{"@id":"https:\/\/ride2discover.com\/motorreis-vietnam\/#primaryimage"},"image":{"@id":"https:\/\/ride2discover.com\/motorreis-vietnam\/#primaryimage"},"thumbnailUrl":"http:\/\/ride2discover.com\/wp-content\/uploads\/2020\/08\/vietnam3-kopie-300x225.jpg","datePublished":"2022-12-14T12:39:37+00:00","dateModified":"2023-12-06T09:31:23+00:00","description":"Motorradurlaub in Vietnam buchen? Planen Sie Ihren Motorradurlaub in Vietnam mit Ride 2 Discover. Unvergessliche und einzigartige Motorradtouren. V\u00f6llig sorglos.","breadcrumb":{"@id":"https:\/\/ride2discover.com\/motorreis-vietnam\/#breadcrumb"},"inLanguage":"de-DE","potentialAction":[{"@type":"ReadAction","target":["https:\/\/ride2discover.com\/motorreis-vietnam\/"]}]},{"@type":"ImageObject","inLanguage":"de-DE","@id":"https:\/\/ride2discover.com\/motorreis-vietnam\/#primaryimage","url":"http:\/\/ride2discover.com\/wp-content\/uploads\/2020\/08\/vietnam3-kopie-300x225.jpg","contentUrl":"http:\/\/ride2discover.com\/wp-content\/uploads\/2020\/08\/vietnam3-kopie-300x225.jpg"},{"@type":"BreadcrumbList","@id":"https:\/\/ride2discover.com\/motorreis-vietnam\/#breadcrumb","itemListElement":[{"@type":"ListItem","position":1,"name":"Home","item":"https:\/\/ride2discover.com\/"},{"@type":"ListItem","position":2,"name":"Motorreis Vietnam"}]},{"@type":"WebSite","@id":"https:\/\/ride2discover.com\/#website","url":"https:\/\/ride2discover.com\/","name":"Ride 2 Entdecken","description":"","potentialAction":[{"@type":"SearchAction","target":{"@type":"EntryPoint","urlTemplate":"https:\/\/ride2discover.com\/?s={search_term_string}"},"query-input":{"@type":"PropertyValueSpecification","valueRequired":true,"valueName":"search_term_string"}}],"inLanguage":"de-DE"}]}},"_links":{"self":[{"href":"https:\/\/ride2discover.com\/de\/wp-json\/wp\/v2\/pages\/1989","targetHints":{"allow":["GET"]}}],"collection":[{"href":"https:\/\/ride2discover.com\/de\/wp-json\/wp\/v2\/pages"}],"about":[{"href":"https:\/\/ride2discover.com\/de\/wp-json\/wp\/v2\/types\/page"}],"author":[{"embeddable":true,"href":"https:\/\/ride2discover.com\/de\/wp-json\/wp\/v2\/users\/8"}],"replies":[{"embeddable":true,"href":"https:\/\/ride2discover.com\/de\/wp-json\/wp\/v2\/comments?post=1989"}],"version-history":[{"count":0,"href":"https:\/\/ride2discover.com\/de\/wp-json\/wp\/v2\/pages\/1989\/revisions"}],"wp:attachment":[{"href":"https:\/\/ride2discover.com\/de\/wp-json\/wp\/v2\/media?parent=1989"}],"curies":[{"name":"wp","href":"https:\/\/api.w.org\/{rel}","templated":true}]}}